{"id":29531,"date":"2022-04-15T14:12:34","date_gmt":"2022-04-15T14:12:34","guid":{"rendered":"https:\/\/www.plagiocefalia.com\/vamos-falar-de-braquifalia\/"},"modified":"2023-04-06T08:35:58","modified_gmt":"2023-04-06T08:35:58","slug":"vamos-falar-de-braquicefalia","status":"publish","type":"page","link":"https:\/\/www.plagiocefalia.com\/pt-pt\/vamos-falar-de-braquicefalia\/","title":{"rendered":"Vamos falar de braquicefalia"},"content":{"rendered":"\t\t<div data-elementor-type=\"wp-page\" data-elementor-id=\"29531\" class=\"elementor elementor-29531 elementor-19263\" data-elementor-post-type=\"page\">\n\t\t\t\t\t\t<section class=\"elementor-section elementor-top-section elementor-element elementor-element-aef3aa4 elementor-section-boxed elementor-section-height-default elementor-section-height-default\" data-id=\"aef3aa4\" data-element_type=\"section\" data-e-type=\"section\">\n\t\t\t\t\t\t<div class=\"elementor-container elementor-column-gap-default\">\n\t\t\t\t\t<div class=\"elementor-column elementor-col-100 elementor-top-column elementor-element elementor-element-8cbaf33\" data-id=\"8cbaf33\" data-element_type=\"column\" data-e-type=\"column\">\n\t\t\t<div class=\"elementor-widget-wrap elementor-element-populated\">\n\t\t\t\t\t\t<div class=\"elementor-element elementor-element-84c290a elementor-widget elementor-widget-html\" data-id=\"84c290a\" data-element_type=\"widget\" data-e-type=\"widget\" data-widget_type=\"html.default\">\n\t\t\t\t<div class=\"elementor-widget-container\">\n\t\t\t\t\t<center><h2><FONT COLOR=\"#014F99\">Vamos falar de braquicefalia<\/FONT><\/h2><\/center>\t\t\t\t<\/div>\n\t\t\t\t<\/div>\n\t\t\t\t\t<\/div>\n\t\t<\/div>\n\t\t\t\t\t<\/div>\n\t\t<\/section>\n\t\t\t\t<section class=\"elementor-section elementor-top-section elementor-element elementor-element-6f62da31 elementor-section-boxed elementor-section-height-default elementor-section-height-default\" data-id=\"6f62da31\" data-element_type=\"section\" data-e-type=\"section\">\n\t\t\t\t\t\t<div class=\"elementor-container elementor-column-gap-default\">\n\t\t\t\t\t<div class=\"elementor-column elementor-col-100 elementor-top-column elementor-element elementor-element-71c09355\" data-id=\"71c09355\" data-element_type=\"column\" data-e-type=\"column\">\n\t\t\t<div class=\"elementor-widget-wrap elementor-element-populated\">\n\t\t\t\t\t\t<div class=\"elementor-element elementor-element-77428148 elementor-widget elementor-widget-text-editor\" data-id=\"77428148\" data-element_type=\"widget\" data-e-type=\"widget\" data-widget_type=\"text-editor.default\">\n\t\t\t\t<div class=\"elementor-widget-container\">\n\t\t\t\t\t\t\t\t\t<figure class=\"wp-block-image aligncenter size-large\"><img fetchpriority=\"high\" decoding=\"async\" width=\"371\" height=\"234\" class=\"wp-image-4840\" src=\"https:\/\/www.plagiocefalia.com\/wp-content\/uploads\/2019\/08\/resultados-con-doc-band-bebe-braquiocefalia.jpg\" alt=\"braquicefalia\" srcset=\"https:\/\/www.plagiocefalia.com\/wp-content\/uploads\/2019\/08\/resultados-con-doc-band-bebe-braquiocefalia.jpg 371w, https:\/\/www.plagiocefalia.com\/wp-content\/uploads\/2019\/08\/resultados-con-doc-band-bebe-braquiocefalia-300x189.jpg 300w\" sizes=\"(max-width: 371px) 100vw, 371px\" \/><figcaption>Antes (CI 104.01) e depois (CI 90) da DOC Band\u00ae<\/figcaption><\/figure><p><em>&#8220;S\u00edndrome da cabe\u00e7a plana&#8221;<\/em> \u00e9 um nome frequentemente usado para descrever <strong><a href=\"https:\/\/www.plagiocefalia.com\/pt-pt\/plagiocefalia\/\"><mark class=\"has-inline-color has-vivid-cyan-blue-color\" style=\"background-color: rgba(0, 0, 0, 0);\">plagiocefalia<\/mark><\/a> e <a href=\"https:\/\/www.plagiocefalia.com\/pt-pt\/braquicefalia\/\"><mark class=\"has-inline-color has-vivid-cyan-blue-color\" style=\"background-color: rgba(0, 0, 0, 0);\">braquicefalia<\/mark><\/a><\/strong>, e menos prov\u00e1vel, escafocefalia. Nesta ocasi\u00e3o, queremos focar-nos na braquifalia, uma vez que difere da plagiocefalia e \u00e9 bom ser claro sobre o que as diferencia.<\/p><p>A braquifalia, como j\u00e1 mencionamos, \u00e9 uma deformidade craniana que \u00e9 diagnosticada quando a parte de tr\u00e1s da cabe\u00e7a de um beb\u00e9 \u00e9 simetricamente achatada.<\/p><p>Uma das principais causas da apar\u00eancia \u00e9 <strong>quando o pequenino permanece adormecido por muito tempo.<\/strong> A sua testa parece mais curta do que o normal, as suas orelhas podem sobressa\u00edr em ambos os lados, e o seu rosto tamb\u00e9m pode ser mais largo do que o habitual. Se a largura do cr\u00e2nio (de orelha a orelha) exceder 81% do comprimento da testa at\u00e9 \u00e0 nuca, confirma-se uma caixa de braquicefalia.<\/p><p>Para o evitar, pode ser o suficiente <strong>para reposicionar o beb\u00e9 e coloc\u00e1-lo de lado enquanto dorme<\/strong> para n\u00e3o exercer demasiada press\u00e3o nas costas, embora ao primeiro ind\u00edcio de que uma crian\u00e7a tem uma forma diferente da cabe\u00e7a, deve dirigir-se ao especialista.<\/p><p>Tanto a plagiocefalia como a braquifalia podem ser corrigidas se diagnosticadas precocemente. No in\u00edcio, o reposicionamento \u00e9 geralmente suficiente, no entanto, em casos mais graves e se o sexto m\u00eas for ultrapassado, o<strong> <a href=\"https:\/\/www.plagiocefalia.com\/pt-pt\/tratamento-para-plagiocefalia\/\"><mark class=\"has-inline-color has-vivid-cyan-blue-color\" style=\"background-color: rgba(0, 0, 0, 0);\">tratamento DOC Band\u00ae<\/mark>,<\/a> <\/strong>um capacete ortop\u00e9dico que corrige eficazmente o problema, \u00e9 o mais utilizado em todo o mundo.<\/p><h2 style=\"text-align: center;\"><span style=\"color: #014f99;\">Diferen\u00e7as entre plagiocefalia e braquicefalia<\/span><\/h2><figure class=\"wp-block-image aligncenter size-full\"><img decoding=\"async\" width=\"728\" height=\"279\" class=\"wp-image-37484\" src=\"https:\/\/www.plagiocefalia.com\/wp-content\/uploads\/2022\/09\/Screenshot-2022-09-06-at-14.25.56.png\" alt=\"braquicefalia portugal\" srcset=\"https:\/\/www.plagiocefalia.com\/wp-content\/uploads\/2022\/09\/Screenshot-2022-09-06-at-14.25.56.png 728w, https:\/\/www.plagiocefalia.com\/wp-content\/uploads\/2022\/09\/Screenshot-2022-09-06-at-14.25.56-300x115.png 300w\" sizes=\"(max-width: 728px) 100vw, 728px\" \/><\/figure><figure class=\"wp-block-image aligncenter size-full\"><img decoding=\"async\" class=\"alignnone wp-image-37301\" src=\"https:\/\/www.plagiocefalia.com\/wp-content\/uploads\/2022\/09\/Screenshot-2022-09-05-at-12.53.48.png\" alt=\"gravidade da plagiocefalia\" width=\"728\" height=\"271\" srcset=\"https:\/\/www.plagiocefalia.com\/wp-content\/uploads\/2022\/09\/Screenshot-2022-09-05-at-12.53.48.png 757w, https:\/\/www.plagiocefalia.com\/wp-content\/uploads\/2022\/09\/Screenshot-2022-09-05-at-12.53.48-300x112.png 300w\" sizes=\"(max-width: 728px) 100vw, 728px\" \/><\/figure><p>Para diferenciar as duas deforma\u00e7\u00f5es, basta fazer uma s\u00e9rie de medi\u00e7\u00f5es no cr\u00e2nio da crian\u00e7a. No caso da plagiofalia, <strong>o n\u00edvel de assimetria do cr\u00e2nio deve ser determinado,<\/strong>na braquicefalia a cabe\u00e7a \u00e9 medida de orelha a orelha e da frente \u00e0 nuca, porque a deforma\u00e7\u00e3o \u00e9 mais ou menos sim\u00e9trica.<\/p><p>A p\u00e1gina seguinte pode gui\u00e1-lo a <a href=\"https:\/\/www.plagiocefalia.com\/pt-pt\/como-sei-se-o-meu-bebe-tem-plagiocefalia\/\" data-type=\"page\" data-id=\"21317\"><mark class=\"has-inline-color has-vivid-cyan-blue-color\" style=\"background-color: rgba(0, 0, 0, 0);\"><strong>saber se o seu beb\u00e9 sofre de braquicefalia<\/strong><\/mark><\/a>, ou alguma outra malforma\u00e7\u00e3o craniana.<\/p><p><strong><a href=\"https:\/\/www.plagiocefalia.com\/pt-pt\/braquicefalia\/\" data-type=\"page\" data-id=\"18609\"><mark class=\"has-inline-color has-vivid-cyan-blue-color\" style=\"background-color: rgba(0, 0, 0, 0);\">A braquicefalia<\/mark><\/a><\/strong> causa um achatamento quase sim\u00e9trico da parte de tr\u00e1s do cr\u00e2nio de uma crian\u00e7a, muitas vezes levando a uma altura exagerada na parte de tr\u00e1s do cr\u00e2nio e talvez tamb\u00e9m a uma forma alterada da testa.<\/p><p>Como sempre dizemos, antes de qualquer altera\u00e7\u00e3o na posi\u00e7\u00e3o da cabe\u00e7a do seu filho, dirija-se a um m\u00e9dico especialista para corrigir qualquer problema. H\u00e1 uma solu\u00e7\u00e3o, mas deve ser exercida cautela.<\/p><p>Para obter mais informa\u00e7\u00f5es sobre <a href=\"https:\/\/www.plagiocefalia.com\/pt-pt\/tratamento-para-plagiocefalia\/\"><mark class=\"has-inline-color has-vivid-cyan-blue-color\" style=\"background-color: rgba(0, 0, 0, 0);\"><strong>terapias para tratamento<\/strong><\/mark><\/a> , a vasta experi\u00eancia profissional da <a href=\"https:\/\/www.plagiocefalia.com\/pt-pt\/equipe-medica\/\"><strong><mark class=\"has-inline-color has-vivid-cyan-blue-color\" style=\"background-color: rgba(0, 0, 0, 0);\">nossa equipa<\/mark><\/strong><\/a> (mais de 35 anos e mais de 4.000 pacientes tratados com sucesso), ou qualquer informa\u00e7\u00e3o sobre <a href=\"https:\/\/www.plagiocefalia.com\/pt-pt\/malformacoes-cranianas-e-a-sua-detecao-precoce\/\" data-type=\"post\" data-id=\"29517\"><mark class=\"has-inline-color has-vivid-cyan-blue-color\" style=\"background-color: rgba(0, 0, 0, 0);\"><strong>deformidades cranianas<\/strong><\/mark><\/a>, n\u00e3o hesite em <a href=\"https:\/\/www.plagiocefalia.com\/pt-pt\/centros-doc-band\/\"><mark class=\"has-inline-color has-vivid-cyan-blue-color\" style=\"background-color: rgba(0, 0, 0, 0);\"><strong>contactar os nossos centros<\/strong><\/mark><\/a>.<\/p>\t\t\t\t\t\t\t\t<\/div>\n\t\t\t\t<\/div>\n\t\t\t\t\t<\/div>\n\t\t<\/div>\n\t\t\t\t\t<\/div>\n\t\t<\/section>\n\t\t\t\t<section class=\"elementor-section elementor-top-section elementor-element elementor-element-ef0fb36 elementor-section-boxed elementor-section-height-default elementor-section-height-default\" data-id=\"ef0fb36\" data-element_type=\"section\" data-e-type=\"section\">\n\t\t\t\t\t\t<div class=\"elementor-container elementor-column-gap-default\">\n\t\t\t\t\t<div class=\"elementor-column elementor-col-100 elementor-top-column elementor-element elementor-element-f76d636\" data-id=\"f76d636\" data-element_type=\"column\" data-e-type=\"column\">\n\t\t\t<div class=\"elementor-widget-wrap elementor-element-populated\">\n\t\t\t\t\t\t<div class=\"elementor-element elementor-element-5d6d52a elementor-widget elementor-widget-html\" data-id=\"5d6d52a\" data-element_type=\"widget\" data-e-type=\"widget\" data-widget_type=\"html.default\">\n\t\t\t\t<div class=\"elementor-widget-container\">\n\t\t\t\t\t<h4><center><a href=\"https:\/\/www.plagiocefalia.com\/pt-pt\/feedback-tratamento-capacete-doc-band\/\"><strong><span style=\"color: #993300;\"> Feedback dos pais <\/span><\/a><\/center><\/h4>\t\t\t\t<\/div>\n\t\t\t\t<\/div>\n\t\t\t\t\t<\/div>\n\t\t<\/div>\n\t\t\t\t\t<\/div>\n\t\t<\/section>\n\t\t\t\t<\/div>\n\t\t","protected":false},"excerpt":{"rendered":"<p>Vamos falar de braquicefalia Antes (CI 104.01) e depois (CI 90) da DOC Band\u00ae &#8220;S\u00edndrome da cabe\u00e7a plana&#8221; \u00e9 um nome frequentemente usado para descrever plagiocefalia e braquicefalia, e menos prov\u00e1vel, escafocefalia. Nesta ocasi\u00e3o, queremos focar-nos na braquifalia, uma vez que difere da plagiocefalia e \u00e9 bom ser claro sobre o que as diferencia. A [&hellip;]<\/p>\n","protected":false},"author":1,"featured_media":19269,"parent":0,"menu_order":0,"comment_status":"closed","ping_status":"open","template":"","meta":{"footnotes":""},"class_list":["post-29531","page","type-page","status-publish","has-post-thumbnail","hentry"],"_links":{"self":[{"href":"https:\/\/www.plagiocefalia.com\/pt-pt\/wp-json\/wp\/v2\/pages\/29531","targetHints":{"allow":["GET"]}}],"collection":[{"href":"https:\/\/www.plagiocefalia.com\/pt-pt\/wp-json\/wp\/v2\/pages"}],"about":[{"href":"https:\/\/www.plagiocefalia.com\/pt-pt\/wp-json\/wp\/v2\/types\/page"}],"author":[{"embeddable":true,"href":"https:\/\/www.plagiocefalia.com\/pt-pt\/wp-json\/wp\/v2\/users\/1"}],"replies":[{"embeddable":true,"href":"https:\/\/www.plagiocefalia.com\/pt-pt\/wp-json\/wp\/v2\/comments?post=29531"}],"version-history":[{"count":13,"href":"https:\/\/www.plagiocefalia.com\/pt-pt\/wp-json\/wp\/v2\/pages\/29531\/revisions"}],"predecessor-version":[{"id":47849,"href":"https:\/\/www.plagiocefalia.com\/pt-pt\/wp-json\/wp\/v2\/pages\/29531\/revisions\/47849"}],"wp:featuredmedia":[{"embeddable":true,"href":"https:\/\/www.plagiocefalia.com\/pt-pt\/wp-json\/wp\/v2\/media\/19269"}],"wp:attachment":[{"href":"https:\/\/www.plagiocefalia.com\/pt-pt\/wp-json\/wp\/v2\/media?parent=29531"}],"curies":[{"name":"wp","href":"https:\/\/api.w.org\/{rel}","templated":true}]}}