{"id":29513,"date":"2022-04-15T13:34:47","date_gmt":"2022-04-15T13:34:47","guid":{"rendered":"https:\/\/www.plagiocefalia.com\/ate-que-idade-a-plagiocefalia-pode-ser-corrigida\/"},"modified":"2024-10-29T22:34:28","modified_gmt":"2024-10-29T22:34:28","slug":"ate-que-idade-pode-ser-resolvida-a-plagiocefalia","status":"publish","type":"page","link":"https:\/\/www.plagiocefalia.com\/pt-pt\/ate-que-idade-pode-ser-resolvida-a-plagiocefalia\/","title":{"rendered":"At\u00e9 que idade pode ser resolvida a plagiocefalia?"},"content":{"rendered":"\t\t<div data-elementor-type=\"wp-page\" data-elementor-id=\"29513\" class=\"elementor elementor-29513 elementor-19832\" data-elementor-post-type=\"page\">\n\t\t\t\t\t\t<section class=\"elementor-section elementor-top-section elementor-element elementor-element-b851074 elementor-section-boxed elementor-section-height-default elementor-section-height-default\" data-id=\"b851074\" data-element_type=\"section\" data-e-type=\"section\">\n\t\t\t\t\t\t<div class=\"elementor-container elementor-column-gap-default\">\n\t\t\t\t\t<div class=\"elementor-column elementor-col-100 elementor-top-column elementor-element elementor-element-974a335\" data-id=\"974a335\" data-element_type=\"column\" data-e-type=\"column\">\n\t\t\t<div class=\"elementor-widget-wrap elementor-element-populated\">\n\t\t\t\t\t\t<div class=\"elementor-element elementor-element-5e35947 elementor-widget elementor-widget-html\" data-id=\"5e35947\" data-element_type=\"widget\" data-e-type=\"widget\" data-widget_type=\"html.default\">\n\t\t\t\t<div class=\"elementor-widget-container\">\n\t\t\t\t\t<center><h1><font color=\"#014F99\">At\u00e9 que idade pode ser resolvida a plagiocefalia?<\/font><\/h1><\/center>\n\n\t\t\t\t<\/div>\n\t\t\t\t<\/div>\n\t\t\t\t\t<\/div>\n\t\t<\/div>\n\t\t\t\t\t<\/div>\n\t\t<\/section>\n\t\t\t\t<section class=\"elementor-section elementor-top-section elementor-element elementor-element-246f071 elementor-section-boxed elementor-section-height-default elementor-section-height-default\" data-id=\"246f071\" data-element_type=\"section\" data-e-type=\"section\">\n\t\t\t\t\t\t<div class=\"elementor-container elementor-column-gap-default\">\n\t\t\t\t\t<div class=\"elementor-column elementor-col-50 elementor-top-column elementor-element elementor-element-47c8484\" data-id=\"47c8484\" data-element_type=\"column\" data-e-type=\"column\">\n\t\t\t<div class=\"elementor-widget-wrap elementor-element-populated\">\n\t\t\t\t\t\t<div class=\"elementor-element elementor-element-3ff8447 elementor-widget elementor-widget-text-editor\" data-id=\"3ff8447\" data-element_type=\"widget\" data-e-type=\"widget\" data-widget_type=\"text-editor.default\">\n\t\t\t\t<div class=\"elementor-widget-container\">\n\t\t\t\t\t\t\t\t\t<p>A quest\u00e3o de at\u00e9 que idade a plagiocefalia pode ser corrigida \u00e9 provavelmente uma das quest\u00f5es mais frequentemente colocadas em rela\u00e7\u00e3o \u00e0 <a href=\"https:\/\/www.plagiocefalia.com\/pt-pt\/deformidades-cranianas-em-bebes\/\"><strong><mark class=\"has-inline-color has-vivid-cyan-blue-color\" style=\"background-color: rgba(0, 0, 0, 0);\">malforma\u00e7\u00f5es cranianas em beb\u00e9s<\/mark><\/strong><\/a>.<\/p>\n<p><\/p>\n<p>Em regra, as pequenas assimetrias cranianas s\u00e3o perfeitamente naturais.<\/p>\n<p><\/p>\n<p>No entanto, quando esta assimetria ocorre em n\u00edveis mais elevados e a assimetria \u00e9 severa, \u00e9 quando j\u00e1 podemos falar de plagiocephaly e trat\u00e1-la em conformidade. <\/p>\n<p><\/p>\n<p>Como sempre dizemos, em caso de qualquer d\u00favida ou suspeita de que o nosso beb\u00e9 tem uma forma incomum na cabe\u00e7a, ir ao m\u00e9dico \u00e9 essencial.  <\/p>\n<p><\/p>\n<p>N\u00f3s, os especialistas m\u00e9dicos, temos uma s\u00e9rie de par\u00e2metros e medidas que nos permitem determinar se h\u00e1 ou n\u00e3o alguma deforma\u00e7\u00e3o que precisa de ser tratada. <\/p>\n<p><\/p>\n<p><\/p>\n<figure class=\"wp-block-image size-full\"><\/figure>\t\t\t\t\t\t\t\t<\/div>\n\t\t\t\t<\/div>\n\t\t\t\t\t<\/div>\n\t\t<\/div>\n\t\t\t\t<div class=\"elementor-column elementor-col-50 elementor-top-column elementor-element elementor-element-cd143a6\" data-id=\"cd143a6\" data-element_type=\"column\" data-e-type=\"column\">\n\t\t\t<div class=\"elementor-widget-wrap elementor-element-populated\">\n\t\t\t\t\t\t<div class=\"elementor-element elementor-element-98f9c37 elementor-widget elementor-widget-text-editor\" data-id=\"98f9c37\" data-element_type=\"widget\" data-e-type=\"widget\" data-widget_type=\"text-editor.default\">\n\t\t\t\t<div class=\"elementor-widget-container\">\n\t\t\t\t\t\t\t\t\t<figure class=\"wp-block-image aligncenter size-large is-resized\"><img fetchpriority=\"high\" decoding=\"async\" class=\"alignnone wp-image-19498\" src=\"https:\/\/www.plagiocefalia.com\/wp-content\/uploads\/2020\/04\/bebe-2763920_1280-4-1024x818.jpg\" alt=\"At\u00e9 que idade pode ser resolvida a plagiocefalia\" width=\"512\" height=\"409\" srcset=\"https:\/\/www.plagiocefalia.com\/wp-content\/uploads\/2020\/04\/bebe-2763920_1280-4-1024x818.jpg 1024w, https:\/\/www.plagiocefalia.com\/wp-content\/uploads\/2020\/04\/bebe-2763920_1280-4-300x240.jpg 300w, https:\/\/www.plagiocefalia.com\/wp-content\/uploads\/2020\/04\/bebe-2763920_1280-4-768x614.jpg 768w, https:\/\/www.plagiocefalia.com\/wp-content\/uploads\/2020\/04\/bebe-2763920_1280-4.jpg 1280w\" sizes=\"(max-width: 512px) 100vw, 512px\" \/><\/figure>\t\t\t\t\t\t\t\t<\/div>\n\t\t\t\t<\/div>\n\t\t\t\t\t<\/div>\n\t\t<\/div>\n\t\t\t\t\t<\/div>\n\t\t<\/section>\n\t\t\t\t<section class=\"elementor-section elementor-top-section elementor-element elementor-element-a97a5ea elementor-section-boxed elementor-section-height-default elementor-section-height-default\" data-id=\"a97a5ea\" data-element_type=\"section\" data-e-type=\"section\">\n\t\t\t\t\t\t<div class=\"elementor-container elementor-column-gap-default\">\n\t\t\t\t\t<div class=\"elementor-column elementor-col-100 elementor-top-column elementor-element elementor-element-1765068\" data-id=\"1765068\" data-element_type=\"column\" data-e-type=\"column\">\n\t\t\t<div class=\"elementor-widget-wrap elementor-element-populated\">\n\t\t\t\t\t\t<div class=\"elementor-element elementor-element-69b939e elementor-widget elementor-widget-text-editor\" data-id=\"69b939e\" data-element_type=\"widget\" data-e-type=\"widget\" data-widget_type=\"text-editor.default\">\n\t\t\t\t<div class=\"elementor-widget-container\">\n\t\t\t\t\t\t\t\t\t<p style=\"text-align: left;\">A plagiocefalia aparece como consequ\u00eancia da fragilidade e maleabilidade do cr\u00e2nio dos beb\u00e9s.<\/p><p><img decoding=\"async\" class=\"aligncenter wp-image-37306 size-full\" src=\"https:\/\/www.plagiocefalia.com\/wp-content\/uploads\/2022\/09\/Screenshot-2022-09-05-at-12.53.48.png\" alt=\"gravida da plagiocefalia\" width=\"757\" height=\"282\" srcset=\"https:\/\/www.plagiocefalia.com\/wp-content\/uploads\/2022\/09\/Screenshot-2022-09-05-at-12.53.48.png 757w, https:\/\/www.plagiocefalia.com\/wp-content\/uploads\/2022\/09\/Screenshot-2022-09-05-at-12.53.48-300x112.png 300w\" sizes=\"(max-width: 757px) 100vw, 757px\" \/><\/p><figure class=\"wp-block-image size-full\"><\/figure><p>Pode ser causado por uma s\u00e9rie de fatores relacionados com o posicionamento: um longo per\u00edodo de tempo na incubadora, permanecendo adormecido na mesma posi\u00e7\u00e3o durante horas, o processo durante o parto ou a posi\u00e7\u00e3o no \u00fatero.<\/p><p>Leia mais sobre <a href=\"https:\/\/www.plagiocefalia.com\/pt-pt\/causas\/\"><strong><mark class=\"has-inline-color has-vivid-cyan-blue-color\" style=\"background-color: rgba(0, 0, 0, 0);\">causas de plagiocefalia<\/mark><\/strong><\/a>.<\/p><p>Se \u00e9 um beb\u00e9 com cerca de 3 ou 4 meses de idade e a assimetria \u00e9 suave, pode ser tratada simplesmente procurando uma postura alternativa na hora de dormir e virando a nossa pequena. Recomendamos a leitura do\u00a0<mark class=\"has-inline-color has-vivid-cyan-blue-color\" style=\"background-color: rgba(0, 0, 0, 0);\"><strong><a href=\"https:\/\/safetosleep.nichd.nih.gov\/safesleepbasics\/tummytime\" target=\"_blank\" rel=\"noopener\">Tummy Time Guide <\/a><\/strong><\/mark>(ou tempo de face para baixo).<\/p>\t\t\t\t\t\t\t\t<\/div>\n\t\t\t\t<\/div>\n\t\t\t\t\t<\/div>\n\t\t<\/div>\n\t\t\t\t\t<\/div>\n\t\t<\/section>\n\t\t\t\t<section class=\"elementor-section elementor-top-section elementor-element elementor-element-237b519 elementor-section-boxed elementor-section-height-default elementor-section-height-default\" data-id=\"237b519\" data-element_type=\"section\" data-e-type=\"section\">\n\t\t\t\t\t\t<div class=\"elementor-container elementor-column-gap-default\">\n\t\t\t\t\t<div class=\"elementor-column elementor-col-100 elementor-top-column elementor-element elementor-element-c0fc7e5\" data-id=\"c0fc7e5\" data-element_type=\"column\" data-e-type=\"column\">\n\t\t\t<div class=\"elementor-widget-wrap elementor-element-populated\">\n\t\t\t\t\t\t<div class=\"elementor-element elementor-element-7d0e613 elementor-widget elementor-widget-html\" data-id=\"7d0e613\" data-element_type=\"widget\" data-e-type=\"widget\" data-widget_type=\"html.default\">\n\t\t\t\t<div class=\"elementor-widget-container\">\n\t\t\t\t\t<center><h2><font color=\"#014F99\">Qu\u00e3o tarde se pode tratar a plagiocefaliaa?<\/font><\/h2><\/center>\n\n\t\t\t\t<\/div>\n\t\t\t\t<\/div>\n\t\t\t\t\t<\/div>\n\t\t<\/div>\n\t\t\t\t\t<\/div>\n\t\t<\/section>\n\t\t\t\t<section class=\"elementor-section elementor-top-section elementor-element elementor-element-9751ce3 elementor-section-boxed elementor-section-height-default elementor-section-height-default\" data-id=\"9751ce3\" data-element_type=\"section\" data-e-type=\"section\">\n\t\t\t\t\t\t<div class=\"elementor-container elementor-column-gap-default\">\n\t\t\t\t\t<div class=\"elementor-column elementor-col-100 elementor-top-column elementor-element elementor-element-183f1e9\" data-id=\"183f1e9\" data-element_type=\"column\" data-e-type=\"column\">\n\t\t\t<div class=\"elementor-widget-wrap elementor-element-populated\">\n\t\t\t\t\t\t<div class=\"elementor-element elementor-element-f516a45 elementor-widget elementor-widget-text-editor\" data-id=\"f516a45\" data-element_type=\"widget\" data-e-type=\"widget\" data-widget_type=\"text-editor.default\">\n\t\t\t\t<div class=\"elementor-widget-container\">\n\t\t\t\t\t\t\t\t\t<p>Em geral, a plagiocefalia pode ser corrigida at\u00e9 22 meses.<\/p>\n<p>Estima-se que o tratamento da plagiocefalia seja eficaz <span style=\"color: #000000;\">entre 4 e 22<\/span> meses e a dura\u00e7\u00e3o do tratamento pode variar entre 5 e 6 meses, dependendo do caso e da crian\u00e7a individual. <\/p>\n<p>No entanto, <span style=\"color: #000000;\"><strong>o crescimento do cr\u00e2nio \u00e9 grandemente reduzido ap\u00f3s 18 meses de idade.<\/strong><\/span>Contudo, isto torna a correc\u00e7\u00e3o da deformidade e a efic\u00e1cia do tratamento mais dif\u00edcil. <\/p><\/p>\n\t\t\t\t\t\t\t\t<\/div>\n\t\t\t\t<\/div>\n\t\t\t\t\t<\/div>\n\t\t<\/div>\n\t\t\t\t\t<\/div>\n\t\t<\/section>\n\t\t\t\t<section class=\"elementor-section elementor-top-section elementor-element elementor-element-a60e529 elementor-section-boxed elementor-section-height-default elementor-section-height-default\" data-id=\"a60e529\" data-element_type=\"section\" data-e-type=\"section\">\n\t\t\t\t\t\t<div class=\"elementor-container elementor-column-gap-default\">\n\t\t\t\t\t<div class=\"elementor-column elementor-col-100 elementor-top-column elementor-element elementor-element-43356ae\" data-id=\"43356ae\" data-element_type=\"column\" data-e-type=\"column\">\n\t\t\t<div class=\"elementor-widget-wrap elementor-element-populated\">\n\t\t\t\t\t\t<div class=\"elementor-element elementor-element-217c838 elementor-widget elementor-widget-text-editor\" data-id=\"217c838\" data-element_type=\"widget\" data-e-type=\"widget\" data-widget_type=\"text-editor.default\">\n\t\t\t\t<div class=\"elementor-widget-container\">\n\t\t\t\t\t\t\t\t\t<p>Portanto, recordemos como podemos prevenir a plagiocefalia posicional.<\/p>\n<ul>\n<li>Vire o pequenino enquanto est\u00e1 acordado e coloque-o de brusca por pequenos per\u00edodos de tempo e sempre sob a nossa supervis\u00e3o.<\/li>\n<li>Quando estiveres a dormir, <strong>\u00e9 melhor enfrentares-te, mas com a cabe\u00e7a ao lado<\/strong>. Ser\u00e1 tarefa dos pais mudar a dire\u00e7\u00e3o da direita-esquerda para que n\u00e3o permane\u00e7a na mesma posi\u00e7\u00e3o por muito tempo.<\/li>\n<\/ul>\n<div> <\/div>\n<p>Lembre-se que o objetivo \u00e9 n\u00e3o deixar a crian\u00e7a sozinha para que n\u00e3o fique na mesma posi\u00e7\u00e3o.<\/p>\n<p>Desta forma, um truque para o pequenino ser for\u00e7ado a virar \u00e9 <strong>mudar a orienta\u00e7\u00e3o do ber\u00e7o<\/strong>, para que o beb\u00e9 tenha de rodar a cabe\u00e7a para o lado oposto quando quer interagir com os pais.<\/p>\n<p>Finalmente, tamb\u00e9m \u00e9 bom segur\u00e1-lo nos bra\u00e7os (embora n\u00e3o muito para que ele n\u00e3o se habitue a isso), uma vez que desta forma, o beb\u00e9 n\u00e3o ter\u00e1 a cabe\u00e7a apoiada em qualquer suporte.<\/p>\n<p>A preven\u00e7\u00e3o posicional funciona at\u00e9 \u00e0 idade de 4 meses. De 4 meses a 22 meses, o tratamento da plagiocefalia requer um capacete ortop\u00e9dico.<\/p>\n\t\t\t\t\t\t\t\t<\/div>\n\t\t\t\t<\/div>\n\t\t\t\t\t<\/div>\n\t\t<\/div>\n\t\t\t\t\t<\/div>\n\t\t<\/section>\n\t\t\t\t<section class=\"elementor-section elementor-top-section elementor-element elementor-element-cd35afa elementor-section-boxed elementor-section-height-default elementor-section-height-default\" data-id=\"cd35afa\" data-element_type=\"section\" data-e-type=\"section\">\n\t\t\t\t\t\t<div class=\"elementor-container elementor-column-gap-default\">\n\t\t\t\t\t<div class=\"elementor-column elementor-col-50 elementor-top-column elementor-element elementor-element-1627c8a\" data-id=\"1627c8a\" data-element_type=\"column\" data-e-type=\"column\">\n\t\t\t<div class=\"elementor-widget-wrap elementor-element-populated\">\n\t\t\t\t\t\t<div class=\"elementor-element elementor-element-526e7f0 elementor-widget elementor-widget-text-editor\" data-id=\"526e7f0\" data-element_type=\"widget\" data-e-type=\"widget\" data-widget_type=\"text-editor.default\">\n\t\t\t\t<div class=\"elementor-widget-container\">\n\t\t\t\t\t\t\t\t\t<p>O tratamento consiste em utilizar um capacete ortop\u00e9dico feito \u00e0 medida para tirar partido do crescimento da cabe\u00e7a e assim corrigir a deformidade.<\/p>\n<ul>\n<li>o casco exerce uma conten\u00e7\u00e3o em \u00e1reas de destaque<\/li>\n<li>de tal forma que a cabe\u00e7a cresce atrav\u00e9s das partes desenfreadas e desenfreadas da cabe\u00e7a<\/li>\n<\/ul>\n<p><picture><source srcset=\"https:\/\/www.plagiocefalia.com\/wp-content\/uploads\/2018\/12\/peq_docband-300x211.jpg.webp\" type=\"image\/webp\"><\/source><img decoding=\"async\" class=\"aligncenter\" src=\"https:\/\/www.plagiocefalia.com\/wp-content\/uploads\/2018\/12\/peq_docband-300x211.jpg\" alt=\"tratamento de plagiocefalia\" width=\"300\" height=\"211\"><\/picture><\/p>\n\t\t\t\t\t\t\t\t<\/div>\n\t\t\t\t<\/div>\n\t\t\t\t\t<\/div>\n\t\t<\/div>\n\t\t\t\t<div class=\"elementor-column elementor-col-50 elementor-top-column elementor-element elementor-element-8e4a2c2\" data-id=\"8e4a2c2\" data-element_type=\"column\" data-e-type=\"column\">\n\t\t\t<div class=\"elementor-widget-wrap elementor-element-populated\">\n\t\t\t\t\t\t<div class=\"elementor-element elementor-element-2866fac elementor-widget elementor-widget-text-editor\" data-id=\"2866fac\" data-element_type=\"widget\" data-e-type=\"widget\" data-widget_type=\"text-editor.default\">\n\t\t\t\t<div class=\"elementor-widget-container\">\n\t\t\t\t\t\t\t\t\t<figure class=\"wp-block-image aligncenter size-full\"><a href=\"https:\/\/www.plagiocefalia.com\/pt-pt\/tratamento-para-plagiocefalia\/\"><img loading=\"lazy\" decoding=\"async\" class=\"alignnone wp-image-4362 size-medium\" src=\"https:\/\/www.plagiocefalia.com\/wp-content\/uploads\/2018\/12\/baby7-249x300.jpg\" alt=\"capacete de plagiocefalia\" width=\"249\" height=\"300\" srcset=\"https:\/\/www.plagiocefalia.com\/wp-content\/uploads\/2018\/12\/baby7-249x300.jpg 249w, https:\/\/www.plagiocefalia.com\/wp-content\/uploads\/2018\/12\/baby7.jpg 427w\" sizes=\"(max-width: 249px) 100vw, 249px\" \/><\/a><figcaption>capacete de plagiocefalia<\/figcaption><\/figure><\/p>\n\t\t\t\t\t\t\t\t<\/div>\n\t\t\t\t<\/div>\n\t\t\t\t\t<\/div>\n\t\t<\/div>\n\t\t\t\t\t<\/div>\n\t\t<\/section>\n\t\t\t\t<section class=\"elementor-section elementor-top-section elementor-element elementor-element-aef862d elementor-section-boxed elementor-section-height-default elementor-section-height-default\" data-id=\"aef862d\" data-element_type=\"section\" data-e-type=\"section\">\n\t\t\t\t\t\t<div class=\"elementor-container elementor-column-gap-default\">\n\t\t\t\t\t<div class=\"elementor-column elementor-col-100 elementor-top-column elementor-element elementor-element-a4f2f33\" data-id=\"a4f2f33\" data-element_type=\"column\" data-e-type=\"column\">\n\t\t\t<div class=\"elementor-widget-wrap elementor-element-populated\">\n\t\t\t\t\t\t<div class=\"elementor-element elementor-element-20bfa21 elementor-widget elementor-widget-text-editor\" data-id=\"20bfa21\" data-element_type=\"widget\" data-e-type=\"widget\" data-widget_type=\"text-editor.default\">\n\t\t\t\t<div class=\"elementor-widget-container\">\n\t\t\t\t\t\t\t\t\t<p>O tratamento requer uma s\u00e9rie de visitas regulares ao especialista, que far\u00e1 modifica\u00e7\u00f5es no capacete, em fun\u00e7\u00e3o do crescimento do cr\u00e2nio.<\/p>\n<p>Este tratamento \u00e9 poss\u00edvel devido ao facto de as fontanelas serem mais ou menos abertas durante os 2 primeiros anos de vida <a href=\"https:\/\/www.stanfordchildrens.org\/en\/topic\/default?id=anatomyofthenewbornskull-90-P04943\" target=\"_blank\" rel=\"noopener\"><strong>fontanelas do cr\u00e2nio<\/strong><\/a> s\u00e3o mais ou menos abertas durante os primeiros 2 anos de vida, o suficiente para poder reformular a forma perdida. <\/p>\n<p>A dura\u00e7\u00e3o m\u00e9dia do tratamento \u00e9 de 4 meses. \u00c9 aconselh\u00e1vel tratar a plagiocefalia o mais cedo poss\u00edvel.<\/p>\n\t\t\t\t\t\t\t\t<\/div>\n\t\t\t\t<\/div>\n\t\t\t\t\t<\/div>\n\t\t<\/div>\n\t\t\t\t\t<\/div>\n\t\t<\/section>\n\t\t\t\t<section class=\"elementor-section elementor-top-section elementor-element elementor-element-7f2427c elementor-section-boxed elementor-section-height-default elementor-section-height-default\" data-id=\"7f2427c\" data-element_type=\"section\" data-e-type=\"section\">\n\t\t\t\t\t\t<div class=\"elementor-container elementor-column-gap-default\">\n\t\t\t\t\t<div class=\"elementor-column elementor-col-100 elementor-top-column elementor-element elementor-element-940918a\" data-id=\"940918a\" data-element_type=\"column\" data-e-type=\"column\">\n\t\t\t<div class=\"elementor-widget-wrap elementor-element-populated\">\n\t\t\t\t\t\t<div class=\"elementor-element elementor-element-8c0030c elementor-widget elementor-widget-text-editor\" data-id=\"8c0030c\" data-element_type=\"widget\" data-e-type=\"widget\" data-widget_type=\"text-editor.default\">\n\t\t\t\t<div class=\"elementor-widget-container\">\n\t\t\t\t\t\t\t\t\t<p>Para mais informa\u00e7\u00f5es sobre terapias para o<a href=\"https:\/\/www.plagiocefalia.com\/pt-pt\/tratamento-para-plagiocefalia\/\"><strong><mark class=\"has-inline-color has-vivid-cyan-blue-color\" style=\"background-color: rgba(0, 0, 0, 0);\"> tratamento\u00a0<\/mark><\/strong><\/a> do<a href=\"https:\/\/www.plagiocefalia.com\/pt-pt\/plagiocefalia\/\"> <strong><mark class=\"has-inline-color has-vivid-cyan-blue-color\" style=\"background-color: rgba(0, 0, 0, 0);\">plagiocefalia<\/mark><\/strong><\/a>, a vasta experi\u00eancia profissional de <a href=\"https:\/\/www.plagiocefalia.com\/pt-pt\/equipe-medica\/\"><strong><mark class=\"has-inline-color has-vivid-cyan-blue-color\" style=\"background-color: rgba(0, 0, 0, 0);\">\u00a0nossa equipa <\/mark><\/strong><\/a>(mais de 35 anos), ou qualquer informa\u00e7\u00e3o sobre as terapias que oferecemos, por favor n\u00e3o hesite em contactar-nos.<a href=\"https:\/\/www.plagiocefalia.com\/pt-pt\/deformidades-cranianas-em-bebes\/\"><strong><br \/><\/strong><\/a><\/p><p>No seguinte link, apresentamos informa\u00e7\u00f5es sobre como <a href=\"https:\/\/www.plagiocefalia.com\/pt-pt\/como-sei-se-o-meu-bebe-tem-plagiocefalia\/\"><strong><mark class=\"has-inline-color has-vivid-cyan-blue-color\" style=\"background-color: rgba(0, 0, 0, 0);\">avaliar se o seu beb\u00e9 tem plagiocefalia<\/mark><\/strong><\/a>, ou outra malforma\u00e7\u00e3o craniana.<\/p>\t\t\t\t\t\t\t\t<\/div>\n\t\t\t\t<\/div>\n\t\t\t\t\t<\/div>\n\t\t<\/div>\n\t\t\t\t\t<\/div>\n\t\t<\/section>\n\t\t\t\t<section class=\"elementor-section elementor-top-section elementor-element elementor-element-000cf6b elementor-section-boxed elementor-section-height-default elementor-section-height-default\" data-id=\"000cf6b\" data-element_type=\"section\" data-e-type=\"section\">\n\t\t\t\t\t\t<div class=\"elementor-container elementor-column-gap-default\">\n\t\t\t\t\t<div class=\"elementor-column elementor-col-100 elementor-top-column elementor-element elementor-element-f3cdc8d\" data-id=\"f3cdc8d\" data-element_type=\"column\" data-e-type=\"column\">\n\t\t\t<div class=\"elementor-widget-wrap elementor-element-populated\">\n\t\t\t\t\t\t<div class=\"elementor-element elementor-element-7df64b3 elementor-widget elementor-widget-html\" data-id=\"7df64b3\" data-element_type=\"widget\" data-e-type=\"widget\" data-widget_type=\"html.default\">\n\t\t\t\t<div class=\"elementor-widget-container\">\n\t\t\t\t\t<h4><center><a href=\"https:\/\/www.plagiocefalia.com\/pt-pt\/feedback-tratamento-capacete-doc-band\/\"><strong><span style=\"color: #993300;\"> Feedback dos pais <\/span><\/a><\/center><\/h4>\t\t\t\t<\/div>\n\t\t\t\t<\/div>\n\t\t\t\t\t<\/div>\n\t\t<\/div>\n\t\t\t\t\t<\/div>\n\t\t<\/section>\n\t\t\t\t<\/div>\n\t\t","protected":false},"excerpt":{"rendered":"<p>At\u00e9 que idade pode ser resolvida a plagiocefalia? A quest\u00e3o de at\u00e9 que idade a plagiocefalia pode ser corrigida \u00e9 provavelmente uma das quest\u00f5es mais frequentemente colocadas em rela\u00e7\u00e3o \u00e0 malforma\u00e7\u00f5es cranianas em beb\u00e9s. Em regra, as pequenas assimetrias cranianas s\u00e3o perfeitamente naturais. No entanto, quando esta assimetria ocorre em n\u00edveis mais elevados e a [&hellip;]<\/p>\n","protected":false},"author":1,"featured_media":19503,"parent":0,"menu_order":0,"comment_status":"closed","ping_status":"closed","template":"","meta":{"footnotes":""},"class_list":["post-29513","page","type-page","status-publish","has-post-thumbnail","hentry"],"_links":{"self":[{"href":"https:\/\/www.plagiocefalia.com\/pt-pt\/wp-json\/wp\/v2\/pages\/29513","targetHints":{"allow":["GET"]}}],"collection":[{"href":"https:\/\/www.plagiocefalia.com\/pt-pt\/wp-json\/wp\/v2\/pages"}],"about":[{"href":"https:\/\/www.plagiocefalia.com\/pt-pt\/wp-json\/wp\/v2\/types\/page"}],"author":[{"embeddable":true,"href":"https:\/\/www.plagiocefalia.com\/pt-pt\/wp-json\/wp\/v2\/users\/1"}],"replies":[{"embeddable":true,"href":"https:\/\/www.plagiocefalia.com\/pt-pt\/wp-json\/wp\/v2\/comments?post=29513"}],"version-history":[{"count":24,"href":"https:\/\/www.plagiocefalia.com\/pt-pt\/wp-json\/wp\/v2\/pages\/29513\/revisions"}],"predecessor-version":[{"id":47850,"href":"https:\/\/www.plagiocefalia.com\/pt-pt\/wp-json\/wp\/v2\/pages\/29513\/revisions\/47850"}],"wp:featuredmedia":[{"embeddable":true,"href":"https:\/\/www.plagiocefalia.com\/pt-pt\/wp-json\/wp\/v2\/media\/19503"}],"wp:attachment":[{"href":"https:\/\/www.plagiocefalia.com\/pt-pt\/wp-json\/wp\/v2\/media?parent=29513"}],"curies":[{"name":"wp","href":"https:\/\/api.w.org\/{rel}","templated":true}]}}