{"id":18949,"date":"2019-10-24T13:05:34","date_gmt":"2019-10-24T13:05:34","guid":{"rendered":"https:\/\/www.plagiocefalia.com\/prevencao\/"},"modified":"2023-03-16T09:54:16","modified_gmt":"2023-03-16T09:54:16","slug":"prevencao-plagiocefalia","status":"publish","type":"page","link":"https:\/\/www.plagiocefalia.com\/pt-pt\/prevencao-plagiocefalia\/","title":{"rendered":"Preven\u00e7\u00e3o plagiocefalia, braquicefalia, escafocefalia"},"content":{"rendered":"\t\t<div data-elementor-type=\"wp-post\" data-elementor-id=\"18949\" class=\"elementor elementor-18949 elementor-1880\" data-elementor-post-type=\"page\">\n\t\t\t\t\t\t<section class=\"elementor-section elementor-top-section elementor-element elementor-element-18415aa7 elementor-section-stretched elementor-section-boxed elementor-section-height-default elementor-section-height-default\" data-id=\"18415aa7\" data-element_type=\"section\" data-e-type=\"section\" data-settings=\"{&quot;stretch_section&quot;:&quot;section-stretched&quot;,&quot;background_background&quot;:&quot;classic&quot;}\">\n\t\t\t\t\t\t<div class=\"elementor-container elementor-column-gap-default\">\n\t\t\t\t\t<div class=\"elementor-column elementor-col-100 elementor-top-column elementor-element elementor-element-67673b96\" data-id=\"67673b96\" data-element_type=\"column\" data-e-type=\"column\" data-settings=\"{&quot;background_background&quot;:&quot;classic&quot;}\">\n\t\t\t<div class=\"elementor-widget-wrap elementor-element-populated\">\n\t\t\t\t\t\t<div class=\"elementor-element elementor-element-23e45f6 elementor-widget elementor-widget-html\" data-id=\"23e45f6\" data-element_type=\"widget\" data-e-type=\"widget\" data-widget_type=\"html.default\">\n\t\t\t\t<div class=\"elementor-widget-container\">\n\t\t\t\t\t<h1><center><span style=\"color: #014f99;\"> Preven\u00e7\u00e3o da plagiocefalia <\/span><\/center><\/h1>\n<h2><center><span style=\"color: #014f99;\"> e outras deformidades cranianas <\/span><\/center><\/h2>\t\t\t\t<\/div>\n\t\t\t\t<\/div>\n\t\t\t\t<div class=\"elementor-element elementor-element-7f2b15ae elementor-widget elementor-widget-text-editor\" data-id=\"7f2b15ae\" data-element_type=\"widget\" data-e-type=\"widget\" data-widget_type=\"text-editor.default\">\n\t\t\t\t<div class=\"elementor-widget-container\">\n\t\t\t\t\t\t\t\t\t<p>Ap\u00f3s as campanhas para &#8220;Dormir de costas&#8221; a incid\u00eancia da Morte S\u00fabita Infantil diminuiu 2\/3. O nosso conselho, ent\u00e3o, \u00e9 p\u00f4r beb\u00e9s rec\u00e9m-nascidos a dormir de costas. Plagiocephaly pode ser tratada, morte s\u00fabita n\u00e3o pode.<\/p><p>Mas dormir de costas \u00e9 um fator que predisp\u00f5e-nos a ter deformidades cranianas. Portanto, combine a posi\u00e7\u00e3o supina r\u00edgida com a posi\u00e7\u00e3o para o lado direito e para o lado esquerdo. Tem 180 possibilidades de colocar o seu beb\u00e9 a dormir de costas durante a noite e as sestas diurnas. Nem sempre use o mesmo.<\/p>\t\t\t\t\t\t\t\t<\/div>\n\t\t\t\t<\/div>\n\t\t\t\t\t<\/div>\n\t\t<\/div>\n\t\t\t\t\t<\/div>\n\t\t<\/section>\n\t\t\t\t<section class=\"elementor-section elementor-top-section elementor-element elementor-element-217d8011 elementor-section-boxed elementor-section-height-default elementor-section-height-default\" data-id=\"217d8011\" data-element_type=\"section\" data-e-type=\"section\">\n\t\t\t\t\t\t<div class=\"elementor-container elementor-column-gap-default\">\n\t\t\t\t\t<div class=\"elementor-column elementor-col-100 elementor-top-column elementor-element elementor-element-359a4ce4\" data-id=\"359a4ce4\" data-element_type=\"column\" data-e-type=\"column\">\n\t\t\t<div class=\"elementor-widget-wrap elementor-element-populated\">\n\t\t\t\t\t\t<div class=\"elementor-element elementor-element-8ebe546 elementor-widget elementor-widget-heading\" data-id=\"8ebe546\" data-element_type=\"widget\" data-e-type=\"widget\" data-widget_type=\"heading.default\">\n\t\t\t\t<div class=\"elementor-widget-container\">\n\t\t\t\t\t<h2 class=\"elementor-heading-title elementor-size-default\">Como p\u00f4r os rec\u00e9m-nascidos e os beb\u00e9s a dormir?<\/h2>\t\t\t\t<\/div>\n\t\t\t\t<\/div>\n\t\t\t\t\t<\/div>\n\t\t<\/div>\n\t\t\t\t\t<\/div>\n\t\t<\/section>\n\t\t\t\t<section class=\"elementor-section elementor-top-section elementor-element elementor-element-468b92f elementor-section-boxed elementor-section-height-default elementor-section-height-default\" data-id=\"468b92f\" data-element_type=\"section\" data-e-type=\"section\">\n\t\t\t\t\t\t<div class=\"elementor-container elementor-column-gap-default\">\n\t\t\t\t\t<div class=\"elementor-column elementor-col-50 elementor-top-column elementor-element elementor-element-97793a5\" data-id=\"97793a5\" data-element_type=\"column\" data-e-type=\"column\">\n\t\t\t<div class=\"elementor-widget-wrap elementor-element-populated\">\n\t\t\t\t\t\t<div class=\"elementor-element elementor-element-fc4a3b3 elementor-widget elementor-widget-text-editor\" data-id=\"fc4a3b3\" data-element_type=\"widget\" data-e-type=\"widget\" data-widget_type=\"text-editor.default\">\n\t\t\t\t<div class=\"elementor-widget-container\">\n\t\t\t\t\t\t\t\t\t<p>Se se levantar muitas vezes \u00e0 noite para cuidar do seu beb\u00e9, siga estas orienta\u00e7\u00f5es:<\/p>\t\t\t\t\t\t\t\t<\/div>\n\t\t\t\t<\/div>\n\t\t\t\t<div class=\"elementor-element elementor-element-1193165 elementor-icon-list--layout-traditional elementor-list-item-link-full_width elementor-widget elementor-widget-icon-list\" data-id=\"1193165\" data-element_type=\"widget\" data-e-type=\"widget\" data-widget_type=\"icon-list.default\">\n\t\t\t\t<div class=\"elementor-widget-container\">\n\t\t\t\t\t\t\t<ul class=\"elementor-icon-list-items\">\n\t\t\t\t\t\t\t<li class=\"elementor-icon-list-item\">\n\t\t\t\t\t\t\t\t\t\t\t<span class=\"elementor-icon-list-icon\">\n\t\t\t\t\t\t\t<i aria-hidden=\"true\" class=\"fas fa-dot-circle\"><\/i>\t\t\t\t\t\t<\/span>\n\t\t\t\t\t\t\t\t\t\t<span class=\"elementor-icon-list-text\">1\/3 parte do tempo nas suas costas<\/span>\n\t\t\t\t\t\t\t\t\t<\/li>\n\t\t\t\t\t\t\t\t<li class=\"elementor-icon-list-item\">\n\t\t\t\t\t\t\t\t\t\t\t<span class=\"elementor-icon-list-icon\">\n\t\t\t\t\t\t\t<i aria-hidden=\"true\" class=\"fas fa-dot-circle\"><\/i>\t\t\t\t\t\t<\/span>\n\t\t\t\t\t\t\t\t\t\t<span class=\"elementor-icon-list-text\">1\/3 parte para o lado direito<\/span>\n\t\t\t\t\t\t\t\t\t<\/li>\n\t\t\t\t\t\t\t\t<li class=\"elementor-icon-list-item\">\n\t\t\t\t\t\t\t\t\t\t\t<span class=\"elementor-icon-list-icon\">\n\t\t\t\t\t\t\t<i aria-hidden=\"true\" class=\"fas fa-dot-circle\"><\/i>\t\t\t\t\t\t<\/span>\n\t\t\t\t\t\t\t\t\t\t<span class=\"elementor-icon-list-text\">1\/3 parte do tempo para a esquerda.<\/span>\n\t\t\t\t\t\t\t\t\t<\/li>\n\t\t\t\t\t\t<\/ul>\n\t\t\t\t\t\t<\/div>\n\t\t\t\t<\/div>\n\t\t\t\t<div class=\"elementor-element elementor-element-1749ea3 elementor-widget elementor-widget-text-editor\" data-id=\"1749ea3\" data-element_type=\"widget\" data-e-type=\"widget\" data-widget_type=\"text-editor.default\">\n\t\t\t\t<div class=\"elementor-widget-container\">\n\t\t\t\t\t\t\t\t\t<p>Se o seu beb\u00e9 n\u00e3o precisar de mais cuidados e dormir durante muitas horas de cada vez, siga estas orienta\u00e7\u00f5es:<\/p>\t\t\t\t\t\t\t\t<\/div>\n\t\t\t\t<\/div>\n\t\t\t\t<div class=\"elementor-element elementor-element-d891be4 elementor-icon-list--layout-traditional elementor-list-item-link-full_width elementor-widget elementor-widget-icon-list\" data-id=\"d891be4\" data-element_type=\"widget\" data-e-type=\"widget\" data-widget_type=\"icon-list.default\">\n\t\t\t\t<div class=\"elementor-widget-container\">\n\t\t\t\t\t\t\t<ul class=\"elementor-icon-list-items\">\n\t\t\t\t\t\t\t<li class=\"elementor-icon-list-item\">\n\t\t\t\t\t\t\t\t\t\t\t<span class=\"elementor-icon-list-icon\">\n\t\t\t\t\t\t\t<i aria-hidden=\"true\" class=\"fas fa-dot-circle\"><\/i>\t\t\t\t\t\t<\/span>\n\t\t\t\t\t\t\t\t\t\t<span class=\"elementor-icon-list-text\">Deite-se de costas ou do seu lado preferido<\/span>\n\t\t\t\t\t\t\t\t\t<\/li>\n\t\t\t\t\t\t\t\t<li class=\"elementor-icon-list-item\">\n\t\t\t\t\t\t\t\t\t\t\t<span class=\"elementor-icon-list-icon\">\n\t\t\t\t\t\t\t<i aria-hidden=\"true\" class=\"fas fa-dot-circle\"><\/i>\t\t\t\t\t\t<\/span>\n\t\t\t\t\t\t\t\t\t\t<span class=\"elementor-icon-list-text\">Quando adormecer, mude de posi\u00e7\u00e3o para o lado oposto pelo resto da noite.<\/span>\n\t\t\t\t\t\t\t\t\t<\/li>\n\t\t\t\t\t\t\t\t<li class=\"elementor-icon-list-item\">\n\t\t\t\t\t\t\t\t\t\t\t<span class=\"elementor-icon-list-icon\">\n\t\t\t\t\t\t\t<i aria-hidden=\"true\" class=\"fas fa-dot-circle\"><\/i>\t\t\t\t\t\t<\/span>\n\t\t\t\t\t\t\t\t\t\t<span class=\"elementor-icon-list-text\">Ponha uma noite inteira nas suas costas, no dia seguinte no lado direito e na terceira noite no lado esquerdo.<\/span>\n\t\t\t\t\t\t\t\t\t<\/li>\n\t\t\t\t\t\t\t\t<li class=\"elementor-icon-list-item\">\n\t\t\t\t\t\t\t\t\t\t\t<span class=\"elementor-icon-list-icon\">\n\t\t\t\t\t\t\t<i aria-hidden=\"true\" class=\"fas fa-dot-circle\"><\/i>\t\t\t\t\t\t<\/span>\n\t\t\t\t\t\t\t\t\t\t<span class=\"elementor-icon-list-text\">Durante as sestas diurnas calculam o tempo total em que o seu beb\u00e9 dorme normalmente e dividem-no por 3. O resultado em horas ser\u00e1 o tempo que ter\u00e1 para coloc\u00e1-lo para dormir de costas, do lado direito e do lado esquerdo. Use o melhor estratagema que se adeque \u00e0 situa\u00e7\u00e3o do seu filho para aturar o seu filho.<\/span>\n\t\t\t\t\t\t\t\t\t<\/li>\n\t\t\t\t\t\t<\/ul>\n\t\t\t\t\t\t<\/div>\n\t\t\t\t<\/div>\n\t\t\t\t<div class=\"elementor-element elementor-element-d271690 elementor-widget elementor-widget-text-editor\" data-id=\"d271690\" data-element_type=\"widget\" data-e-type=\"widget\" data-widget_type=\"text-editor.default\">\n\t\t\t\t<div class=\"elementor-widget-container\">\n\t\t\t\t\t\t\t\t\t<p>Aconselhamos a usar paragens suaves (toalhas, almofadas, etc.) debaixo do len\u00e7ol, esta ser\u00e1 a sua melhor ajuda. Se o seu beb\u00e9 for tratado numa cadeira anti-refluxo, tente seguir as mesmas orienta\u00e7\u00f5es.<\/p>\t\t\t\t\t\t\t\t<\/div>\n\t\t\t\t<\/div>\n\t\t\t\t\t<\/div>\n\t\t<\/div>\n\t\t\t\t<div class=\"elementor-column elementor-col-50 elementor-top-column elementor-element elementor-element-d48ba40\" data-id=\"d48ba40\" data-element_type=\"column\" data-e-type=\"column\">\n\t\t\t<div class=\"elementor-widget-wrap elementor-element-populated\">\n\t\t\t\t\t\t<div class=\"elementor-element elementor-element-8e113f7 elementor-widget elementor-widget-image\" data-id=\"8e113f7\" data-element_type=\"widget\" data-e-type=\"widget\" data-widget_type=\"image.default\">\n\t\t\t\t<div class=\"elementor-widget-container\">\n\t\t\t\t\t\t\t\t\t\t\t\t\t\t\t<img fetchpriority=\"high\" decoding=\"async\" width=\"420\" height=\"561\" src=\"https:\/\/www.plagiocefalia.com\/wp-content\/uploads\/2019\/08\/prevencion-plagiocefalia.jpg\" class=\"attachment-large size-large wp-image-17554\" alt=\"preven\u00e7\u00e3o da plagiocefalia\" srcset=\"https:\/\/www.plagiocefalia.com\/wp-content\/uploads\/2019\/08\/prevencion-plagiocefalia.jpg 420w, https:\/\/www.plagiocefalia.com\/wp-content\/uploads\/2019\/08\/prevencion-plagiocefalia-225x300.jpg 225w\" sizes=\"(max-width: 420px) 100vw, 420px\" \/>\t\t\t\t\t\t\t\t\t\t\t\t\t\t\t<\/div>\n\t\t\t\t<\/div>\n\t\t\t\t\t<\/div>\n\t\t<\/div>\n\t\t\t\t\t<\/div>\n\t\t<\/section>\n\t\t\t\t<section class=\"elementor-section elementor-top-section elementor-element elementor-element-7b8b3cf elementor-section-boxed elementor-section-height-default elementor-section-height-default\" data-id=\"7b8b3cf\" data-element_type=\"section\" data-e-type=\"section\">\n\t\t\t\t\t\t<div class=\"elementor-container elementor-column-gap-default\">\n\t\t\t\t\t<div class=\"elementor-column elementor-col-100 elementor-top-column elementor-element elementor-element-b73eb12\" data-id=\"b73eb12\" data-element_type=\"column\" data-e-type=\"column\">\n\t\t\t<div class=\"elementor-widget-wrap elementor-element-populated\">\n\t\t\t\t\t\t<div class=\"elementor-element elementor-element-f08a487 elementor-widget elementor-widget-heading\" data-id=\"f08a487\" data-element_type=\"widget\" data-e-type=\"widget\" data-widget_type=\"heading.default\">\n\t\t\t\t<div class=\"elementor-widget-container\">\n\t\t\t\t\t<h2 class=\"elementor-heading-title elementor-size-default\">Posi\u00e7\u00f5es recomendadas<\/h2>\t\t\t\t<\/div>\n\t\t\t\t<\/div>\n\t\t\t\t\t<\/div>\n\t\t<\/div>\n\t\t\t\t\t<\/div>\n\t\t<\/section>\n\t\t\t\t<section class=\"elementor-section elementor-top-section elementor-element elementor-element-cbfaad6 elementor-section-boxed elementor-section-height-default elementor-section-height-default\" data-id=\"cbfaad6\" data-element_type=\"section\" data-e-type=\"section\">\n\t\t\t\t\t\t<div class=\"elementor-container elementor-column-gap-default\">\n\t\t\t\t\t<div class=\"elementor-column elementor-col-50 elementor-top-column elementor-element elementor-element-6187508\" data-id=\"6187508\" data-element_type=\"column\" data-e-type=\"column\">\n\t\t\t<div class=\"elementor-widget-wrap elementor-element-populated\">\n\t\t\t\t\t\t<div class=\"elementor-element elementor-element-9a0d826 elementor-widget elementor-widget-text-editor\" data-id=\"9a0d826\" data-element_type=\"widget\" data-e-type=\"widget\" data-widget_type=\"text-editor.default\">\n\t\t\t\t<div class=\"elementor-widget-container\">\n\t\t\t\t\t\t\t\t\t<p>Qualquer rec\u00e9m-nascido deve dormir de costas com a cabe\u00e7a e o corpo alternadamente rodados de cada lado, com o decubitus supina (ou dorsal) a ser prefer\u00edvel ao decubitus lateral. Quando o rec\u00e9m-nascido est\u00e1 acordado, deve ser colocado sobre a barriga para se habituar a esta posi\u00e7\u00e3o em que faz os seus primeiros exerc\u00edcios f\u00edsicos.<\/p><p>O decubitus lateral alternativo \u00e9 um bom meio de prevenir a plagiocefalia postural e tamb\u00e9m para reduzir o risco de S\u00edndrome da Morte S\u00fabita Infantil (SIDA) ao mesmo tempo.<\/p><p>Mas cuidado: o risco relativo de SIDS de beb\u00e9s que dormem na posi\u00e7\u00e3o lateral \u00e9 2,2 vezes maior em compara\u00e7\u00e3o com aqueles que dormem na posi\u00e7\u00e3o supina. Outras desvantagens do decubitus lateral \u00e9 que \u00e9 inst\u00e1vel em compara\u00e7\u00e3o com supina. Se for muito rigoroso, podem recorrer a uma posi\u00e7\u00e3o propensa.  <\/p>\t\t\t\t\t\t\t\t<\/div>\n\t\t\t\t<\/div>\n\t\t\t\t\t<\/div>\n\t\t<\/div>\n\t\t\t\t<div class=\"elementor-column elementor-col-50 elementor-top-column elementor-element elementor-element-c51c2fe\" data-id=\"c51c2fe\" data-element_type=\"column\" data-e-type=\"column\">\n\t\t\t<div class=\"elementor-widget-wrap elementor-element-populated\">\n\t\t\t\t\t\t<div class=\"elementor-element elementor-element-0f6f68e elementor-widget elementor-widget-text-editor\" data-id=\"0f6f68e\" data-element_type=\"widget\" data-e-type=\"widget\" data-widget_type=\"text-editor.default\">\n\t\t\t\t<div class=\"elementor-widget-container\">\n\t\t\t\t\t\t\t\t\t<div class=\"colum2_wrap\"><div class=\"column_2\"><p>A recomenda\u00e7\u00e3o seria, portanto, que os pais alternassem, de forma semelhante, a posi\u00e7\u00e3o central da cabe\u00e7a (nariz ao z\u00e9nite), a viragem parcial para a direita e a viragem parcial para a esquerda. Esta rota\u00e7\u00e3o da posi\u00e7\u00e3o da cabe\u00e7a deve ser efetuada no per\u00edodo neonatal para evitar que o rec\u00e9m-nascido adote o h\u00e1bito de uma \u00fanica posi\u00e7\u00e3o da cabe\u00e7a e assim evitar que comece a desenvolver um achatamento occipital.<\/p><p> <\/p><p>Quando envelhece, o beb\u00e9 com menos de um ano aprende a virar-se contra si pr\u00f3prio e dorme espontaneamente na barriga, aconselhamos que descanse em supina, uma vez que n\u00e3o h\u00e1 consenso quando se trata de fixar a que horas o resto em propenso deixa de ser perigoso.<\/p><p>Quando o beb\u00e9 est\u00e1 acordado ou sente vontade de jogar, a posi\u00e7\u00e3o propensa ao jogo supervisionado \u00e9 altamente recomendada. De momento, n\u00e3o existe qualquer risco para o SIDS, mas \u00e9 quando as suas capacidades motoras podem ser melhor desenvolvidas.<\/p><\/div><\/div>\t\t\t\t\t\t\t\t<\/div>\n\t\t\t\t<\/div>\n\t\t\t\t\t<\/div>\n\t\t<\/div>\n\t\t\t\t\t<\/div>\n\t\t<\/section>\n\t\t\t\t<section class=\"elementor-section elementor-top-section elementor-element elementor-element-587f487 elementor-section-boxed elementor-section-height-default elementor-section-height-default\" data-id=\"587f487\" data-element_type=\"section\" data-e-type=\"section\">\n\t\t\t\t\t\t<div class=\"elementor-container elementor-column-gap-default\">\n\t\t\t\t\t<div class=\"elementor-column elementor-col-100 elementor-top-column elementor-element elementor-element-17592e3\" data-id=\"17592e3\" data-element_type=\"column\" data-e-type=\"column\">\n\t\t\t<div class=\"elementor-widget-wrap elementor-element-populated\">\n\t\t\t\t\t\t<div class=\"elementor-element elementor-element-0ab0f88 elementor-widget elementor-widget-heading\" data-id=\"0ab0f88\" data-element_type=\"widget\" data-e-type=\"widget\" data-widget_type=\"heading.default\">\n\t\t\t\t<div class=\"elementor-widget-container\">\n\t\t\t\t\t<h2 class=\"elementor-heading-title elementor-size-default\">Quando a plagiocefalia aparece<\/h2>\t\t\t\t<\/div>\n\t\t\t\t<\/div>\n\t\t\t\t\t<\/div>\n\t\t<\/div>\n\t\t\t\t\t<\/div>\n\t\t<\/section>\n\t\t\t\t<section class=\"elementor-section elementor-top-section elementor-element elementor-element-40e322cf elementor-section-boxed elementor-section-height-default elementor-section-height-default\" data-id=\"40e322cf\" data-element_type=\"section\" data-e-type=\"section\" data-settings=\"{&quot;background_background&quot;:&quot;classic&quot;}\">\n\t\t\t\t\t\t<div class=\"elementor-container elementor-column-gap-default\">\n\t\t\t\t\t<div class=\"elementor-column elementor-col-50 elementor-top-column elementor-element elementor-element-6081b0b0\" data-id=\"6081b0b0\" data-element_type=\"column\" data-e-type=\"column\" data-settings=\"{&quot;background_background&quot;:&quot;classic&quot;}\">\n\t\t\t<div class=\"elementor-widget-wrap elementor-element-populated\">\n\t\t\t\t\t\t<div class=\"elementor-element elementor-element-7d2a717 elementor-widget elementor-widget-text-editor\" data-id=\"7d2a717\" data-element_type=\"widget\" data-e-type=\"widget\" data-widget_type=\"text-editor.default\">\n\t\t\t\t<div class=\"elementor-widget-container\">\n\t\t\t\t\t\t\t\t\t<p>Quando a plagiocefalia aparece, deve ser feita uma utiliza\u00e7\u00e3o combinada de altera\u00e7\u00f5es posturais apropriadas (dormir principalmente no lado oposto, passar o m\u00e1ximo de tempo poss\u00edvel no est\u00f4mago a fazer atividade f\u00edsica para o lado oposto do achatamento, t\u00ea-lo nos bra\u00e7os) e fisioterapia muscular intensiva no pesco\u00e7o, diariamente e feita em casa, para al\u00e9m do trabalho do fisioterapeuta.<\/p><p>Ap\u00f3s 3 ou 4 meses de idade, dependendo do grau de gravidade, o uso de bandas ortop\u00e9dicas cranianas din\u00e2micas deve ser adicionado a este tratamento para restaurar a normalidade aos pacientes afetados. Entre esse per\u00edodo e 12 meses de idade \u00e9 quando se obt\u00eam os melhores resultados.<\/p><p>\u00c0 medida que a crian\u00e7a envelhece, as hip\u00f3teses de melhoria diminuem.<\/p>\t\t\t\t\t\t\t\t<\/div>\n\t\t\t\t<\/div>\n\t\t\t\t\t<\/div>\n\t\t<\/div>\n\t\t\t\t<div class=\"elementor-column elementor-col-50 elementor-top-column elementor-element elementor-element-112aaffb\" data-id=\"112aaffb\" data-element_type=\"column\" data-e-type=\"column\">\n\t\t\t<div class=\"elementor-widget-wrap elementor-element-populated\">\n\t\t\t\t\t\t<div class=\"elementor-element elementor-element-7015bf85 elementor-widget elementor-widget-text-editor\" data-id=\"7015bf85\" data-element_type=\"widget\" data-e-type=\"widget\" data-widget_type=\"text-editor.default\">\n\t\t\t\t<div class=\"elementor-widget-container\">\n\t\t\t\t\t\t\t\t\t<p>A partir dos 2 anos de idade, o tratamento ortop\u00e9dico j\u00e1 n\u00e3o \u00e9 poss\u00edvel, e apenas a cirurgia \u00e9 \u00fatil.<\/p>\t\t\t\t\t\t\t\t<\/div>\n\t\t\t\t<\/div>\n\t\t\t\t\t<\/div>\n\t\t<\/div>\n\t\t\t\t\t<\/div>\n\t\t<\/section>\n\t\t\t\t<section class=\"elementor-section elementor-top-section elementor-element elementor-element-1453541 elementor-section-boxed elementor-section-height-default elementor-section-height-default\" data-id=\"1453541\" data-element_type=\"section\" data-e-type=\"section\">\n\t\t\t\t\t\t<div class=\"elementor-container elementor-column-gap-default\">\n\t\t\t\t\t<div class=\"elementor-column elementor-col-100 elementor-top-column elementor-element elementor-element-bf0bc74\" data-id=\"bf0bc74\" data-element_type=\"column\" data-e-type=\"column\">\n\t\t\t<div class=\"elementor-widget-wrap elementor-element-populated\">\n\t\t\t\t\t\t<div class=\"elementor-element elementor-element-aef9220 elementor-widget elementor-widget-heading\" data-id=\"aef9220\" data-element_type=\"widget\" data-e-type=\"widget\" data-widget_type=\"heading.default\">\n\t\t\t\t<div class=\"elementor-widget-container\">\n\t\t\t\t\t<h2 class=\"elementor-heading-title elementor-size-default\">Tempo de cabe\u00e7a para baixo<\/h2>\t\t\t\t<\/div>\n\t\t\t\t<\/div>\n\t\t\t\t<div class=\"elementor-element elementor-element-8c9eaf3 elementor-widget elementor-widget-text-editor\" data-id=\"8c9eaf3\" data-element_type=\"widget\" data-e-type=\"widget\" data-widget_type=\"text-editor.default\">\n\t\t\t\t<div class=\"elementor-widget-container\">\n\t\t\t\t\t\t\t\t\t<p>\u00c9 a segunda arma que temos \u00e0 nossa disposi\u00e7\u00e3o para evitar deformidades posicionais. Siga os exemplos que pode encontrar no guia <a href=\"https:\/\/safetosleep.nichd.nih.gov\/safesleepbasics\/tummytime\" target=\"_blank\" rel=\"noopener\">TUMMY TIME<\/a>.<\/p>\t\t\t\t\t\t\t\t<\/div>\n\t\t\t\t<\/div>\n\t\t\t\t\t<\/div>\n\t\t<\/div>\n\t\t\t\t\t<\/div>\n\t\t<\/section>\n\t\t\t\t<\/div>\n\t\t","protected":false},"excerpt":{"rendered":"<p>Preven\u00e7\u00e3o da plagiocefalia e outras deformidades cranianas Ap\u00f3s as campanhas para &#8220;Dormir de costas&#8221; a incid\u00eancia da Morte S\u00fabita Infantil diminuiu 2\/3. O nosso conselho, ent\u00e3o, \u00e9 p\u00f4r beb\u00e9s rec\u00e9m-nascidos a dormir de costas. Plagiocephaly pode ser tratada, morte s\u00fabita n\u00e3o pode. Mas dormir de costas \u00e9 um fator que predisp\u00f5e-nos a ter deformidades cranianas. [&hellip;]<\/p>\n","protected":false},"author":1,"featured_media":0,"parent":0,"menu_order":0,"comment_status":"closed","ping_status":"closed","template":"elementor_header_footer","meta":{"footnotes":""},"class_list":["post-18949","page","type-page","status-publish","hentry"],"_links":{"self":[{"href":"https:\/\/www.plagiocefalia.com\/pt-pt\/wp-json\/wp\/v2\/pages\/18949","targetHints":{"allow":["GET"]}}],"collection":[{"href":"https:\/\/www.plagiocefalia.com\/pt-pt\/wp-json\/wp\/v2\/pages"}],"about":[{"href":"https:\/\/www.plagiocefalia.com\/pt-pt\/wp-json\/wp\/v2\/types\/page"}],"author":[{"embeddable":true,"href":"https:\/\/www.plagiocefalia.com\/pt-pt\/wp-json\/wp\/v2\/users\/1"}],"replies":[{"embeddable":true,"href":"https:\/\/www.plagiocefalia.com\/pt-pt\/wp-json\/wp\/v2\/comments?post=18949"}],"version-history":[{"count":17,"href":"https:\/\/www.plagiocefalia.com\/pt-pt\/wp-json\/wp\/v2\/pages\/18949\/revisions"}],"predecessor-version":[{"id":44820,"href":"https:\/\/www.plagiocefalia.com\/pt-pt\/wp-json\/wp\/v2\/pages\/18949\/revisions\/44820"}],"wp:attachment":[{"href":"https:\/\/www.plagiocefalia.com\/pt-pt\/wp-json\/wp\/v2\/media?parent=18949"}],"curies":[{"name":"wp","href":"https:\/\/api.w.org\/{rel}","templated":true}]}}