{"id":18790,"date":"2019-10-24T10:39:17","date_gmt":"2019-10-24T10:39:17","guid":{"rendered":"https:\/\/www.plagiocefalia.com\/problemas-medicos-se-nao-tratada\/"},"modified":"2023-04-06T08:54:03","modified_gmt":"2023-04-06T08:54:03","slug":"problemas-medicos-deformidades-cranianas-nao-tratadas","status":"publish","type":"page","link":"https:\/\/www.plagiocefalia.com\/pt-pt\/problemas-medicos-deformidades-cranianas-nao-tratadas\/","title":{"rendered":"Problemas m\u00e9dicos se as deformidades cranianas ficarem sem tratamento"},"content":{"rendered":"\t\t<div data-elementor-type=\"wp-post\" data-elementor-id=\"18790\" class=\"elementor elementor-18790 elementor-4917\" data-elementor-post-type=\"page\">\n\t\t\t\t\t\t<section class=\"elementor-section elementor-top-section elementor-element elementor-element-8199b88 elementor-section-boxed elementor-section-height-default elementor-section-height-default\" data-id=\"8199b88\" data-element_type=\"section\" data-e-type=\"section\">\n\t\t\t\t\t\t<div class=\"elementor-container elementor-column-gap-default\">\n\t\t\t\t\t<div class=\"elementor-column elementor-col-100 elementor-top-column elementor-element elementor-element-ca1274f\" data-id=\"ca1274f\" data-element_type=\"column\" data-e-type=\"column\">\n\t\t\t<div class=\"elementor-widget-wrap elementor-element-populated\">\n\t\t\t\t\t\t<div class=\"elementor-element elementor-element-e1897a4 elementor-widget elementor-widget-html\" data-id=\"e1897a4\" data-element_type=\"widget\" data-e-type=\"widget\" data-widget_type=\"html.default\">\n\t\t\t\t<div class=\"elementor-widget-container\">\n\t\t\t\t\t\n<h2><center><span style=\"color: #014f99;\"> Problemas m\u00e9dicos <\/span><\/center><\/h2>\n<h4><center><span style=\"color: #014f99;\"> se as deformidades cranianas ficarem sem tratamento <\/span><\/center><\/h4>\t\t\t\t<\/div>\n\t\t\t\t<\/div>\n\t\t\t\t\t<\/div>\n\t\t<\/div>\n\t\t\t\t\t<\/div>\n\t\t<\/section>\n\t\t\t\t<section class=\"elementor-section elementor-top-section elementor-element elementor-element-e15e2ef elementor-section-boxed elementor-section-height-default elementor-section-height-default\" data-id=\"e15e2ef\" data-element_type=\"section\" data-e-type=\"section\">\n\t\t\t\t\t\t<div class=\"elementor-container elementor-column-gap-default\">\n\t\t\t\t\t<div class=\"elementor-column elementor-col-50 elementor-top-column elementor-element elementor-element-588773e\" data-id=\"588773e\" data-element_type=\"column\" data-e-type=\"column\">\n\t\t\t<div class=\"elementor-widget-wrap elementor-element-populated\">\n\t\t\t\t\t\t<div class=\"elementor-element elementor-element-5ab5daa elementor-widget elementor-widget-accordion\" data-id=\"5ab5daa\" data-element_type=\"widget\" data-e-type=\"widget\" data-widget_type=\"accordion.default\">\n\t\t\t\t<div class=\"elementor-widget-container\">\n\t\t\t\t\t\t\t<div class=\"elementor-accordion\">\n\t\t\t\t\t\t\t<div class=\"elementor-accordion-item\">\n\t\t\t\t\t<div id=\"elementor-tab-title-9511\" class=\"elementor-tab-title\" data-tab=\"1\" role=\"button\" aria-controls=\"elementor-tab-content-9511\" aria-expanded=\"false\">\n\t\t\t\t\t\t\t\t\t\t\t\t\t<span class=\"elementor-accordion-icon elementor-accordion-icon-left\" aria-hidden=\"true\">\n\t\t\t\t\t\t\t\t\t\t\t\t\t\t\t<span class=\"elementor-accordion-icon-closed\"><i class=\"fas fa-arrow-right\"><\/i><\/span>\n\t\t\t\t\t\t\t\t<span class=\"elementor-accordion-icon-opened\"><i class=\"fas fa-chevron-down\"><\/i><\/span>\n\t\t\t\t\t\t\t\t\t\t\t\t\t\t<\/span>\n\t\t\t\t\t\t\t\t\t\t\t\t<a class=\"elementor-accordion-title\" tabindex=\"0\">Problemas f\u00edsicos<\/a>\n\t\t\t\t\t<\/div>\n\t\t\t\t\t<div id=\"elementor-tab-content-9511\" class=\"elementor-tab-content elementor-clearfix\" data-tab=\"1\" role=\"region\" aria-labelledby=\"elementor-tab-title-9511\"><ul>\n \t<li>Todos t\u00eam direito \u00e0 sua pr\u00f3pria imagem, sim\u00e9trica e proporcional.<\/li>\n \t<li>O impacto morfol\u00f3gico \u00e9 por vezes muito severo, em alguns casos pior do que na craniossinostose simples e complexa, o que conduzir\u00e1 sem d\u00favida a problemas psicol\u00f3gicos na primeira inf\u00e2ncia e adolesc\u00eancia.<\/li>\n \t<li>O impacto funcional em casos n\u00e3o tratados pode ser significativo.<\/li>\n<\/ul><\/div>\n\t\t\t\t<\/div>\n\t\t\t\t\t\t\t<div class=\"elementor-accordion-item\">\n\t\t\t\t\t<div id=\"elementor-tab-title-9512\" class=\"elementor-tab-title\" data-tab=\"2\" role=\"button\" aria-controls=\"elementor-tab-content-9512\" aria-expanded=\"false\">\n\t\t\t\t\t\t\t\t\t\t\t\t\t<span class=\"elementor-accordion-icon elementor-accordion-icon-left\" aria-hidden=\"true\">\n\t\t\t\t\t\t\t\t\t\t\t\t\t\t\t<span class=\"elementor-accordion-icon-closed\"><i class=\"fas fa-arrow-right\"><\/i><\/span>\n\t\t\t\t\t\t\t\t<span class=\"elementor-accordion-icon-opened\"><i class=\"fas fa-chevron-down\"><\/i><\/span>\n\t\t\t\t\t\t\t\t\t\t\t\t\t\t<\/span>\n\t\t\t\t\t\t\t\t\t\t\t\t<a class=\"elementor-accordion-title\" tabindex=\"0\">Problemas neurol\u00f3gicos funcionais<\/a>\n\t\t\t\t\t<\/div>\n\t\t\t\t\t<div id=\"elementor-tab-content-9512\" class=\"elementor-tab-content elementor-clearfix\" data-tab=\"2\" role=\"region\" aria-labelledby=\"elementor-tab-title-9512\"><p>Miller e Clarren publicaram que 39,8% da plagiocefalia n\u00e3o tratada resulta em atraso da matura\u00e7\u00e3o neurol\u00f3gica. Kordestani et al (2006) estudaram 110 pacientes com plagiocefalia n\u00e3o tratada e descobriram que 19% tinham atrasos psicomotores m\u00e9dios, 7% tinham atrasos psicomotores significativos, 7% tinham atrasos cognitivos m\u00e9dios e 3% tinham atrasos cognitivos significativos. Os nossos profissionais est\u00e3o a realizar estudos prospectivos sobre as crian\u00e7as tratadas para determinar o grau de defici\u00eancia funcional por idade, sexo, tipo de deformidade e gravidade.<\/p><ul><li>2000: <a href=\"https:\/\/publications.aap.org\/pediatrics\/article-abstract\/105\/2\/e26\/62544\/Long-Term-Developmental-Outcomes-in-Patients-With?redirectedFrom=fulltext\" target=\"_blank\" rel=\"noopener\">Miller e Clarren<\/a>.<\/li><li>2001: <a href=\"https:\/\/www.ncbi.nlm.nih.gov\/pubmed\/11711916?dopt=Abstract\" target=\"_blank\" rel=\"noopener\">Panchal<\/a><\/li><li>2006: <a href=\"https:\/\/pubmed.ncbi.nlm.nih.gov\/16404269\/\" target=\"_blank\" rel=\"noopener\">Kordestani<\/a><\/li><li>2008: <a href=\"http:\/\/jcn.sagepub.com\/cgi\/content\/abstract\/23\/7\/742\" target=\"_blank\" rel=\"noopener\">Fowler<\/a><\/li><li>2010: <a href=\"https:\/\/www.ncbi.nlm.nih.gov\/pmc\/articles\/PMC3392083\/\" target=\"_blank\" rel=\"noopener\">Speltz<\/a><\/li><li>2017: <a href=\"https:\/\/pubmed.ncbi.nlm.nih.gov\/28009719\/\" target=\"_blank\" rel=\"noopener\">Martiniuk<\/a><\/li><li>2020: <a href=\"https:\/\/www.mdpi.com\/2071-1050\/12\/5\/1949\" target=\"_blank\" rel=\"noopener\">2020 Gonz\u00e1lez-Santos<\/a><\/li><\/ul><\/div>\n\t\t\t\t<\/div>\n\t\t\t\t\t\t\t<div class=\"elementor-accordion-item\">\n\t\t\t\t\t<div id=\"elementor-tab-title-9513\" class=\"elementor-tab-title\" data-tab=\"3\" role=\"button\" aria-controls=\"elementor-tab-content-9513\" aria-expanded=\"false\">\n\t\t\t\t\t\t\t\t\t\t\t\t\t<span class=\"elementor-accordion-icon elementor-accordion-icon-left\" aria-hidden=\"true\">\n\t\t\t\t\t\t\t\t\t\t\t\t\t\t\t<span class=\"elementor-accordion-icon-closed\"><i class=\"fas fa-arrow-right\"><\/i><\/span>\n\t\t\t\t\t\t\t\t<span class=\"elementor-accordion-icon-opened\"><i class=\"fas fa-chevron-down\"><\/i><\/span>\n\t\t\t\t\t\t\t\t\t\t\t\t\t\t<\/span>\n\t\t\t\t\t\t\t\t\t\t\t\t<a class=\"elementor-accordion-title\" tabindex=\"0\">Problemas de fala<\/a>\n\t\t\t\t\t<\/div>\n\t\t\t\t\t<div id=\"elementor-tab-content-9513\" class=\"elementor-tab-content elementor-clearfix\" data-tab=\"3\" role=\"region\" aria-labelledby=\"elementor-tab-title-9513\"><ul><li>2012: <a href=\"https:\/\/pubmed.ncbi.nlm.nih.gov\/22083136\/\" target=\"_blank\" rel=\"noopener\">Korpilahti<\/a><\/li><\/ul><\/div>\n\t\t\t\t<\/div>\n\t\t\t\t\t\t\t<div class=\"elementor-accordion-item\">\n\t\t\t\t\t<div id=\"elementor-tab-title-9514\" class=\"elementor-tab-title\" data-tab=\"4\" role=\"button\" aria-controls=\"elementor-tab-content-9514\" aria-expanded=\"false\">\n\t\t\t\t\t\t\t\t\t\t\t\t\t<span class=\"elementor-accordion-icon elementor-accordion-icon-left\" aria-hidden=\"true\">\n\t\t\t\t\t\t\t\t\t\t\t\t\t\t\t<span class=\"elementor-accordion-icon-closed\"><i class=\"fas fa-arrow-right\"><\/i><\/span>\n\t\t\t\t\t\t\t\t<span class=\"elementor-accordion-icon-opened\"><i class=\"fas fa-chevron-down\"><\/i><\/span>\n\t\t\t\t\t\t\t\t\t\t\t\t\t\t<\/span>\n\t\t\t\t\t\t\t\t\t\t\t\t<a class=\"elementor-accordion-title\" tabindex=\"0\">Torcicolo muscular cong\u00e9nito (CMT)<\/a>\n\t\t\t\t\t<\/div>\n\t\t\t\t\t<div id=\"elementor-tab-content-9514\" class=\"elementor-tab-content elementor-clearfix\" data-tab=\"4\" role=\"region\" aria-labelledby=\"elementor-tab-title-9514\"><p>Uma percentagem muito elevada de plagiocefalia est\u00e1 presente. Passa muitas vezes despercebido. O plano dos olhos e a altura das duas orelhas desviadas da horizontal, a dificuldade de virar para um lado, a prefer\u00eancia por dormir sempre do mesmo lado, devem fazer-nos suspeitar que uma crian\u00e7a tem CMD. Se ao olhar para o seu filho por detr\u00e1s vir um vinco como o da fotografia, ent\u00e3o ele\/ela tem quase de certeza um torcicolo.<\/p><p><strong>\u00c9 importante tratar cedo, diariamente e pelo tempo que for necess\u00e1rio.<\/strong><\/p><p>As sequelas de CMD n\u00e3o tratadas ou n\u00e3o resolvidas s\u00e3o muito graves porque, para al\u00e9m da deformidade do cr\u00e2nio causada pela plagiocefalia, existe tamb\u00e9m a deformidade facial causada pelo desvio do pesco\u00e7o.<\/p><ul><li>2004 : <a href=\"https:\/\/pubmed.ncbi.nlm.nih.gov\/14707619\/\" target=\"_blank\" rel=\"noopener\">Yu <\/a> <\/li><li><a href=\"https:\/\/www.plagiocefalia.com\/wp-content\/uploads\/2019\/07\/tmc.jpg\" target=\"_blank\" rel=\"noopener\">Ver imagem do beb\u00e9 com CCT<\/a><\/li><\/ul><\/div>\n\t\t\t\t<\/div>\n\t\t\t\t\t\t\t<div class=\"elementor-accordion-item\">\n\t\t\t\t\t<div id=\"elementor-tab-title-9515\" class=\"elementor-tab-title\" data-tab=\"5\" role=\"button\" aria-controls=\"elementor-tab-content-9515\" aria-expanded=\"false\">\n\t\t\t\t\t\t\t\t\t\t\t\t\t<span class=\"elementor-accordion-icon elementor-accordion-icon-left\" aria-hidden=\"true\">\n\t\t\t\t\t\t\t\t\t\t\t\t\t\t\t<span class=\"elementor-accordion-icon-closed\"><i class=\"fas fa-arrow-right\"><\/i><\/span>\n\t\t\t\t\t\t\t\t<span class=\"elementor-accordion-icon-opened\"><i class=\"fas fa-chevron-down\"><\/i><\/span>\n\t\t\t\t\t\t\t\t\t\t\t\t\t\t<\/span>\n\t\t\t\t\t\t\t\t\t\t\t\t<a class=\"elementor-accordion-title\" tabindex=\"0\">Problemas de audi\u00e7\u00e3o<\/a>\n\t\t\t\t\t<\/div>\n\t\t\t\t\t<div id=\"elementor-tab-content-9515\" class=\"elementor-tab-content elementor-clearfix\" data-tab=\"5\" role=\"region\" aria-labelledby=\"elementor-tab-title-9515\"><p>H\u00e1 apenas um artigo sobre altera\u00e7\u00f5es de potenciais evocados auditivos em plagiocefalia. \u00c9 necess\u00e1ria mais investiga\u00e7\u00e3o para determinar o significado cl\u00ednico deste estudo.<\/p><ul><li>2002 :<a href=\"https:\/\/www.ncbi.nlm.nih.gov\/pubmed\/12140415?dopt=Abstract\" target=\"_blank\" rel=\"noopener\"> Balan <\/a> <\/li><\/ul><\/div>\n\t\t\t\t<\/div>\n\t\t\t\t\t\t\t<div class=\"elementor-accordion-item\">\n\t\t\t\t\t<div id=\"elementor-tab-title-9516\" class=\"elementor-tab-title\" data-tab=\"6\" role=\"button\" aria-controls=\"elementor-tab-content-9516\" aria-expanded=\"false\">\n\t\t\t\t\t\t\t\t\t\t\t\t\t<span class=\"elementor-accordion-icon elementor-accordion-icon-left\" aria-hidden=\"true\">\n\t\t\t\t\t\t\t\t\t\t\t\t\t\t\t<span class=\"elementor-accordion-icon-closed\"><i class=\"fas fa-arrow-right\"><\/i><\/span>\n\t\t\t\t\t\t\t\t<span class=\"elementor-accordion-icon-opened\"><i class=\"fas fa-chevron-down\"><\/i><\/span>\n\t\t\t\t\t\t\t\t\t\t\t\t\t\t<\/span>\n\t\t\t\t\t\t\t\t\t\t\t\t<a class=\"elementor-accordion-title\" tabindex=\"0\">Problemas visuais<\/a>\n\t\t\t\t\t<\/div>\n\t\t\t\t\t<div id=\"elementor-tab-content-9516\" class=\"elementor-tab-content elementor-clearfix\" data-tab=\"6\" role=\"region\" aria-labelledby=\"elementor-tab-title-9516\"><p>Dois artigos encontram defeitos visuais em doentes com plagiocefalia.<\/p><ul><li>2005 : <a href=\"https:\/\/pubmed.ncbi.nlm.nih.gov\/15956949\/\" target=\"_blank\" rel=\"noopener\">Siatkowski<\/a><\/li><li>2003 : <a href=\"https:\/\/www.ncbi.nlm.nih.gov\/pubmed\/12867869?dopt=Abstract\" target=\"_blank\" rel=\"noopener\">Gupta <\/a> <\/li><\/ul><\/div>\n\t\t\t\t<\/div>\n\t\t\t\t\t\t\t\t\t\t<script type=\"application\/ld+json\">{\"@context\":\"https:\\\/\\\/schema.org\",\"@type\":\"FAQPage\",\"mainEntity\":[{\"@type\":\"Question\",\"name\":\"Problemas f\\u00edsicos\",\"acceptedAnswer\":{\"@type\":\"Answer\",\"text\":\"<ul>\\n \\t<li>Todos t\\u00eam direito \\u00e0 sua pr\\u00f3pria imagem, sim\\u00e9trica e proporcional.<\\\/li>\\n \\t<li>O impacto morfol\\u00f3gico \\u00e9 por vezes muito severo, em alguns casos pior do que na craniossinostose simples e complexa, o que conduzir\\u00e1 sem d\\u00favida a problemas psicol\\u00f3gicos na primeira inf\\u00e2ncia e adolesc\\u00eancia.<\\\/li>\\n \\t<li>O impacto funcional em casos n\\u00e3o tratados pode ser significativo.<\\\/li>\\n<\\\/ul>\"}},{\"@type\":\"Question\",\"name\":\"Problemas neurol\\u00f3gicos funcionais\",\"acceptedAnswer\":{\"@type\":\"Answer\",\"text\":\"<p>Miller e Clarren publicaram que 39,8% da plagiocefalia n\\u00e3o tratada resulta em atraso da matura\\u00e7\\u00e3o neurol\\u00f3gica. Kordestani et al (2006) estudaram 110 pacientes com plagiocefalia n\\u00e3o tratada e descobriram que 19% tinham atrasos psicomotores m\\u00e9dios, 7% tinham atrasos psicomotores significativos, 7% tinham atrasos cognitivos m\\u00e9dios e 3% tinham atrasos cognitivos significativos. Os nossos profissionais est\\u00e3o a realizar estudos prospectivos sobre as crian\\u00e7as tratadas para determinar o grau de defici\\u00eancia funcional por idade, sexo, tipo de deformidade e gravidade.<\\\/p><ul><li>2000: <a href=\\\"https:\\\/\\\/publications.aap.org\\\/pediatrics\\\/article-abstract\\\/105\\\/2\\\/e26\\\/62544\\\/Long-Term-Developmental-Outcomes-in-Patients-With?redirectedFrom=fulltext\\\" target=\\\"_blank\\\" rel=\\\"noopener\\\">Miller e Clarren<\\\/a>.<\\\/li><li>2001: <a href=\\\"https:\\\/\\\/www.ncbi.nlm.nih.gov\\\/pubmed\\\/11711916?dopt=Abstract\\\" target=\\\"_blank\\\" rel=\\\"noopener\\\">Panchal<\\\/a><\\\/li><li>2006: <a href=\\\"https:\\\/\\\/pubmed.ncbi.nlm.nih.gov\\\/16404269\\\/\\\" target=\\\"_blank\\\" rel=\\\"noopener\\\">Kordestani<\\\/a><\\\/li><li>2008: <a href=\\\"http:\\\/\\\/jcn.sagepub.com\\\/cgi\\\/content\\\/abstract\\\/23\\\/7\\\/742\\\" target=\\\"_blank\\\" rel=\\\"noopener\\\">Fowler<\\\/a><\\\/li><li>2010: <a href=\\\"https:\\\/\\\/www.ncbi.nlm.nih.gov\\\/pmc\\\/articles\\\/PMC3392083\\\/\\\" target=\\\"_blank\\\" rel=\\\"noopener\\\">Speltz<\\\/a><\\\/li><li>2017: <a href=\\\"https:\\\/\\\/pubmed.ncbi.nlm.nih.gov\\\/28009719\\\/\\\">Martiniuk<\\\/a><\\\/li><li>2020: <a href=\\\"https:\\\/\\\/www.mdpi.com\\\/2071-1050\\\/12\\\/5\\\/1949\\\">2020 Gonz\\u00e1lez-Santos<\\\/a><\\\/li><\\\/ul>\"}},{\"@type\":\"Question\",\"name\":\"Problemas de fala\",\"acceptedAnswer\":{\"@type\":\"Answer\",\"text\":\"<ul><li>2012: <a href=\\\"https:\\\/\\\/pubmed.ncbi.nlm.nih.gov\\\/22083136\\\/\\\" target=\\\"_blank\\\" rel=\\\"noopener\\\">Korpilahti<\\\/a><\\\/li><\\\/ul>\"}},{\"@type\":\"Question\",\"name\":\"Torcicolo muscular cong\\u00e9nito (CMT)\",\"acceptedAnswer\":{\"@type\":\"Answer\",\"text\":\"<p>Uma percentagem muito elevada de plagiocefalia est\\u00e1 presente. Passa muitas vezes despercebido. O plano dos olhos e a altura das duas orelhas desviadas da horizontal, a dificuldade de virar para um lado, a prefer\\u00eancia por dormir sempre do mesmo lado, devem fazer-nos suspeitar que uma crian\\u00e7a tem CMD. Se ao olhar para o seu filho por detr\\u00e1s vir um vinco como o da fotografia, ent\\u00e3o ele\\\/ela tem quase de certeza um torcicolo.<\\\/p><p><strong>\\u00c9 importante tratar cedo, diariamente e pelo tempo que for necess\\u00e1rio.<\\\/strong><\\\/p><p>As sequelas de CMD n\\u00e3o tratadas ou n\\u00e3o resolvidas s\\u00e3o muito graves porque, para al\\u00e9m da deformidade do cr\\u00e2nio causada pela plagiocefalia, existe tamb\\u00e9m a deformidade facial causada pelo desvio do pesco\\u00e7o.<\\\/p><ul><li>2004 : <a href=\\\"https:\\\/\\\/pubmed.ncbi.nlm.nih.gov\\\/14707619\\\/\\\" target=\\\"_blank\\\" rel=\\\"noopener\\\">Yu <\\\/a> <\\\/li><li><a href=\\\"https:\\\/\\\/www.plagiocefalia.com\\\/wp-content\\\/uploads\\\/2019\\\/07\\\/tmc.jpg\\\" target=\\\"_blank\\\" rel=\\\"noopener\\\">Ver imagem do beb\\u00e9 com CCT<\\\/a><\\\/li><\\\/ul>\"}},{\"@type\":\"Question\",\"name\":\"Problemas de audi\\u00e7\\u00e3o\",\"acceptedAnswer\":{\"@type\":\"Answer\",\"text\":\"<p>H\\u00e1 apenas um artigo sobre altera\\u00e7\\u00f5es de potenciais evocados auditivos em plagiocefalia. \\u00c9 necess\\u00e1ria mais investiga\\u00e7\\u00e3o para determinar o significado cl\\u00ednico deste estudo.<\\\/p><ul><li>2002 :<a href=\\\"https:\\\/\\\/www.ncbi.nlm.nih.gov\\\/pubmed\\\/12140415?dopt=Abstract\\\" target=\\\"_blank\\\" rel=\\\"noopener\\\"> Balan <\\\/a> <\\\/li><\\\/ul>\"}},{\"@type\":\"Question\",\"name\":\"Problemas visuais\",\"acceptedAnswer\":{\"@type\":\"Answer\",\"text\":\"<p>Dois artigos encontram defeitos visuais em doentes com plagiocefalia.<\\\/p><ul><li>2005 : <a href=\\\"https:\\\/\\\/pubmed.ncbi.nlm.nih.gov\\\/15956949\\\/\\\">Siatkowski<\\\/a><\\\/li><li>2003 : <a href=\\\"https:\\\/\\\/www.ncbi.nlm.nih.gov\\\/pubmed\\\/12867869?dopt=Abstract\\\" target=\\\"_blank\\\" rel=\\\"noopener\\\">Gupta <\\\/a> <\\\/li><\\\/ul>\"}}]}<\/script>\n\t\t\t\t\t<\/div>\n\t\t\t\t\t\t<\/div>\n\t\t\t\t<\/div>\n\t\t\t\t\t<\/div>\n\t\t<\/div>\n\t\t\t\t<div class=\"elementor-column elementor-col-50 elementor-top-column elementor-element elementor-element-c18d55a\" data-id=\"c18d55a\" data-element_type=\"column\" data-e-type=\"column\">\n\t\t\t<div class=\"elementor-widget-wrap elementor-element-populated\">\n\t\t\t\t\t\t<div class=\"elementor-element elementor-element-bc77f89 elementor-widget elementor-widget-image\" data-id=\"bc77f89\" data-element_type=\"widget\" data-e-type=\"widget\" data-widget_type=\"image.default\">\n\t\t\t\t<div class=\"elementor-widget-container\">\n\t\t\t\t\t\t\t\t\t\t\t\t\t\t\t\t<a href=\"https:\/\/www.plagiocefalia.com\/pt-pt\/capacete-para-plagiocefalia\/\">\n\t\t\t\t\t\t\t<img fetchpriority=\"high\" decoding=\"async\" width=\"364\" height=\"286\" src=\"https:\/\/www.plagiocefalia.com\/wp-content\/uploads\/2018\/09\/kid.jpg\" class=\"attachment-large size-large wp-image-14758\" alt=\"beber com plagiocefalia\" srcset=\"https:\/\/www.plagiocefalia.com\/wp-content\/uploads\/2018\/09\/kid.jpg 364w, https:\/\/www.plagiocefalia.com\/wp-content\/uploads\/2018\/09\/kid-300x236.jpg 300w\" sizes=\"(max-width: 364px) 100vw, 364px\" \/>\t\t\t\t\t\t\t\t<\/a>\n\t\t\t\t\t\t\t\t\t\t\t\t\t\t\t<\/div>\n\t\t\t\t<\/div>\n\t\t\t\t\t<\/div>\n\t\t<\/div>\n\t\t\t\t\t<\/div>\n\t\t<\/section>\n\t\t\t\t<section class=\"elementor-section elementor-top-section elementor-element elementor-element-b307c31 elementor-section-boxed elementor-section-height-default elementor-section-height-default\" data-id=\"b307c31\" data-element_type=\"section\" data-e-type=\"section\">\n\t\t\t\t\t\t<div class=\"elementor-container elementor-column-gap-default\">\n\t\t\t\t\t<div class=\"elementor-column elementor-col-100 elementor-top-column elementor-element elementor-element-7bcc731\" data-id=\"7bcc731\" data-element_type=\"column\" data-e-type=\"column\">\n\t\t\t<div class=\"elementor-widget-wrap elementor-element-populated\">\n\t\t\t\t\t\t<div class=\"elementor-element elementor-element-579efd3 elementor-widget elementor-widget-heading\" data-id=\"579efd3\" data-element_type=\"widget\" data-e-type=\"widget\" data-widget_type=\"heading.default\">\n\t\t\t\t<div class=\"elementor-widget-container\">\n\t\t\t\t\t<h3 class=\"elementor-heading-title elementor-size-default\">Mais informa\u00e7\u00f5es sobre deformidades cranianas<\/h3>\t\t\t\t<\/div>\n\t\t\t\t<\/div>\n\t\t\t\t<div class=\"elementor-element elementor-element-80dae95 elementor-icon-list--layout-inline elementor-align-center elementor-list-item-link-full_width elementor-widget elementor-widget-icon-list\" data-id=\"80dae95\" data-element_type=\"widget\" data-e-type=\"widget\" data-widget_type=\"icon-list.default\">\n\t\t\t\t<div class=\"elementor-widget-container\">\n\t\t\t\t\t\t\t<ul class=\"elementor-icon-list-items elementor-inline-items\">\n\t\t\t\t\t\t\t<li class=\"elementor-icon-list-item elementor-inline-item\">\n\t\t\t\t\t\t\t\t\t\t\t<a href=\"https:\/\/www.plagiocefalia.com\/pt-pt\/plagiocefalia\/\">\n\n\t\t\t\t\t\t\t\t\t\t\t\t<span class=\"elementor-icon-list-icon\">\n\t\t\t\t\t\t\t<i aria-hidden=\"true\" class=\"fas fa-dot-circle\"><\/i>\t\t\t\t\t\t<\/span>\n\t\t\t\t\t\t\t\t\t\t<span class=\"elementor-icon-list-text\">Plagiocefalia<\/span>\n\t\t\t\t\t\t\t\t\t\t\t<\/a>\n\t\t\t\t\t\t\t\t\t<\/li>\n\t\t\t\t\t\t\t\t<li class=\"elementor-icon-list-item elementor-inline-item\">\n\t\t\t\t\t\t\t\t\t\t\t<a href=\"https:\/\/www.plagiocefalia.com\/pt-pt\/braquicefalia\/\">\n\n\t\t\t\t\t\t\t\t\t\t\t\t<span class=\"elementor-icon-list-icon\">\n\t\t\t\t\t\t\t<i aria-hidden=\"true\" class=\"fas fa-dot-circle\"><\/i>\t\t\t\t\t\t<\/span>\n\t\t\t\t\t\t\t\t\t\t<span class=\"elementor-icon-list-text\">Braquifcefalia<\/span>\n\t\t\t\t\t\t\t\t\t\t\t<\/a>\n\t\t\t\t\t\t\t\t\t<\/li>\n\t\t\t\t\t\t\t\t<li class=\"elementor-icon-list-item elementor-inline-item\">\n\t\t\t\t\t\t\t\t\t\t\t<a href=\"https:\/\/www.plagiocefalia.com\/pt-pt\/escafocefalia\/\">\n\n\t\t\t\t\t\t\t\t\t\t\t\t<span class=\"elementor-icon-list-icon\">\n\t\t\t\t\t\t\t<i aria-hidden=\"true\" class=\"fas fa-dot-circle\"><\/i>\t\t\t\t\t\t<\/span>\n\t\t\t\t\t\t\t\t\t\t<span class=\"elementor-icon-list-text\">Escafocefalia<\/span>\n\t\t\t\t\t\t\t\t\t\t\t<\/a>\n\t\t\t\t\t\t\t\t\t<\/li>\n\t\t\t\t\t\t\t\t<li class=\"elementor-icon-list-item elementor-inline-item\">\n\t\t\t\t\t\t\t\t\t\t\t<a href=\"https:\/\/www.plagiocefalia.com\/pt-pt\/outras-deformidades-cranianas\/\">\n\n\t\t\t\t\t\t\t\t\t\t\t\t<span class=\"elementor-icon-list-icon\">\n\t\t\t\t\t\t\t<i aria-hidden=\"true\" class=\"fas fa-dot-circle\"><\/i>\t\t\t\t\t\t<\/span>\n\t\t\t\t\t\t\t\t\t\t<span class=\"elementor-icon-list-text\">Outras deformidades<\/span>\n\t\t\t\t\t\t\t\t\t\t\t<\/a>\n\t\t\t\t\t\t\t\t\t<\/li>\n\t\t\t\t\t\t<\/ul>\n\t\t\t\t\t\t<\/div>\n\t\t\t\t<\/div>\n\t\t\t\t\t<\/div>\n\t\t<\/div>\n\t\t\t\t\t<\/div>\n\t\t<\/section>\n\t\t\t\t<\/div>\n\t\t","protected":false},"excerpt":{"rendered":"<p>Problemas m\u00e9dicos se as deformidades cranianas ficarem sem tratamento Problemas f\u00edsicos Todos t\u00eam direito \u00e0 sua pr\u00f3pria imagem, sim\u00e9trica e proporcional. O impacto morfol\u00f3gico \u00e9 por vezes muito severo, em alguns casos pior do que na craniossinostose simples e complexa, o que conduzir\u00e1 sem d\u00favida a problemas psicol\u00f3gicos na primeira inf\u00e2ncia e adolesc\u00eancia. O impacto [&hellip;]<\/p>\n","protected":false},"author":1,"featured_media":0,"parent":0,"menu_order":0,"comment_status":"closed","ping_status":"closed","template":"elementor_header_footer","meta":{"footnotes":""},"class_list":["post-18790","page","type-page","status-publish","hentry"],"_links":{"self":[{"href":"https:\/\/www.plagiocefalia.com\/pt-pt\/wp-json\/wp\/v2\/pages\/18790","targetHints":{"allow":["GET"]}}],"collection":[{"href":"https:\/\/www.plagiocefalia.com\/pt-pt\/wp-json\/wp\/v2\/pages"}],"about":[{"href":"https:\/\/www.plagiocefalia.com\/pt-pt\/wp-json\/wp\/v2\/types\/page"}],"author":[{"embeddable":true,"href":"https:\/\/www.plagiocefalia.com\/pt-pt\/wp-json\/wp\/v2\/users\/1"}],"replies":[{"embeddable":true,"href":"https:\/\/www.plagiocefalia.com\/pt-pt\/wp-json\/wp\/v2\/comments?post=18790"}],"version-history":[{"count":36,"href":"https:\/\/www.plagiocefalia.com\/pt-pt\/wp-json\/wp\/v2\/pages\/18790\/revisions"}],"predecessor-version":[{"id":45885,"href":"https:\/\/www.plagiocefalia.com\/pt-pt\/wp-json\/wp\/v2\/pages\/18790\/revisions\/45885"}],"wp:attachment":[{"href":"https:\/\/www.plagiocefalia.com\/pt-pt\/wp-json\/wp\/v2\/media?parent=18790"}],"curies":[{"name":"wp","href":"https:\/\/api.w.org\/{rel}","templated":true}]}}