{"id":21246,"date":"2022-01-19T08:48:22","date_gmt":"2022-01-19T08:48:22","guid":{"rendered":"https:\/\/www.plagiocefalia.com\/quali-sono-le-cause-della-plagiocefalia\/"},"modified":"2023-03-17T11:12:26","modified_gmt":"2023-03-17T11:12:26","slug":"quali-sono-le-cause-della-plagiocefalia","status":"publish","type":"page","link":"https:\/\/www.plagiocefalia.com\/it\/quali-sono-le-cause-della-plagiocefalia\/","title":{"rendered":"Quali sono le cause della plagiocefalia?"},"content":{"rendered":"\t\t<div data-elementor-type=\"wp-page\" data-elementor-id=\"21246\" class=\"elementor elementor-21246 elementor-19657\" data-elementor-post-type=\"page\">\n\t\t\t\t\t\t<section class=\"elementor-section elementor-top-section elementor-element elementor-element-2447c1c elementor-section-boxed elementor-section-height-default elementor-section-height-default\" data-id=\"2447c1c\" data-element_type=\"section\" data-e-type=\"section\">\n\t\t\t\t\t\t<div class=\"elementor-container elementor-column-gap-default\">\n\t\t\t\t\t<div class=\"elementor-column elementor-col-100 elementor-top-column elementor-element elementor-element-d510ce1\" data-id=\"d510ce1\" data-element_type=\"column\" data-e-type=\"column\">\n\t\t\t<div class=\"elementor-widget-wrap elementor-element-populated\">\n\t\t\t\t\t\t<div class=\"elementor-element elementor-element-3137b60 elementor-widget elementor-widget-html\" data-id=\"3137b60\" data-element_type=\"widget\" data-e-type=\"widget\" data-widget_type=\"html.default\">\n\t\t\t\t<div class=\"elementor-widget-container\">\n\t\t\t\t\t<center><h2><FONT COLOR=\"#014F99\">Quali sono le cause della plagiocefalia?<\/FONT><\/h2><\/center>\t\t\t\t<\/div>\n\t\t\t\t<\/div>\n\t\t\t\t\t<\/div>\n\t\t<\/div>\n\t\t\t\t\t<\/div>\n\t\t<\/section>\n\t\t\t\t<section class=\"elementor-section elementor-top-section elementor-element elementor-element-61ba161b elementor-section-boxed elementor-section-height-default elementor-section-height-default\" data-id=\"61ba161b\" data-element_type=\"section\" data-e-type=\"section\">\n\t\t\t\t\t\t<div class=\"elementor-container elementor-column-gap-default\">\n\t\t\t\t\t<div class=\"elementor-column elementor-col-100 elementor-top-column elementor-element elementor-element-4f9a49d4\" data-id=\"4f9a49d4\" data-element_type=\"column\" data-e-type=\"column\">\n\t\t\t<div class=\"elementor-widget-wrap elementor-element-populated\">\n\t\t\t\t\t\t<div class=\"elementor-element elementor-element-742cbed4 elementor-widget elementor-widget-text-editor\" data-id=\"742cbed4\" data-element_type=\"widget\" data-e-type=\"widget\" data-widget_type=\"text-editor.default\">\n\t\t\t\t<div class=\"elementor-widget-container\">\n\t\t\t\t\t\t\t\t\t<figure><img decoding=\"async\" class=\"aligncenter\" src=\"https:\/\/www.plagiocefalia.com\/wp-content\/uploads\/2020\/09\/baby-821625_640.jpg\" alt=\"cause di plagiocefalia\" \/><\/figure><p>Le cause della plagiocefalia possono essere diverse. In questo articolo te lo spieghiamo. Plagiocefalia \u00e8 una parola che deriva dal greco e significa testa obliqua, la testa di un bambino che \u00e8 asimmetrica o appiattita.<\/p><p>La plagiocefalia \u00e8 una deformit\u00e0 cranica molto comune nei bambini, il cranio assume una forma a diamante unica. Puoi anche vedere l&#8217;occhio dallo stesso lato pi\u00f9 aperto e l&#8217;orecchio pi\u00f9 avanzato.<\/p><p>A volte \u00e8 necessaria una radiografia della testa per escludere altre cause pi\u00f9 gravi di deformit\u00e0 cranica, ad esempio la craniosinostosi, che pu\u00f2 richiedere un trattamento chirurgico.<\/p><p>Il problema della plagiocefalia oscilla tra il 5% e il 48% dei neonati. Una delle cause possono essere le forze di compressione contro le ossa morbide della testa del bambino prima della nascita, come nei gemelli, o come risultato di una precoce discesa nel bacino. Durante il processo di nascita, forze eccessive possono anche portare alla deformazione del cranio.<\/p><p>Continua a leggere per scoprire le cause della plagiocefalia.<\/p><figure><\/figure><h2>\u00a0<\/h2><h2 style=\"text-align: center;\"><span style=\"color: #014f99;\">Le cause della plagiocefalia<\/span><\/h2><ul><li>Posizione nel grembo materno. A volte la posizione in cui il bambino giace nel grembo materno pu\u00f2 causare la plagiocefalia.<\/li><li>Torticollo. Il torcicollo \u00e8 una condizione in cui il bambino preferisce orientarsi in una direzione piuttosto che in un&#8217;altra. Il bambino si rivolger\u00e0 in quella direzione e dormir\u00e0 con la testa rivolta nella direzione preferita.<\/li><li>Posizione per dormire. Da quando si raccomanda di far dormire i bambini sulla schiena, i casi di morte improvvisa del lattante sono diminuiti, ma d&#8217;altro canto sono aumentati i rischi di plagiocefalia dovuti alla posizione.<\/li><\/ul><h3>\u00a0<\/h3><h3 style=\"text-align: center;\"><span style=\"color: #014f99;\">Si pu\u00f2 prevenire la plagiocefalia?<\/span><\/h3><p>La risposta \u00e8 si. Ci sono fattori per ridurre la plagiocefalia e li spieghiamo di seguito.<\/p><ul><li>Quando il bambino dorme, \u00e8 consigliabile che continui a dormire sulla schiena, anche in presenza di plagiocefalia. Tuttavia, \u00e8 anche una buona idea metterli a volte su un fianco, alternando la destra e la sinistra. In questo modo, la testa si adatter\u00e0 gradualmente.<\/li><li>Pi\u00f9 a lungo il bambino rimane fuori dalla carrozzina o dall&#8217;amaca, mentre \u00e8 sveglio, meglio \u00e8. In questo modo potrete controllare ogni movimento del bambino ed evitare posture scorrette.<\/li><li>Se il vostro bambino soffre di torcicollo, portatelo da un fisioterapista il prima possibile, in modo che non stia sempre sdraiato sullo stesso lato.<\/li><li>Fino a 4 mesi, il riposizionamento (dormire sul fianco) pu\u00f2 aiutare a trattare le deformazioni craniche.<\/li><li>A partire dai 4 mesi, l&#8217;uso di un casco ortopedico DOC Band\u00ae \u00e8 la soluzione pi\u00f9 efficace.<\/li><\/ul><p>Speriamo che abbiate capito le cause della plagiocefalia, se volete saperne di pi\u00f9 vi invitiamo a leggere l&#8217;articolo sulle cause della plagiocefalia. <a href=\"https:\/\/www.plagiocefalia.com\/it\/conseguenze-della-plagiocefalia\/\"> <strong>conseguenze della plagiocefalia<\/strong> <\/a> . Per ulteriori informazioni \u00e8 possibile contattare <a href=\"https:\/\/www.plagiocefalia.com\/it\/centri-doc-band\/\" rel=\"nofollow\"> <strong>contatto<\/strong> <\/a> con noi senza impegno.<\/p><h3 style=\"text-align: center;\"><span style=\"color: #014f99;\">Che cos&#8217;\u00e8 il casco per la plagiocefalia?<\/span><\/h3><p>Se la plagiocefalia del tuo bambino \u00e8 molto pronunciata, idealmente dovresti usare un tutore per riparare il punto piatto. La terapia varia a seconda della gravit\u00e0 del punto piatto del bambino. Pu\u00f2 essere utilizzato per diversi mesi secondo le raccomandazioni del medico. Questo casco \u00e8 unico ed esclusivo per ogni bambino, poich\u00e9 \u00e8 <strong>realizzato<\/strong> su misura. risultati positivi sugli zoccoli possono essere ottenuti fino a un anno di et\u00e0.<\/p><p>Alla prima visita imparerai la gravit\u00e0 della plagiocefalia del tuo bambino e il piano di trattamento raccomandato. Man mano che la testa del bambino cresce, il casco dovr\u00e0 adattarsi. Il bambino deve indossare il casco per le ore massime possibili consigliate dal medico. Ricorda che otterrai risultati pi\u00f9 rapidi se segui rigorosamente le istruzioni del medico.<\/p><p>Con l&#8217;utilizzo del <a href=\"https:\/\/www.plagiocefalia.com\/it\/casco-per-plagiocefalia-doc-band\/\"> <strong>casco ortopedico dinamico DOC Band\u00ae<\/strong> <\/a> il trattamento della plagiocefalia \u00e8 facile, sicuro e confortevole per il bambino.<\/p><p>Il casco ortopedico DOC Band\u00ae ha permesso il recupero di oltre 300.000 bambini in tutto il mondo. Vedere il <a href=\"https:\/\/www.plagiocefalia.com\/it\/risultati-casco-doc-band\/\"> <strong>risultati<\/strong> <\/a>.<\/p><h3 style=\"text-align: center;\"><span style=\"color: #014f99;\">Trattamento della plagiocefalia<\/span><\/h3><p>Se il bambino ha un&#8217;et\u00e0 compresa tra i 4 e i 18 mesi, il trattamento migliore per la plagiocefalia \u00e8 una fascia cranica dinamica (ortesi cranica).<\/p><p>Il trattamento consiste nell&#8217;utilizzo di un casco ortopedico su misura per sfruttare la crescita della testa e correggere cos\u00ec la deformit\u00e0.<\/p><ul><li style=\"list-style-type: none;\">\u00a0<\/li><\/ul><ul><li style=\"list-style-type: none;\">\u00a0<\/li><li>il casco esercita un&#8217;azione di contenimento sulle zone pi\u00f9 importanti<\/li><li>in modo che la testa cresca attraverso le parti non trattenute e libere da vincoli<\/li><\/ul><figure><img decoding=\"async\" class=\"aligncenter\" src=\"https:\/\/www.plagiocefalia.com\/wp-content\/uploads\/2018\/12\/peq_docband-300x211.jpg\" alt=\"trattamento della plagiocefalia\" \/><\/figure><p>Il trattamento richiede una serie di visite regolari dallo specialista, che apporter\u00e0 modifiche al casco, a seconda della crescita del cranio.<\/p><p>Questo trattamento \u00e8 reso possibile dal fatto che le fontanelle sono pi\u00f9 o meno aperte nei primi 2 anni di vita. <a href=\"https:\/\/www.stanfordchildrens.org\/en\/topic\/default?id=anatomyofthenewbornskull-90-P04943\" target=\"_blank\" rel=\"noreferrer noopener\"> <strong>fontanelle del cranio<\/strong> <\/a> sono pi\u00f9 o meno aperti durante i primi 2 anni di vita, abbastanza da poter rimodellare la forma perduta.<\/p><p>La durata media del trattamento \u00e8 di 4 mesi. \u00c8 consigliabile trattare la plagiocefalia il prima possibile.<\/p><p>Con oltre <strong>35 anni di esperienza<\/strong>, il Dott. <a href=\"https:\/\/www.plagiocefalia.com\/it\/equipe-medica\/\"> <strong>attrezzature mediche<\/strong> <\/a> Il dottor Pinyot ha trattato pi\u00f9 di <strong>4.000 casi<\/strong> di malformazioni craniche. <a href=\"https:\/\/www.plagiocefalia.com\/it\/deformita-del-cranio\/\"> <strong>malformazioni craniche<\/strong> <\/a>non esitate a <a href=\"https:\/\/www.plagiocefalia.com\/it\/centri-doc-band\/\"> <strong>contatta i nostri centri<\/strong> <\/a>.<\/p><p><span style=\"color: var( --e-global-color-text ); font-family: var( --e-global-typography-text-font-family ), Sans-serif; font-weight: var( --e-global-typography-text-font-weight ); font-size: 1rem;\">In questa guida, presentiamo informazioni su come <\/span><a style=\"font-family: var( --e-global-typography-text-font-family ), Sans-serif; font-weight: var( --e-global-typography-text-font-weight ); background-color: #ffffff; font-size: 1rem;\" href=\"https:\/\/www.plagiocefalia.com\/it\/come-faccio-a-sapere-se-il-mio-bambino-ha-la-plagiocefalia\/\"> <strong>valutare se il bambino ha la plagiocefalia<\/strong> <\/a><span style=\"color: var( --e-global-color-text ); font-family: var( --e-global-typography-text-font-family ), Sans-serif; font-weight: var( --e-global-typography-text-font-weight ); font-size: 1rem;\">o altre malformazioni craniche.<\/span><\/p>\t\t\t\t\t\t\t\t<\/div>\n\t\t\t\t<\/div>\n\t\t\t\t\t<\/div>\n\t\t<\/div>\n\t\t\t\t\t<\/div>\n\t\t<\/section>\n\t\t\t\t<section class=\"elementor-section elementor-top-section elementor-element elementor-element-3aed521 elementor-section-boxed elementor-section-height-default elementor-section-height-default\" data-id=\"3aed521\" data-element_type=\"section\" data-e-type=\"section\">\n\t\t\t\t\t\t<div class=\"elementor-container elementor-column-gap-default\">\n\t\t\t\t\t<div class=\"elementor-column elementor-col-100 elementor-top-column elementor-element elementor-element-8f39110\" data-id=\"8f39110\" data-element_type=\"column\" data-e-type=\"column\">\n\t\t\t<div class=\"elementor-widget-wrap elementor-element-populated\">\n\t\t\t\t\t\t<div class=\"elementor-element elementor-element-e4b63c2 elementor-widget elementor-widget-html\" data-id=\"e4b63c2\" data-element_type=\"widget\" data-e-type=\"widget\" data-widget_type=\"html.default\">\n\t\t\t\t<div class=\"elementor-widget-container\">\n\t\t\t\t\t<h4><center><strong><a href=\"https:\/\/www.plagiocefalia.com\/it\/feedback-trattamento-casco-doc-band\/\/\"><span style=\"color: #993300;\">  Feedback dei genitori <\/span><\/a><\/strong><\/center><\/h4>\t\t\t\t<\/div>\n\t\t\t\t<\/div>\n\t\t\t\t\t<\/div>\n\t\t<\/div>\n\t\t\t\t\t<\/div>\n\t\t<\/section>\n\t\t\t\t<\/div>\n\t\t","protected":false},"excerpt":{"rendered":"<p>Quali sono le cause della plagiocefalia? Le cause della plagiocefalia possono essere diverse. In questo articolo te lo spieghiamo. Plagiocefalia \u00e8 una parola che deriva dal greco e significa testa obliqua, la testa di un bambino che \u00e8 asimmetrica o appiattita. La plagiocefalia \u00e8 una deformit\u00e0 cranica molto comune nei bambini, il cranio assume una [&hellip;]<\/p>\n","protected":false},"author":1,"featured_media":19662,"parent":0,"menu_order":0,"comment_status":"open","ping_status":"open","template":"","meta":{"footnotes":""},"class_list":["post-21246","page","type-page","status-publish","has-post-thumbnail","hentry"],"_links":{"self":[{"href":"https:\/\/www.plagiocefalia.com\/it\/wp-json\/wp\/v2\/pages\/21246","targetHints":{"allow":["GET"]}}],"collection":[{"href":"https:\/\/www.plagiocefalia.com\/it\/wp-json\/wp\/v2\/pages"}],"about":[{"href":"https:\/\/www.plagiocefalia.com\/it\/wp-json\/wp\/v2\/types\/page"}],"author":[{"embeddable":true,"href":"https:\/\/www.plagiocefalia.com\/it\/wp-json\/wp\/v2\/users\/1"}],"replies":[{"embeddable":true,"href":"https:\/\/www.plagiocefalia.com\/it\/wp-json\/wp\/v2\/comments?post=21246"}],"version-history":[{"count":16,"href":"https:\/\/www.plagiocefalia.com\/it\/wp-json\/wp\/v2\/pages\/21246\/revisions"}],"predecessor-version":[{"id":44941,"href":"https:\/\/www.plagiocefalia.com\/it\/wp-json\/wp\/v2\/pages\/21246\/revisions\/44941"}],"wp:featuredmedia":[{"embeddable":true,"href":"https:\/\/www.plagiocefalia.com\/it\/wp-json\/wp\/v2\/media\/19662"}],"wp:attachment":[{"href":"https:\/\/www.plagiocefalia.com\/it\/wp-json\/wp\/v2\/media?parent=21246"}],"curies":[{"name":"wp","href":"https:\/\/api.w.org\/{rel}","templated":true}]}}