{"id":25557,"date":"2022-03-25T15:11:33","date_gmt":"2022-03-25T15:11:33","guid":{"rendered":"https:\/\/www.plagiocefalia.com\/diagnose\/"},"modified":"2023-03-27T05:28:05","modified_gmt":"2023-03-27T05:28:05","slug":"diagnose","status":"publish","type":"page","link":"https:\/\/www.plagiocefalia.com\/de\/diagnose\/","title":{"rendered":"Diagnose"},"content":{"rendered":"\t\t<div data-elementor-type=\"wp-post\" data-elementor-id=\"25557\" class=\"elementor elementor-25557 elementor-1884\" data-elementor-post-type=\"page\">\n\t\t\t\t\t\t<section class=\"elementor-section elementor-top-section elementor-element elementor-element-952c44b elementor-section-boxed elementor-section-height-default elementor-section-height-default\" data-id=\"952c44b\" data-element_type=\"section\" data-e-type=\"section\">\n\t\t\t\t\t\t<div class=\"elementor-container elementor-column-gap-default\">\n\t\t\t\t\t<div class=\"elementor-column elementor-col-100 elementor-top-column elementor-element elementor-element-f4b3a3f\" data-id=\"f4b3a3f\" data-element_type=\"column\" data-e-type=\"column\">\n\t\t\t<div class=\"elementor-widget-wrap elementor-element-populated\">\n\t\t\t\t\t\t<div class=\"elementor-element elementor-element-8469968 elementor-widget elementor-widget-html\" data-id=\"8469968\" data-element_type=\"widget\" data-e-type=\"widget\" data-widget_type=\"html.default\">\n\t\t\t\t<div class=\"elementor-widget-container\">\n\t\t\t\t\t<h2><center><span style=\"color: #014f99;\"> Diagnose von Sch\u00e4delfehlbildungen <\/span><\/center><\/h2>\t\t\t\t<\/div>\n\t\t\t\t<\/div>\n\t\t\t\t\t<\/div>\n\t\t<\/div>\n\t\t\t\t\t<\/div>\n\t\t<\/section>\n\t\t\t\t<section class=\"elementor-section elementor-top-section elementor-element elementor-element-8e09a46 elementor-section-boxed elementor-section-height-default elementor-section-height-default\" data-id=\"8e09a46\" data-element_type=\"section\" data-e-type=\"section\">\n\t\t\t\t\t\t<div class=\"elementor-container elementor-column-gap-default\">\n\t\t\t\t\t<div class=\"elementor-column elementor-col-50 elementor-top-column elementor-element elementor-element-1eafb4e\" data-id=\"1eafb4e\" data-element_type=\"column\" data-e-type=\"column\">\n\t\t\t<div class=\"elementor-widget-wrap elementor-element-populated\">\n\t\t\t\t\t\t<div class=\"elementor-element elementor-element-0c444a8 elementor-widget elementor-widget-text-editor\" data-id=\"0c444a8\" data-element_type=\"widget\" data-e-type=\"widget\" data-widget_type=\"text-editor.default\">\n\t\t\t\t<div class=\"elementor-widget-container\">\n\t\t\t\t\t\t\t\t\t<p><span style=\"font-weight: 400;\">F\u00fcr einen Vater oder eine Mutter ist die<\/span> <span style=\"font-weight: 400;\">Diagnose einer Plagiozephalie<\/span> <span style=\"font-weight: 400;\">bei ihrem Kind sehr wichtig, da sie einen direkten Einfluss auf die Gesundheit des Babys haben k\u00f6nnte.<\/span><\/p><p><strong><a href=\"https:\/\/www.plagiocefalia.com\/de\/plagiozephalie\/\">Plagiozephalie<\/a><\/strong> <span style=\"font-weight: 400;\">,<\/span> <strong><a href=\"https:\/\/www.plagiocefalia.com\/de\/brachyzephalie\">Brachyzephalie<\/a><\/strong> <span style=\"font-weight: 400;\">und<\/span> <strong><a href=\"https:\/\/www.plagiocefalia.com\/de\/skaphozephalie\">Skaphozephalie<\/a><\/strong> <span style=\"font-weight: 400;\">k\u00f6nnen<\/span> verwechselt werden<span style=\"font-weight: 400;\"> Lage- und Sch\u00e4delfehlbildungen, Kraniosynostose genannt, deren Ursachen, Auspr\u00e4gungen und L\u00f6sungen sehr unterschiedlich sind. Hier sieht man die <\/span><a href=\"https:\/\/www.plagiocefalia.com\/de\/schaedelfehlbildungen-bei-babys\"><span style=\"font-weight: 400;\">Arten von Sch\u00e4delfehlbildungen<\/span><\/a> <span style=\"font-weight: 400;\">, die es gibt.<\/span><\/p><p><span style=\"font-weight: 400;\">Im Zweifelsfall k\u00f6nnen Sie diese Sch\u00e4delmissbildungen mit dem Aussehen des Kopfes Ihres Sohnes oder Ihrer Tochter vergleichen. Denken Sie daran, dass keine Sch\u00e4deldeformit\u00e4t gleich ist und es je nach Produktionsmechanismus und je nach Bereich, der den mechanischen Druck erhalten hat, unterschiedliche Schweregrade und unterschiedliche Kompensationen gibt. Wenn Sie der Meinung sind, dass der Kopf Ihres Kindes nicht ganz normal ist, sollten Sie einen Experten um Rat fragen <\/span><span style=\"font-weight: 400;\">Diagnose Plagiozephalie<\/span> <span style=\"font-weight: 400;\">oder welche Art von Missbildung Sie auch immer haben.<\/span><\/p>\t\t\t\t\t\t\t\t<\/div>\n\t\t\t\t<\/div>\n\t\t\t\t\t<\/div>\n\t\t<\/div>\n\t\t\t\t<div class=\"elementor-column elementor-col-50 elementor-top-column elementor-element elementor-element-4f0b02b\" data-id=\"4f0b02b\" data-element_type=\"column\" data-e-type=\"column\" data-settings=\"{&quot;background_background&quot;:&quot;classic&quot;}\">\n\t\t\t<div class=\"elementor-widget-wrap\">\n\t\t\t\t\t\t\t<\/div>\n\t\t<\/div>\n\t\t\t\t\t<\/div>\n\t\t<\/section>\n\t\t\t\t<section class=\"elementor-section elementor-top-section elementor-element elementor-element-3b297884 elementor-section-boxed elementor-section-height-default elementor-section-height-default\" data-id=\"3b297884\" data-element_type=\"section\" data-e-type=\"section\" data-settings=\"{&quot;background_background&quot;:&quot;classic&quot;}\">\n\t\t\t\t\t\t<div class=\"elementor-container elementor-column-gap-default\">\n\t\t\t\t\t<div class=\"elementor-column elementor-col-50 elementor-top-column elementor-element elementor-element-2eac93a2\" data-id=\"2eac93a2\" data-element_type=\"column\" data-e-type=\"column\" data-settings=\"{&quot;background_background&quot;:&quot;classic&quot;}\">\n\t\t\t<div class=\"elementor-widget-wrap elementor-element-populated\">\n\t\t\t\t\t\t<div class=\"elementor-element elementor-element-1481bf1c elementor-widget elementor-widget-text-editor\" data-id=\"1481bf1c\" data-element_type=\"widget\" data-e-type=\"widget\" data-widget_type=\"text-editor.default\">\n\t\t\t\t<div class=\"elementor-widget-container\">\n\t\t\t\t\t\t\t\t\t<h2><b>Wie Plagiozephalie diagnostiziert wird<\/b><\/h2>\t\t\t\t\t\t\t\t<\/div>\n\t\t\t\t<\/div>\n\t\t\t\t<div class=\"elementor-element elementor-element-49bb7b14 elementor-widget elementor-widget-text-editor\" data-id=\"49bb7b14\" data-element_type=\"widget\" data-e-type=\"widget\" data-widget_type=\"text-editor.default\">\n\t\t\t\t<div class=\"elementor-widget-container\">\n\t\t\t\t\t\t\t\t\t<p><span style=\"font-weight: 400;\"> <\/span><\/p><p><span style=\"color: var( --e-global-color-text ); font-family: var( --e-global-typography-text-font-family ), Sans-serif; font-size: 1rem;\">Eltern betroffener Kinder wissen in der Regel, wie sie eine Sch\u00e4deldeformit\u00e4t diagnostizieren k\u00f6nnen, indem sie den Kopf ihres Kindes betrachten. Jede noch so kleine Ver\u00e4nderung wird den Eltern sofort auffallen.<\/span><\/p><p><span style=\"font-weight: 400;\">Wenn Sie glauben, dass Ihr Kind ein Problem mit der Sch\u00e4delbildung haben k\u00f6nnte, m\u00fcssen Sie zu einem Spezialisten gehen, der das Kind anhand einer Kopfdiagnose beurteilt.<br><\/span><span style=\"font-weight: 400;\"><br><\/span><span style=\"font-weight: 400;\">Bei der Untersuchung wird die Beweglichkeit der Nackenmuskulatur beurteilt und Asymmetrien in Gesicht, Hals, Ohren und Wangenknochen erkundet. Es wird sowohl von vorne als auch von der Seite und von oben beobachtet, um festzustellen, an welcher Art von Sch\u00e4delfehlbildung das Baby leidet.<\/span><\/p>\t\t\t\t\t\t\t\t<\/div>\n\t\t\t\t<\/div>\n\t\t\t\t\t<\/div>\n\t\t<\/div>\n\t\t\t\t<div class=\"elementor-column elementor-col-50 elementor-top-column elementor-element elementor-element-deb7385\" data-id=\"deb7385\" data-element_type=\"column\" data-e-type=\"column\">\n\t\t\t<div class=\"elementor-widget-wrap elementor-element-populated\">\n\t\t\t\t\t\t<div class=\"elementor-element elementor-element-36a648b elementor-widget elementor-widget-text-editor\" data-id=\"36a648b\" data-element_type=\"widget\" data-e-type=\"widget\" data-widget_type=\"text-editor.default\">\n\t\t\t\t<div class=\"elementor-widget-container\">\n\t\t\t\t\t\t\t\t\t<p>Bei der <strong>Diagnose einer Plagiozephalie<\/strong> liegt sicherlich eine Abflachung der Hinterhauptsregion des Kopfes vor. Derzeit ist die Positionsplagiozephalie die h\u00e4ufigste Ursache f\u00fcr die Unterst\u00fctzung in einer p\u00e4diatrischen neurochirurgischen Sprechstunde. Es gibt keine wissenschaftlichen Beweise daf\u00fcr, dass die positionelle Plagiozephalie andere Ver\u00e4nderungen als die der Sch\u00e4del- und\/oder Gesichtsdeformation hervorruft.<\/p>\t\t\t\t\t\t\t\t<\/div>\n\t\t\t\t<\/div>\n\t\t\t\t<div class=\"elementor-element elementor-element-1097dba elementor-widget elementor-widget-image\" data-id=\"1097dba\" data-element_type=\"widget\" data-e-type=\"widget\" data-widget_type=\"image.default\">\n\t\t\t\t<div class=\"elementor-widget-container\">\n\t\t\t\t\t\t\t\t\t\t\t\t\t\t\t<img fetchpriority=\"high\" decoding=\"async\" width=\"364\" height=\"286\" src=\"https:\/\/www.plagiocefalia.com\/wp-content\/uploads\/2020\/07\/kid.jpg\" class=\"attachment-large size-large wp-image-19589\" alt=\"plagiocefalia diagn\u00f3stico\" srcset=\"https:\/\/www.plagiocefalia.com\/wp-content\/uploads\/2020\/07\/kid.jpg 364w, https:\/\/www.plagiocefalia.com\/wp-content\/uploads\/2020\/07\/kid-300x236.jpg 300w\" sizes=\"(max-width: 364px) 100vw, 364px\" \/>\t\t\t\t\t\t\t\t\t\t\t\t\t\t\t<\/div>\n\t\t\t\t<\/div>\n\t\t\t\t\t<\/div>\n\t\t<\/div>\n\t\t\t\t\t<\/div>\n\t\t<\/section>\n\t\t\t\t<section class=\"elementor-section elementor-top-section elementor-element elementor-element-4b8a1897 elementor-section-boxed elementor-section-height-default elementor-section-height-default\" data-id=\"4b8a1897\" data-element_type=\"section\" data-e-type=\"section\">\n\t\t\t\t\t\t<div class=\"elementor-container elementor-column-gap-default\">\n\t\t\t\t\t<div class=\"elementor-column elementor-col-50 elementor-top-column elementor-element elementor-element-64ea6121\" data-id=\"64ea6121\" data-element_type=\"column\" data-e-type=\"column\">\n\t\t\t<div class=\"elementor-widget-wrap elementor-element-populated\">\n\t\t\t\t\t\t<div class=\"elementor-element elementor-element-ef01145 elementor-widget elementor-widget-heading\" data-id=\"ef01145\" data-element_type=\"widget\" data-e-type=\"widget\" data-widget_type=\"heading.default\">\n\t\t\t\t<div class=\"elementor-widget-container\">\n\t\t\t\t\t<h3 class=\"elementor-heading-title elementor-size-default\">Weitere Fragen zur Krankheit<\/h3>\t\t\t\t<\/div>\n\t\t\t\t<\/div>\n\t\t\t\t<div class=\"elementor-element elementor-element-fecdc6f elementor-widget elementor-widget-text-editor\" data-id=\"fecdc6f\" data-element_type=\"widget\" data-e-type=\"widget\" data-widget_type=\"text-editor.default\">\n\t\t\t\t<div class=\"elementor-widget-container\">\n\t\t\t\t\t\t\t\t\t<p><span style=\"font-weight: 400;\">Dieses Ph\u00e4nomen kann vor oder nach der Geburt auftreten. Die Hauptursachen vor der Geburt sind: verl\u00e4ngerte F\u00f6tuspositionen, Mehrlingsschwangerschaften, Geb\u00e4rmutteranomalien, gro\u00dfe F\u00f6ten, Zangen- oder Vakuumgeburten usw. <\/span><\/p><p><span style=\"font-weight: 400;\">Die Hauptursachen nach der Geburt sind: vom Baby ohne ersichtlichen Grund gew\u00e4hlte Position, immer gleiche Abst\u00fctzung des Kopfes, systematische Abst\u00fctzung des Kopfes im Hinterkopfbereich einseitig oder beidseitig, im Schlaf oder in Wachphasen.<\/span><\/p><p> <\/p><p><span style=\"font-weight: 400;\">Diagnose<\/span> <span style=\"font-weight: 400;\">Plagiozephalie<\/span><span style=\"font-weight: 400;\"> Es ist grunds\u00e4tzlich klinisch, sodass in den meisten F\u00e4llen keine radiologische Untersuchung erforderlich ist. Normalerweise l\u00e4sst sich das Problem durch eine Lagerungsbehandlung leicht l\u00f6sen, und in schweren F\u00e4llen, die sich durch eine Lagerungsbehandlung nicht gebessert haben, wird ein kranialer CT-Scan und eine dreidimensionale Rekonstruktion durchgef\u00fchrt, um die Differentialdiagnose mit Kraniosynostose sicherzustellen.<\/span><\/p>\t\t\t\t\t\t\t\t<\/div>\n\t\t\t\t<\/div>\n\t\t\t\t\t<\/div>\n\t\t<\/div>\n\t\t\t\t<div class=\"elementor-column elementor-col-50 elementor-top-column elementor-element elementor-element-f43621c\" data-id=\"f43621c\" data-element_type=\"column\" data-e-type=\"column\">\n\t\t\t<div class=\"elementor-widget-wrap elementor-element-populated\">\n\t\t\t\t\t\t<div class=\"elementor-element elementor-element-423109d elementor-widget elementor-widget-text-editor\" data-id=\"423109d\" data-element_type=\"widget\" data-e-type=\"widget\" data-widget_type=\"text-editor.default\">\n\t\t\t\t<div class=\"elementor-widget-container\">\n\t\t\t\t\t\t\t\t\t<p dir=\"ltr\" style=\"line-height:1.7999999999999998;background-color:#ffffff;margin-top:0pt;margin-bottom:11pt;\"><span style=\"font-size:12pt;font-family:Arial;color:#333333;background-color:transparent;font-weight:400;font-style:normal;font-variant:normal;text-decoration:none;vertical-align:baseline;white-space:pre;white-space:pre-wrap;\">Eltern von Kindern, die von Plagiozephalie betroffen sind, \u00e4u\u00dfern viele Zweifel. Oftmals werden diese Sch\u00e4delerkrankungen nicht oder erst sp\u00e4t diagnostiziert.<\/span><\/p><ul style=\"margin-top:0;margin-bottom:0;padding-inline-start:48px;\"><li dir=\"ltr\" style=\"list-style-type:disc;font-size:12pt;font-family:Arial;color:#333333;background-color:transparent;font-weight:400;font-style:normal;font-variant:normal;text-decoration:none;vertical-align:baseline;white-space:pre;\" aria-level=\"1\"><p dir=\"ltr\" style=\"line-height:1.7999999999999998;background-color:#ffffff;margin-top:0pt;margin-bottom:0pt;\" role=\"presentation\"><span style=\"font-size:12pt;font-family:Arial;color:#333333;background-color:transparent;font-weight:400;font-style:normal;font-variant:normal;text-decoration:none;vertical-align:baseline;white-space:pre;white-space:pre-wrap;\">Wenn sie fr\u00fch diagnostiziert werden, werden sie normalerweise heruntergespielt.<\/span><\/p><\/li><li dir=\"ltr\" style=\"list-style-type:disc;font-size:12pt;font-family:Arial;color:#333333;background-color:transparent;font-weight:400;font-style:normal;font-variant:normal;text-decoration:none;vertical-align:baseline;white-space:pre;\" aria-level=\"1\"><p dir=\"ltr\" style=\"line-height:1.7999999999999998;background-color:#ffffff;margin-top:0pt;margin-bottom:0pt;\" role=\"presentation\"><span style=\"font-size:12pt;font-family:Arial;color:#333333;background-color:transparent;font-weight:400;font-style:normal;font-variant:normal;text-decoration:none;vertical-align:baseline;white-space:pre;white-space:pre-wrap;\">Sie werden als \u201e\u00e4sthetisches\u201c Problem angesehen und nicht als das, was sie sind: eine Fehlbildung.<\/span><\/p><\/li><li dir=\"ltr\" style=\"list-style-type:disc;font-size:12pt;font-family:Arial;color:#333333;background-color:transparent;font-weight:400;font-style:normal;font-variant:normal;text-decoration:none;vertical-align:baseline;white-space:pre;\" aria-level=\"1\"><p dir=\"ltr\" style=\"line-height:1.7999999999999998;background-color:#ffffff;margin-top:0pt;margin-bottom:0pt;\" role=\"presentation\"><span style=\"font-size:12pt;font-family:Arial;color:#333333;background-color:transparent;font-weight:400;font-style:normal;font-variant:normal;text-decoration:none;vertical-align:baseline;white-space:pre;white-space:pre-wrap;\">Viele Eltern wollen sie behandeln und ihre \u00c4rzte raten davon ab.<\/span><\/p><\/li><li dir=\"ltr\" style=\"list-style-type:disc;font-size:12pt;font-family:Arial;color:#333333;background-color:transparent;font-weight:400;font-style:normal;font-variant:normal;text-decoration:none;vertical-align:baseline;white-space:pre;\" aria-level=\"1\"><p dir=\"ltr\" style=\"line-height:1.7999999999999998;background-color:#ffffff;margin-top:0pt;margin-bottom:0pt;\" role=\"presentation\"><span style=\"font-size:12pt;font-family:Arial;color:#333333;background-color:transparent;font-weight:400;font-style:normal;font-variant:normal;text-decoration:none;vertical-align:baseline;white-space:pre;white-space:pre-wrap;\">Andere, die die Alternativen kennen, verschweigen den Eltern wertvolle Informationen zu diesem Thema.<\/span><span style=\"font-size:12pt;font-family:Arial;color:#333333;background-color:transparent;font-weight:400;font-style:normal;font-variant:normal;text-decoration:none;vertical-align:baseline;white-space:pre;white-space:pre-wrap;\"><br><br><\/span><\/p><\/li><\/ul><p><span id=\"docs-internal-guid-ba8be7ce-7fff-19e5-e933-2e077fe77a66\"><\/span><\/p><p dir=\"ltr\" style=\"line-height:1.7999999999999998;background-color:#ffffff;margin-top:0pt;margin-bottom:0pt;\"><span style=\"font-size:12pt;font-family:Arial;color:#333333;background-color:transparent;font-weight:400;font-style:normal;font-variant:normal;text-decoration:none;vertical-align:baseline;white-space:pre;white-space:pre-wrap;\">Wenn Sie glauben, dass Ihr Kind an einer Sch\u00e4delmissbildung leiden k\u00f6nnte, empfehlen wir Ihnen, sich mit uns in Verbindung zu setzen, damit wir den Sch\u00e4del Ihres Babys richtig diagnostizieren k\u00f6nnen. Denn die Gesundheit Ihres Kindes ist das Wichtigste.<\/span><\/p>\t\t\t\t\t\t\t\t<\/div>\n\t\t\t\t<\/div>\n\t\t\t\t\t<\/div>\n\t\t<\/div>\n\t\t\t\t\t<\/div>\n\t\t<\/section>\n\t\t\t\t<\/div>\n\t\t","protected":false},"excerpt":{"rendered":"<p>Diagnose von Sch\u00e4delfehlbildungen F\u00fcr einen Vater oder eine Mutter ist die Diagnose einer Plagiozephalie bei ihrem Kind sehr wichtig, da sie einen direkten Einfluss auf die Gesundheit des Babys haben k\u00f6nnte. Plagiozephalie , Brachyzephalie und Skaphozephalie k\u00f6nnen verwechselt werden Lage- und Sch\u00e4delfehlbildungen, Kraniosynostose genannt, deren Ursachen, Auspr\u00e4gungen und L\u00f6sungen sehr unterschiedlich sind. Hier sieht man [&hellip;]<\/p>\n","protected":false},"author":1,"featured_media":0,"parent":0,"menu_order":0,"comment_status":"closed","ping_status":"closed","template":"elementor_header_footer","meta":{"footnotes":""},"class_list":["post-25557","page","type-page","status-publish","hentry"],"_links":{"self":[{"href":"https:\/\/www.plagiocefalia.com\/de\/wp-json\/wp\/v2\/pages\/25557","targetHints":{"allow":["GET"]}}],"collection":[{"href":"https:\/\/www.plagiocefalia.com\/de\/wp-json\/wp\/v2\/pages"}],"about":[{"href":"https:\/\/www.plagiocefalia.com\/de\/wp-json\/wp\/v2\/types\/page"}],"author":[{"embeddable":true,"href":"https:\/\/www.plagiocefalia.com\/de\/wp-json\/wp\/v2\/users\/1"}],"replies":[{"embeddable":true,"href":"https:\/\/www.plagiocefalia.com\/de\/wp-json\/wp\/v2\/comments?post=25557"}],"version-history":[{"count":18,"href":"https:\/\/www.plagiocefalia.com\/de\/wp-json\/wp\/v2\/pages\/25557\/revisions"}],"predecessor-version":[{"id":45353,"href":"https:\/\/www.plagiocefalia.com\/de\/wp-json\/wp\/v2\/pages\/25557\/revisions\/45353"}],"wp:attachment":[{"href":"https:\/\/www.plagiocefalia.com\/de\/wp-json\/wp\/v2\/media?parent=25557"}],"curies":[{"name":"wp","href":"https:\/\/api.w.org\/{rel}","templated":true}]}}