{"id":25233,"date":"2022-03-25T15:06:08","date_gmt":"2022-03-25T15:06:08","guid":{"rendered":"https:\/\/www.plagiocefalia.com\/medizinische-probleme-wenn-schaedeldeformitaeten-nicht-behandelt-werden\/"},"modified":"2023-04-06T08:51:54","modified_gmt":"2023-04-06T08:51:54","slug":"medizinische-probleme-wenn-schaedeldeformitaeten-nicht-behandelt-werden","status":"publish","type":"page","link":"https:\/\/www.plagiocefalia.com\/de\/medizinische-probleme-wenn-schaedeldeformitaeten-nicht-behandelt-werden\/","title":{"rendered":"Medizinische Probleme, wenn Sch\u00e4deldeformit\u00e4ten nicht behandelt werden"},"content":{"rendered":"\t\t<div data-elementor-type=\"wp-post\" data-elementor-id=\"25233\" class=\"elementor elementor-25233 elementor-4917\" data-elementor-post-type=\"page\">\n\t\t\t\t\t\t<section class=\"elementor-section elementor-top-section elementor-element elementor-element-94a0e3e elementor-section-boxed elementor-section-height-default elementor-section-height-default\" data-id=\"94a0e3e\" data-element_type=\"section\" data-e-type=\"section\">\n\t\t\t\t\t\t<div class=\"elementor-container elementor-column-gap-default\">\n\t\t\t\t\t<div class=\"elementor-column elementor-col-100 elementor-top-column elementor-element elementor-element-98b508d\" data-id=\"98b508d\" data-element_type=\"column\" data-e-type=\"column\">\n\t\t\t<div class=\"elementor-widget-wrap elementor-element-populated\">\n\t\t\t\t\t\t<div class=\"elementor-element elementor-element-3e18342 elementor-widget elementor-widget-html\" data-id=\"3e18342\" data-element_type=\"widget\" data-e-type=\"widget\" data-widget_type=\"html.default\">\n\t\t\t\t<div class=\"elementor-widget-container\">\n\t\t\t\t\t<h2><center><span style=\"color: #014f99;\"> Medizinische Probleme <\/span><\/center><\/h2>\n<h4><center><span style=\"color: #014f99;\"> wenn Sch\u00e4deldeformit\u00e4ten nicht behandelt werden <\/span><\/center><\/h4>\t\t\t\t<\/div>\n\t\t\t\t<\/div>\n\t\t\t\t\t<\/div>\n\t\t<\/div>\n\t\t\t\t\t<\/div>\n\t\t<\/section>\n\t\t\t\t<section class=\"elementor-section elementor-top-section elementor-element elementor-element-e15e2ef elementor-section-boxed elementor-section-height-default elementor-section-height-default\" data-id=\"e15e2ef\" data-element_type=\"section\" data-e-type=\"section\">\n\t\t\t\t\t\t<div class=\"elementor-container elementor-column-gap-default\">\n\t\t\t\t\t<div class=\"elementor-column elementor-col-50 elementor-top-column elementor-element elementor-element-588773e\" data-id=\"588773e\" data-element_type=\"column\" data-e-type=\"column\">\n\t\t\t<div class=\"elementor-widget-wrap elementor-element-populated\">\n\t\t\t\t\t\t<div class=\"elementor-element elementor-element-5ab5daa elementor-widget elementor-widget-accordion\" data-id=\"5ab5daa\" data-element_type=\"widget\" data-e-type=\"widget\" data-widget_type=\"accordion.default\">\n\t\t\t\t<div class=\"elementor-widget-container\">\n\t\t\t\t\t\t\t<div class=\"elementor-accordion\">\n\t\t\t\t\t\t\t<div class=\"elementor-accordion-item\">\n\t\t\t\t\t<h4 id=\"elementor-tab-title-9511\" class=\"elementor-tab-title\" data-tab=\"1\" role=\"button\" aria-controls=\"elementor-tab-content-9511\" aria-expanded=\"false\">\n\t\t\t\t\t\t\t\t\t\t\t\t\t<span class=\"elementor-accordion-icon elementor-accordion-icon-left\" aria-hidden=\"true\">\n\t\t\t\t\t\t\t\t\t\t\t\t\t\t\t<span class=\"elementor-accordion-icon-closed\"><i class=\"fas fa-arrow-right\"><\/i><\/span>\n\t\t\t\t\t\t\t\t<span class=\"elementor-accordion-icon-opened\"><i class=\"fas fa-angle-down\"><\/i><\/span>\n\t\t\t\t\t\t\t\t\t\t\t\t\t\t<\/span>\n\t\t\t\t\t\t\t\t\t\t\t\t<a class=\"elementor-accordion-title\" tabindex=\"0\">Physische Probleme<\/a>\n\t\t\t\t\t<\/h4>\n\t\t\t\t\t<div id=\"elementor-tab-content-9511\" class=\"elementor-tab-content elementor-clearfix\" data-tab=\"1\" role=\"region\" aria-labelledby=\"elementor-tab-title-9511\"><ul>\n \t<li>Jede Person hat das Recht auf ein eigenes Bild, symmetrisch und verh\u00e4ltnism\u00e4\u00dfig.<\/li>\n \t<li>Die morphologischen Auswirkungen sind teilweise sehr stark, teilweise schlimmer als bei einfachen und komplexen Kraniosynostosen, was zweifellos bereits im fr\u00fchen Kindes- und Jugendalter zu psychischen Problemen f\u00fchren wird.<\/li>\n \t<li>Die funktionelle Auswirkung in unbehandelten F\u00e4llen kann wichtig sein.<\/li>\n<\/ul><\/div>\n\t\t\t\t<\/div>\n\t\t\t\t\t\t\t<div class=\"elementor-accordion-item\">\n\t\t\t\t\t<h4 id=\"elementor-tab-title-9512\" class=\"elementor-tab-title\" data-tab=\"2\" role=\"button\" aria-controls=\"elementor-tab-content-9512\" aria-expanded=\"false\">\n\t\t\t\t\t\t\t\t\t\t\t\t\t<span class=\"elementor-accordion-icon elementor-accordion-icon-left\" aria-hidden=\"true\">\n\t\t\t\t\t\t\t\t\t\t\t\t\t\t\t<span class=\"elementor-accordion-icon-closed\"><i class=\"fas fa-arrow-right\"><\/i><\/span>\n\t\t\t\t\t\t\t\t<span class=\"elementor-accordion-icon-opened\"><i class=\"fas fa-angle-down\"><\/i><\/span>\n\t\t\t\t\t\t\t\t\t\t\t\t\t\t<\/span>\n\t\t\t\t\t\t\t\t\t\t\t\t<a class=\"elementor-accordion-title\" tabindex=\"0\">Funktionelle neurologische Probleme<\/a>\n\t\t\t\t\t<\/h4>\n\t\t\t\t\t<div id=\"elementor-tab-content-9512\" class=\"elementor-tab-content elementor-clearfix\" data-tab=\"2\" role=\"region\" aria-labelledby=\"elementor-tab-title-9512\"><p>Miller und Clarren ver\u00f6ffentlichten, dass 39,8 % der unbehandelten Plagiozephalien eine neurologische Reifungsverz\u00f6gerung hervorrufen. Kordestani ua (2006) untersuchten 110 Patienten mit unbehandelter Plagiozephalie und stellten fest, dass: 19 % mittlere psychomotorische Verz\u00f6gerungen, 7 % signifikante psychomotorische Verz\u00f6gerungen, 7 % mittlere kognitive Verz\u00f6gerungen und 3 % signifikante kognitive Verz\u00f6gerungen aufwiesen. Unsere Fachleute f\u00fchren prospektive Studien an behandelten Kindern durch, um den Grad der funktionellen Beeintr\u00e4chtigung nach Alter, Geschlecht, Art der Deformit\u00e4t und Schwere derselben zu bestimmen.<\/p><ul><li>2000: <a href=\"https:\/\/publications.aap.org\/pediatrics\/article-abstract\/105\/2\/e26\/62544\/Long-Term-Developmental-Outcomes-in-Patients-With?redirectedFrom=fulltext\" target=\"_blank\" rel=\"noopener\">Miller und Clarren<\/a> .<\/li><li>2001: <a href=\"https:\/\/www.ncbi.nlm.nih.gov\/pubmed\/11711916?dopt=Abstract\" target=\"_blank\" rel=\"noopener\">Panchal<\/a><\/li><li>2006: <a href=\"https:\/\/pubmed.ncbi.nlm.nih.gov\/16404269\/\" target=\"_blank\" rel=\"noopener\">Kordestani<\/a><\/li><li>2008: <a href=\"http:\/\/jcn.sagepub.com\/cgi\/content\/abstract\/23\/7\/742\" target=\"_blank\" rel=\"noopener\">Fowler<\/a><\/li><li>2010: <a href=\"https:\/\/www.ncbi.nlm.nih.gov\/pmc\/articles\/PMC3392083\/\" target=\"_blank\" rel=\"noopener\">Spelltz<\/a><\/li><li>2017: <a href=\"https:\/\/pubmed.ncbi.nlm.nih.gov\/28009719\/\" target=\"_blank\" rel=\"noopener\">Martiniuk<\/a><\/li><li>2020: <a href=\"https:\/\/www.mdpi.com\/2071-1050\/12\/5\/1949\" target=\"_blank\" rel=\"noopener\">2020 Gonzalez-Santos<\/a><\/li><\/ul><\/div>\n\t\t\t\t<\/div>\n\t\t\t\t\t\t\t<div class=\"elementor-accordion-item\">\n\t\t\t\t\t<h4 id=\"elementor-tab-title-9513\" class=\"elementor-tab-title\" data-tab=\"3\" role=\"button\" aria-controls=\"elementor-tab-content-9513\" aria-expanded=\"false\">\n\t\t\t\t\t\t\t\t\t\t\t\t\t<span class=\"elementor-accordion-icon elementor-accordion-icon-left\" aria-hidden=\"true\">\n\t\t\t\t\t\t\t\t\t\t\t\t\t\t\t<span class=\"elementor-accordion-icon-closed\"><i class=\"fas fa-arrow-right\"><\/i><\/span>\n\t\t\t\t\t\t\t\t<span class=\"elementor-accordion-icon-opened\"><i class=\"fas fa-angle-down\"><\/i><\/span>\n\t\t\t\t\t\t\t\t\t\t\t\t\t\t<\/span>\n\t\t\t\t\t\t\t\t\t\t\t\t<a class=\"elementor-accordion-title\" tabindex=\"0\">Sprachprobleme<\/a>\n\t\t\t\t\t<\/h4>\n\t\t\t\t\t<div id=\"elementor-tab-content-9513\" class=\"elementor-tab-content elementor-clearfix\" data-tab=\"3\" role=\"region\" aria-labelledby=\"elementor-tab-title-9513\"><ul><li>2012: <a href=\"https:\/\/pubmed.ncbi.nlm.nih.gov\/22083136\/\" target=\"_blank\" rel=\"noopener\">Korpilahti<\/a><\/li><\/ul><\/div>\n\t\t\t\t<\/div>\n\t\t\t\t\t\t\t<div class=\"elementor-accordion-item\">\n\t\t\t\t\t<h4 id=\"elementor-tab-title-9514\" class=\"elementor-tab-title\" data-tab=\"4\" role=\"button\" aria-controls=\"elementor-tab-content-9514\" aria-expanded=\"false\">\n\t\t\t\t\t\t\t\t\t\t\t\t\t<span class=\"elementor-accordion-icon elementor-accordion-icon-left\" aria-hidden=\"true\">\n\t\t\t\t\t\t\t\t\t\t\t\t\t\t\t<span class=\"elementor-accordion-icon-closed\"><i class=\"fas fa-arrow-right\"><\/i><\/span>\n\t\t\t\t\t\t\t\t<span class=\"elementor-accordion-icon-opened\"><i class=\"fas fa-angle-down\"><\/i><\/span>\n\t\t\t\t\t\t\t\t\t\t\t\t\t\t<\/span>\n\t\t\t\t\t\t\t\t\t\t\t\t<a class=\"elementor-accordion-title\" tabindex=\"0\">Angeborener muskul\u00e4rer Torticollis (CMT)<\/a>\n\t\t\t\t\t<\/h4>\n\t\t\t\t\t<div id=\"elementor-tab-content-9514\" class=\"elementor-tab-content elementor-clearfix\" data-tab=\"4\" role=\"region\" aria-labelledby=\"elementor-tab-title-9514\"><p>Ein sehr hoher Prozentsatz von Plagiozephalien weist es auf. Oft bleibt es unbemerkt. Die von der Horizontalen abweichende Augenebene und H\u00f6he der beiden Ohren, die Schwierigkeit, sich auf eine Seite zu drehen, die Vorliebe, immer auf der gleichen Seite zu schlafen, sollten uns verd\u00e4chtig machen, wenn ein S\u00e4ugling eine CMD hat. Wenn Sie Ihr Kind von hinten betrachten und eine Falte wie auf dem Foto sehen, dann ist es fast sicher, dass es einen Schiefhals hat.<\/p><p><strong>Es ist wichtig, es fr\u00fch, t\u00e4glich und so lange wie n\u00f6tig zu behandeln.<\/strong><\/p><p>Die Folgen einer unbehandelten oder ungel\u00f6sten CMT sind sehr schwerwiegend, da wir zus\u00e4tzlich zu der durch Plagiozephalie verursachten Deformit\u00e4t des Sch\u00e4dels die durch die Abweichung des Halses verursachte Gesichtsdeformit\u00e4t hinzuf\u00fcgen m\u00fcssen.<\/p><ul><li>2004: <a href=\"https:\/\/pubmed.ncbi.nlm.nih.gov\/14707619\/\" target=\"_blank\" rel=\"noopener\">Yu <\/a> <\/li><li><a href=\"https:\/\/www.plagiocefalia.com\/wp-content\/uploads\/2019\/07\/tmc.jpg\" target=\"_blank\" rel=\"noopener\">Siehe Bild des Babys mit TMC<\/a><\/li><\/ul><\/div>\n\t\t\t\t<\/div>\n\t\t\t\t\t\t\t<div class=\"elementor-accordion-item\">\n\t\t\t\t\t<h4 id=\"elementor-tab-title-9515\" class=\"elementor-tab-title\" data-tab=\"5\" role=\"button\" aria-controls=\"elementor-tab-content-9515\" aria-expanded=\"false\">\n\t\t\t\t\t\t\t\t\t\t\t\t\t<span class=\"elementor-accordion-icon elementor-accordion-icon-left\" aria-hidden=\"true\">\n\t\t\t\t\t\t\t\t\t\t\t\t\t\t\t<span class=\"elementor-accordion-icon-closed\"><i class=\"fas fa-arrow-right\"><\/i><\/span>\n\t\t\t\t\t\t\t\t<span class=\"elementor-accordion-icon-opened\"><i class=\"fas fa-angle-down\"><\/i><\/span>\n\t\t\t\t\t\t\t\t\t\t\t\t\t\t<\/span>\n\t\t\t\t\t\t\t\t\t\t\t\t<a class=\"elementor-accordion-title\" tabindex=\"0\">H\u00f6rprobleme<\/a>\n\t\t\t\t\t<\/h4>\n\t\t\t\t\t<div id=\"elementor-tab-content-9515\" class=\"elementor-tab-content elementor-clearfix\" data-tab=\"5\" role=\"region\" aria-labelledby=\"elementor-tab-title-9515\"><p>Es gibt nur einen Artikel, der sich mit Ver\u00e4nderungen der akustisch evozierten Potentiale bei Plagiozephalie befasst. Weitere Forschung ist erforderlich, um die klinische Relevanz dieser Studie zu bestimmen.<\/p><ul><li>2002:<a href=\"https:\/\/www.ncbi.nlm.nih.gov\/pubmed\/12140415?dopt=Abstract\" target=\"_blank\" rel=\"noopener\"> Balan <\/a> <\/li><\/ul><\/div>\n\t\t\t\t<\/div>\n\t\t\t\t\t\t\t<div class=\"elementor-accordion-item\">\n\t\t\t\t\t<h4 id=\"elementor-tab-title-9516\" class=\"elementor-tab-title\" data-tab=\"6\" role=\"button\" aria-controls=\"elementor-tab-content-9516\" aria-expanded=\"false\">\n\t\t\t\t\t\t\t\t\t\t\t\t\t<span class=\"elementor-accordion-icon elementor-accordion-icon-left\" aria-hidden=\"true\">\n\t\t\t\t\t\t\t\t\t\t\t\t\t\t\t<span class=\"elementor-accordion-icon-closed\"><i class=\"fas fa-arrow-right\"><\/i><\/span>\n\t\t\t\t\t\t\t\t<span class=\"elementor-accordion-icon-opened\"><i class=\"fas fa-angle-down\"><\/i><\/span>\n\t\t\t\t\t\t\t\t\t\t\t\t\t\t<\/span>\n\t\t\t\t\t\t\t\t\t\t\t\t<a class=\"elementor-accordion-title\" tabindex=\"0\">Visuelle Probleme<\/a>\n\t\t\t\t\t<\/h4>\n\t\t\t\t\t<div id=\"elementor-tab-content-9516\" class=\"elementor-tab-content elementor-clearfix\" data-tab=\"6\" role=\"region\" aria-labelledby=\"elementor-tab-title-9516\"><p>Es gibt zwei Artikel, die Sehfehler bei Patienten mit Plagiozephalie finden.<\/p><ul><li>2005 : <a href=\"https:\/\/pubmed.ncbi.nlm.nih.gov\/15956949\/\" target=\"_blank\" rel=\"noopener\">Siatkowski<\/a><\/li><li>2003: <a href=\"https:\/\/www.ncbi.nlm.nih.gov\/pubmed\/12867869?dopt=Abstract\" target=\"_blank\" rel=\"noopener\">Gupta <\/a> <\/li><\/ul><\/div>\n\t\t\t\t<\/div>\n\t\t\t\t\t\t\t\t\t\t<script type=\"application\/ld+json\">{\"@context\":\"https:\\\/\\\/schema.org\",\"@type\":\"FAQPage\",\"mainEntity\":[{\"@type\":\"Question\",\"name\":\"Physische Probleme\",\"acceptedAnswer\":{\"@type\":\"Answer\",\"text\":\"<ul>\\n \\t<li>Jede Person hat das Recht auf ein eigenes Bild, symmetrisch und verh\\u00e4ltnism\\u00e4\\u00dfig.<\\\/li>\\n \\t<li>Die morphologischen Auswirkungen sind teilweise sehr stark, teilweise schlimmer als bei einfachen und komplexen Kraniosynostosen, was zweifellos bereits im fr\\u00fchen Kindes- und Jugendalter zu psychischen Problemen f\\u00fchren wird.<\\\/li>\\n \\t<li>Die funktionelle Auswirkung in unbehandelten F\\u00e4llen kann wichtig sein.<\\\/li>\\n<\\\/ul>\"}},{\"@type\":\"Question\",\"name\":\"Funktionelle neurologische Probleme\",\"acceptedAnswer\":{\"@type\":\"Answer\",\"text\":\"<p>Miller und Clarren ver\\u00f6ffentlichten, dass 39,8 % der unbehandelten Plagiozephalien eine neurologische Reifungsverz\\u00f6gerung hervorrufen. Kordestani ua (2006) untersuchten 110 Patienten mit unbehandelter Plagiozephalie und stellten fest, dass: 19 % mittlere psychomotorische Verz\\u00f6gerungen, 7 % signifikante psychomotorische Verz\\u00f6gerungen, 7 % mittlere kognitive Verz\\u00f6gerungen und 3 % signifikante kognitive Verz\\u00f6gerungen aufwiesen. Unsere Fachleute f\\u00fchren prospektive Studien an behandelten Kindern durch, um den Grad der funktionellen Beeintr\\u00e4chtigung nach Alter, Geschlecht, Art der Deformit\\u00e4t und Schwere derselben zu bestimmen.<\\\/p><ul><li>2000: <a href=\\\"https:\\\/\\\/publications.aap.org\\\/pediatrics\\\/article-abstract\\\/105\\\/2\\\/e26\\\/62544\\\/Long-Term-Developmental-Outcomes-in-Patients-With?redirectedFrom=fulltext\\\" target=\\\"_blank\\\" rel=\\\"noopener\\\">Miller und Clarren<\\\/a> .<\\\/li><li>2001: <a href=\\\"https:\\\/\\\/www.ncbi.nlm.nih.gov\\\/pubmed\\\/11711916?dopt=Abstract\\\" target=\\\"_blank\\\" rel=\\\"noopener\\\">Panchal<\\\/a><\\\/li><li>2006: <a href=\\\"https:\\\/\\\/pubmed.ncbi.nlm.nih.gov\\\/16404269\\\/\\\" target=\\\"_blank\\\" rel=\\\"noopener\\\">Kordestani<\\\/a><\\\/li><li>2008: <a href=\\\"http:\\\/\\\/jcn.sagepub.com\\\/cgi\\\/content\\\/abstract\\\/23\\\/7\\\/742\\\" target=\\\"_blank\\\" rel=\\\"noopener\\\">Fowler<\\\/a><\\\/li><li>2010: <a href=\\\"https:\\\/\\\/www.ncbi.nlm.nih.gov\\\/pmc\\\/articles\\\/PMC3392083\\\/\\\" target=\\\"_blank\\\" rel=\\\"noopener\\\">Spelltz<\\\/a><\\\/li><li>2017: <a href=\\\"https:\\\/\\\/pubmed.ncbi.nlm.nih.gov\\\/28009719\\\/\\\">Martiniuk<\\\/a><\\\/li><li>2020: <a href=\\\"https:\\\/\\\/www.mdpi.com\\\/2071-1050\\\/12\\\/5\\\/1949\\\">2020 Gonzalez-Santos<\\\/a><\\\/li><\\\/ul>\"}},{\"@type\":\"Question\",\"name\":\"Sprachprobleme\",\"acceptedAnswer\":{\"@type\":\"Answer\",\"text\":\"<ul><li>2012: <a href=\\\"https:\\\/\\\/pubmed.ncbi.nlm.nih.gov\\\/22083136\\\/\\\" target=\\\"_blank\\\" rel=\\\"noopener\\\">Korpilahti<\\\/a><\\\/li><\\\/ul>\"}},{\"@type\":\"Question\",\"name\":\"Angeborener muskul\\u00e4rer Torticollis (CMT)\",\"acceptedAnswer\":{\"@type\":\"Answer\",\"text\":\"<p>Ein sehr hoher Prozentsatz von Plagiozephalien weist es auf. Oft bleibt es unbemerkt. Die von der Horizontalen abweichende Augenebene und H\\u00f6he der beiden Ohren, die Schwierigkeit, sich auf eine Seite zu drehen, die Vorliebe, immer auf der gleichen Seite zu schlafen, sollten uns verd\\u00e4chtig machen, wenn ein S\\u00e4ugling eine CMD hat. Wenn Sie Ihr Kind von hinten betrachten und eine Falte wie auf dem Foto sehen, dann ist es fast sicher, dass es einen Schiefhals hat.<\\\/p><p><strong>Es ist wichtig, es fr\\u00fch, t\\u00e4glich und so lange wie n\\u00f6tig zu behandeln.<\\\/strong><\\\/p><p>Die Folgen einer unbehandelten oder ungel\\u00f6sten CMT sind sehr schwerwiegend, da wir zus\\u00e4tzlich zu der durch Plagiozephalie verursachten Deformit\\u00e4t des Sch\\u00e4dels die durch die Abweichung des Halses verursachte Gesichtsdeformit\\u00e4t hinzuf\\u00fcgen m\\u00fcssen.<\\\/p><ul><li>2004: <a href=\\\"https:\\\/\\\/pubmed.ncbi.nlm.nih.gov\\\/14707619\\\/\\\" target=\\\"_blank\\\" rel=\\\"noopener\\\">Yu <\\\/a> <\\\/li><li><a href=\\\"https:\\\/\\\/www.plagiocefalia.com\\\/wp-content\\\/uploads\\\/2019\\\/07\\\/tmc.jpg\\\" target=\\\"_blank\\\" rel=\\\"noopener\\\">Siehe Bild des Babys mit TMC<\\\/a><\\\/li><\\\/ul>\"}},{\"@type\":\"Question\",\"name\":\"H\\u00f6rprobleme\",\"acceptedAnswer\":{\"@type\":\"Answer\",\"text\":\"<p>Es gibt nur einen Artikel, der sich mit Ver\\u00e4nderungen der akustisch evozierten Potentiale bei Plagiozephalie befasst. Weitere Forschung ist erforderlich, um die klinische Relevanz dieser Studie zu bestimmen.<\\\/p><ul><li>2002:<a href=\\\"https:\\\/\\\/www.ncbi.nlm.nih.gov\\\/pubmed\\\/12140415?dopt=Abstract\\\" target=\\\"_blank\\\" rel=\\\"noopener\\\"> Balan <\\\/a> <\\\/li><\\\/ul>\"}},{\"@type\":\"Question\",\"name\":\"Visuelle Probleme\",\"acceptedAnswer\":{\"@type\":\"Answer\",\"text\":\"<p>Es gibt zwei Artikel, die Sehfehler bei Patienten mit Plagiozephalie finden.<\\\/p><ul><li>2005 : <a href=\\\"https:\\\/\\\/pubmed.ncbi.nlm.nih.gov\\\/15956949\\\/\\\">Siatkowski<\\\/a><\\\/li><li>2003: <a href=\\\"https:\\\/\\\/www.ncbi.nlm.nih.gov\\\/pubmed\\\/12867869?dopt=Abstract\\\" target=\\\"_blank\\\" rel=\\\"noopener\\\">Gupta <\\\/a> <\\\/li><\\\/ul>\"}}]}<\/script>\n\t\t\t\t\t<\/div>\n\t\t\t\t\t\t<\/div>\n\t\t\t\t<\/div>\n\t\t\t\t\t<\/div>\n\t\t<\/div>\n\t\t\t\t<div class=\"elementor-column elementor-col-50 elementor-top-column elementor-element elementor-element-c18d55a\" data-id=\"c18d55a\" data-element_type=\"column\" data-e-type=\"column\">\n\t\t\t<div class=\"elementor-widget-wrap elementor-element-populated\">\n\t\t\t\t\t\t<div class=\"elementor-element elementor-element-bc77f89 elementor-widget elementor-widget-image\" data-id=\"bc77f89\" data-element_type=\"widget\" data-e-type=\"widget\" data-widget_type=\"image.default\">\n\t\t\t\t<div class=\"elementor-widget-container\">\n\t\t\t\t\t\t\t\t\t\t\t\t\t\t\t\t<a href=\"https:\/\/www.plagiocefalia.com\/de\/ortopadischer-helm-plagiozephalie\/\">\n\t\t\t\t\t\t\t<img fetchpriority=\"high\" decoding=\"async\" width=\"300\" height=\"236\" src=\"https:\/\/www.plagiocefalia.com\/wp-content\/uploads\/2018\/09\/kid-300x236.jpg\" class=\"attachment-medium size-medium wp-image-25234\" alt=\"Baby mit Plagiozephalie\" srcset=\"https:\/\/www.plagiocefalia.com\/wp-content\/uploads\/2018\/09\/kid-300x236.jpg 300w, https:\/\/www.plagiocefalia.com\/wp-content\/uploads\/2018\/09\/kid.jpg 364w\" sizes=\"(max-width: 300px) 100vw, 300px\" \/>\t\t\t\t\t\t\t\t<\/a>\n\t\t\t\t\t\t\t\t\t\t\t\t\t\t\t<\/div>\n\t\t\t\t<\/div>\n\t\t\t\t\t<\/div>\n\t\t<\/div>\n\t\t\t\t\t<\/div>\n\t\t<\/section>\n\t\t\t\t<\/div>\n\t\t","protected":false},"excerpt":{"rendered":"<p>Medizinische Probleme wenn Sch\u00e4deldeformit\u00e4ten nicht behandelt werden Physische Probleme Jede Person hat das Recht auf ein eigenes Bild, symmetrisch und verh\u00e4ltnism\u00e4\u00dfig. Die morphologischen Auswirkungen sind teilweise sehr stark, teilweise schlimmer als bei einfachen und komplexen Kraniosynostosen, was zweifellos bereits im fr\u00fchen Kindes- und Jugendalter zu psychischen Problemen f\u00fchren wird. Die funktionelle Auswirkung in unbehandelten F\u00e4llen [&hellip;]<\/p>\n","protected":false},"author":1,"featured_media":0,"parent":0,"menu_order":0,"comment_status":"closed","ping_status":"closed","template":"elementor_header_footer","meta":{"footnotes":""},"class_list":["post-25233","page","type-page","status-publish","hentry"],"_links":{"self":[{"href":"https:\/\/www.plagiocefalia.com\/de\/wp-json\/wp\/v2\/pages\/25233","targetHints":{"allow":["GET"]}}],"collection":[{"href":"https:\/\/www.plagiocefalia.com\/de\/wp-json\/wp\/v2\/pages"}],"about":[{"href":"https:\/\/www.plagiocefalia.com\/de\/wp-json\/wp\/v2\/types\/page"}],"author":[{"embeddable":true,"href":"https:\/\/www.plagiocefalia.com\/de\/wp-json\/wp\/v2\/users\/1"}],"replies":[{"embeddable":true,"href":"https:\/\/www.plagiocefalia.com\/de\/wp-json\/wp\/v2\/comments?post=25233"}],"version-history":[{"count":31,"href":"https:\/\/www.plagiocefalia.com\/de\/wp-json\/wp\/v2\/pages\/25233\/revisions"}],"predecessor-version":[{"id":45882,"href":"https:\/\/www.plagiocefalia.com\/de\/wp-json\/wp\/v2\/pages\/25233\/revisions\/45882"}],"wp:attachment":[{"href":"https:\/\/www.plagiocefalia.com\/de\/wp-json\/wp\/v2\/media?parent=25233"}],"curies":[{"name":"wp","href":"https:\/\/api.w.org\/{rel}","templated":true}]}}