{"id":25212,"date":"2022-03-25T15:05:27","date_gmt":"2022-03-25T15:05:27","guid":{"rendered":"https:\/\/www.plagiocefalia.com\/schaedelfehlbildungen-bei-babys\/"},"modified":"2023-04-03T07:43:08","modified_gmt":"2023-04-03T07:43:08","slug":"schaedelfehlbildungen-bei-babys","status":"publish","type":"page","link":"https:\/\/www.plagiocefalia.com\/de\/schaedelfehlbildungen-bei-babys\/","title":{"rendered":"Sch\u00e4delfehlbildungen bei Babys"},"content":{"rendered":"\t\t<div data-elementor-type=\"wp-post\" data-elementor-id=\"25212\" class=\"elementor elementor-25212 elementor-5138\" data-elementor-post-type=\"page\">\n\t\t\t\t\t\t<section class=\"elementor-section elementor-top-section elementor-element elementor-element-93b6452 elementor-section-boxed elementor-section-height-default elementor-section-height-default\" data-id=\"93b6452\" data-element_type=\"section\" data-e-type=\"section\">\n\t\t\t\t\t\t<div class=\"elementor-container elementor-column-gap-default\">\n\t\t\t\t\t<div class=\"elementor-column elementor-col-100 elementor-top-column elementor-element elementor-element-dec9e03\" data-id=\"dec9e03\" data-element_type=\"column\" data-e-type=\"column\">\n\t\t\t<div class=\"elementor-widget-wrap elementor-element-populated\">\n\t\t\t\t\t\t<div class=\"elementor-element elementor-element-69a0f50 elementor-widget elementor-widget-html\" data-id=\"69a0f50\" data-element_type=\"widget\" data-e-type=\"widget\" data-widget_type=\"html.default\">\n\t\t\t\t<div class=\"elementor-widget-container\">\n\t\t\t\t\t<h1><center><span style=\"color: #014f99;\"> Sch\u00e4delfehlbildungen bei Babys <\/span><\/center><\/h1>\t\t\t\t<\/div>\n\t\t\t\t<\/div>\n\t\t\t\t\t<\/div>\n\t\t<\/div>\n\t\t\t\t\t<\/div>\n\t\t<\/section>\n\t\t\t\t<section class=\"elementor-section elementor-top-section elementor-element elementor-element-171d51c elementor-section-boxed elementor-section-height-default elementor-section-height-default\" data-id=\"171d51c\" data-element_type=\"section\" data-e-type=\"section\">\n\t\t\t\t\t\t<div class=\"elementor-container elementor-column-gap-default\">\n\t\t\t\t\t<div class=\"elementor-column elementor-col-100 elementor-top-column elementor-element elementor-element-d053bd7\" data-id=\"d053bd7\" data-element_type=\"column\" data-e-type=\"column\">\n\t\t\t<div class=\"elementor-widget-wrap elementor-element-populated\">\n\t\t\t\t\t\t<div class=\"elementor-element elementor-element-796c0c3 elementor-widget elementor-widget-text-editor\" data-id=\"796c0c3\" data-element_type=\"widget\" data-e-type=\"widget\" data-widget_type=\"text-editor.default\">\n\t\t\t\t<div class=\"elementor-widget-container\">\n\t\t\t\t\t\t\t\t\t<p><span style=\"font-weight: 400;\">Sch\u00e4delmissbildungen bei Babys, wie Plagiozephalie, Brachyzephalie oder Skaphozephalie, sind eine Verformung des wachsenden Sch\u00e4dels, die durch mechanischen Druck auf einige seiner Teile vor, w\u00e4hrend oder nach der Geburt verursacht wird. <\/span><\/p><p><span style=\"font-weight: 400;\">Die Knochen, die das Gew\u00f6lbe und die Sch\u00e4delbasis des F\u00f6tus, Babys und S\u00e4uglings unter 3 Monaten bilden, sind noch schwach verkn\u00f6chert und durch N\u00e4hte und Fontanellen voneinander getrennt.<\/span><\/p><p><span style=\"font-weight: 400;\">Wenn sie aus irgendeinem Grund \u00fcberm\u00e4\u00dfigem oder andauerndem Druck ausgesetzt sind, wird ihr normales Wachstum gest\u00f6rt und Deformationen k\u00f6nnen durch das Abflachen eines Teils des Sch\u00e4dels verursacht werden.<\/span><\/p><p><strong><span style=\"font-weight: 400;\">Cranial Index: Ein normaler Kopf hat von oben gesehen eine ovale Form und ein normales Verh\u00e4ltnis von Breite zu L\u00e4nge von 80 %. Dieses Verh\u00e4ltnis erm\u00f6glicht es uns, den Grad der Verformung des Sch\u00e4dels des Babys zu quantifizieren.<\/span><\/strong><\/p>\t\t\t\t\t\t\t\t<\/div>\n\t\t\t\t<\/div>\n\t\t\t\t\t<\/div>\n\t\t<\/div>\n\t\t\t\t\t<\/div>\n\t\t<\/section>\n\t\t\t\t<section class=\"elementor-section elementor-top-section elementor-element elementor-element-38162e5 elementor-section-boxed elementor-section-height-default elementor-section-height-default\" data-id=\"38162e5\" data-element_type=\"section\" data-e-type=\"section\">\n\t\t\t\t\t\t<div class=\"elementor-container elementor-column-gap-default\">\n\t\t\t\t\t<div class=\"elementor-column elementor-col-25 elementor-top-column elementor-element elementor-element-5754ebc\" data-id=\"5754ebc\" data-element_type=\"column\" data-e-type=\"column\">\n\t\t\t<div class=\"elementor-widget-wrap elementor-element-populated\">\n\t\t\t\t\t\t<div class=\"elementor-element elementor-element-aa46711 h2imagen elementor-cta--skin-classic elementor-animated-content elementor-widget elementor-widget-call-to-action\" data-id=\"aa46711\" data-element_type=\"widget\" data-e-type=\"widget\" data-widget_type=\"call-to-action.default\">\n\t\t\t\t<div class=\"elementor-widget-container\">\n\t\t\t\t\t\t\t<a class=\"elementor-cta\" href=\"https:\/\/www.plagiocefalia.com\/de\/plagiozephalie\/\">\n\t\t\t\t\t<div class=\"elementor-cta__bg-wrapper\">\n\t\t\t\t<div class=\"elementor-cta__bg elementor-bg\" style=\"background-image: url(https:\/\/www.plagiocefalia.com\/wp-content\/uploads\/2018\/11\/plagio_4.jpg);\" role=\"img\" aria-label=\"cabeza con plagiocefalia\"><\/div>\n\t\t\t\t<div class=\"elementor-cta__bg-overlay\"><\/div>\n\t\t\t<\/div>\n\t\t\t\t\t\t\t<div class=\"elementor-cta__content\">\n\t\t\t\t\n\t\t\t\t\n\t\t\t\t\t\t\t\t\t<div class=\"elementor-cta__description elementor-cta__content-item elementor-content-item\">\n\t\t\t\t\t\tAbflachung am Hinterkopf, meist auf der rechten Seite.\n\n \n\t\t\t\t\t<\/div>\n\t\t\t\t\n\t\t\t\t\t\t\t\t\t<div class=\"elementor-cta__button-wrapper elementor-cta__content-item elementor-content-item \">\n\t\t\t\t\t<span class=\"elementor-cta__button elementor-button elementor-size-\">\n\t\t\t\t\t\tPlagiozephalie\t\t\t\t\t<\/span>\n\t\t\t\t\t<\/div>\n\t\t\t\t\t\t\t<\/div>\n\t\t\t\t\t\t<\/a>\n\t\t\t\t\t\t<\/div>\n\t\t\t\t<\/div>\n\t\t\t\t\t<\/div>\n\t\t<\/div>\n\t\t\t\t<div class=\"elementor-column elementor-col-25 elementor-top-column elementor-element elementor-element-6999ba8\" data-id=\"6999ba8\" data-element_type=\"column\" data-e-type=\"column\">\n\t\t\t<div class=\"elementor-widget-wrap elementor-element-populated\">\n\t\t\t\t\t\t<div class=\"elementor-element elementor-element-5f76b94 h2imagen elementor-cta--skin-classic elementor-animated-content elementor-widget elementor-widget-call-to-action\" data-id=\"5f76b94\" data-element_type=\"widget\" data-e-type=\"widget\" data-widget_type=\"call-to-action.default\">\n\t\t\t\t<div class=\"elementor-widget-container\">\n\t\t\t\t\t\t\t<a class=\"elementor-cta\" href=\"https:\/\/www.plagiocefalia.com\/de\/brachyzephalie\/\">\n\t\t\t\t\t<div class=\"elementor-cta__bg-wrapper\">\n\t\t\t\t<div class=\"elementor-cta__bg elementor-bg\" style=\"background-image: url(https:\/\/www.plagiocefalia.com\/wp-content\/uploads\/2018\/11\/plagio_5.jpg);\" role=\"img\" aria-label=\"beb\u00e9 con braquicefalia\"><\/div>\n\t\t\t\t<div class=\"elementor-cta__bg-overlay\"><\/div>\n\t\t\t<\/div>\n\t\t\t\t\t\t\t<div class=\"elementor-cta__content\">\n\t\t\t\t\n\t\t\t\t\n\t\t\t\t\t\t\t\t\t<div class=\"elementor-cta__description elementor-cta__content-item elementor-content-item\">\n\t\t\t\t\t\tAbflachung <br>vom Hinterkopf, mehr oder weniger symmetrisch.\t\t\t\t\t<\/div>\n\t\t\t\t\n\t\t\t\t\t\t\t\t\t<div class=\"elementor-cta__button-wrapper elementor-cta__content-item elementor-content-item \">\n\t\t\t\t\t<span class=\"elementor-cta__button elementor-button elementor-size-\">\n\t\t\t\t\t\tBrachyzephalie\t\t\t\t\t<\/span>\n\t\t\t\t\t<\/div>\n\t\t\t\t\t\t\t<\/div>\n\t\t\t\t\t\t<\/a>\n\t\t\t\t\t\t<\/div>\n\t\t\t\t<\/div>\n\t\t\t\t\t<\/div>\n\t\t<\/div>\n\t\t\t\t<div class=\"elementor-column elementor-col-25 elementor-top-column elementor-element elementor-element-241b763\" data-id=\"241b763\" data-element_type=\"column\" data-e-type=\"column\">\n\t\t\t<div class=\"elementor-widget-wrap elementor-element-populated\">\n\t\t\t\t\t\t<div class=\"elementor-element elementor-element-8510501 h2imagen elementor-cta--skin-classic elementor-animated-content elementor-widget elementor-widget-call-to-action\" data-id=\"8510501\" data-element_type=\"widget\" data-e-type=\"widget\" data-widget_type=\"call-to-action.default\">\n\t\t\t\t<div class=\"elementor-widget-container\">\n\t\t\t\t\t\t\t<a class=\"elementor-cta\" href=\"https:\/\/www.plagiocefalia.com\/de\/skaphozephalie\/\">\n\t\t\t\t\t<div class=\"elementor-cta__bg-wrapper\">\n\t\t\t\t<div class=\"elementor-cta__bg elementor-bg\" style=\"background-image: url(https:\/\/www.plagiocefalia.com\/wp-content\/uploads\/2018\/11\/plagio_3.jpg);\" role=\"img\" aria-label=\"plagio_3\"><\/div>\n\t\t\t\t<div class=\"elementor-cta__bg-overlay\"><\/div>\n\t\t\t<\/div>\n\t\t\t\t\t\t\t<div class=\"elementor-cta__content\">\n\t\t\t\t\n\t\t\t\t\n\t\t\t\t\t\t\t\t\t<div class=\"elementor-cta__description elementor-cta__content-item elementor-content-item\">\n\t\t\t\t\t\tAbflachung<br> kreuzen <br>\nund l\u00e4nglicher Kopf \nschmal und hoch.\t\t\t\t\t<\/div>\n\t\t\t\t\n\t\t\t\t\t\t\t\t\t<div class=\"elementor-cta__button-wrapper elementor-cta__content-item elementor-content-item \">\n\t\t\t\t\t<span class=\"elementor-cta__button elementor-button elementor-size-\">\n\t\t\t\t\t\tSkaphozephalie\t\t\t\t\t<\/span>\n\t\t\t\t\t<\/div>\n\t\t\t\t\t\t\t<\/div>\n\t\t\t\t\t\t<\/a>\n\t\t\t\t\t\t<\/div>\n\t\t\t\t<\/div>\n\t\t\t\t\t<\/div>\n\t\t<\/div>\n\t\t\t\t<div class=\"elementor-column elementor-col-25 elementor-top-column elementor-element elementor-element-311688f\" data-id=\"311688f\" data-element_type=\"column\" data-e-type=\"column\">\n\t\t\t<div class=\"elementor-widget-wrap elementor-element-populated\">\n\t\t\t\t\t\t<div class=\"elementor-element elementor-element-e7ebc1a h2imagen elementor-cta--skin-classic elementor-animated-content elementor-widget elementor-widget-call-to-action\" data-id=\"e7ebc1a\" data-element_type=\"widget\" data-e-type=\"widget\" data-widget_type=\"call-to-action.default\">\n\t\t\t\t<div class=\"elementor-widget-container\">\n\t\t\t\t\t\t\t<a class=\"elementor-cta\" href=\"https:\/\/www.plagiocefalia.com\/de\/andere-schaedeldeformitaeten\/\">\n\t\t\t\t\t<div class=\"elementor-cta__bg-wrapper\">\n\t\t\t\t<div class=\"elementor-cta__bg elementor-bg\" style=\"background-image: url(https:\/\/www.plagiocefalia.com\/wp-content\/uploads\/2018\/11\/plagio_6.jpg);\" role=\"img\" aria-label=\"otras deformidades\"><\/div>\n\t\t\t\t<div class=\"elementor-cta__bg-overlay\"><\/div>\n\t\t\t<\/div>\n\t\t\t\t\t\t\t<div class=\"elementor-cta__content\">\n\t\t\t\t\n\t\t\t\t\n\t\t\t\t\t\t\t\t\t<div class=\"elementor-cta__description elementor-cta__content-item elementor-content-item\">\n\t\t\t\t\t\tVerschiedene Sch\u00e4deldeformit\u00e4ten (Plagiozephalie, Brachyzephalie und Skaphozephalie)\t\t\t\t\t<\/div>\n\t\t\t\t\n\t\t\t\t\t\t\t\t\t<div class=\"elementor-cta__button-wrapper elementor-cta__content-item elementor-content-item \">\n\t\t\t\t\t<span class=\"elementor-cta__button elementor-button elementor-size-\">\n\t\t\t\t\t\tAndere Sch\u00e4deldeformit\u00e4ten\t\t\t\t\t<\/span>\n\t\t\t\t\t<\/div>\n\t\t\t\t\t\t\t<\/div>\n\t\t\t\t\t\t<\/a>\n\t\t\t\t\t\t<\/div>\n\t\t\t\t<\/div>\n\t\t\t\t\t<\/div>\n\t\t<\/div>\n\t\t\t\t\t<\/div>\n\t\t<\/section>\n\t\t\t\t<\/div>\n\t\t","protected":false},"excerpt":{"rendered":"<p>Sch\u00e4delfehlbildungen bei Babys Sch\u00e4delmissbildungen bei Babys, wie Plagiozephalie, Brachyzephalie oder Skaphozephalie, sind eine Verformung des wachsenden Sch\u00e4dels, die durch mechanischen Druck auf einige seiner Teile vor, w\u00e4hrend oder nach der Geburt verursacht wird. Die Knochen, die das Gew\u00f6lbe und die Sch\u00e4delbasis des F\u00f6tus, Babys und S\u00e4uglings unter 3 Monaten bilden, sind noch schwach verkn\u00f6chert und [&hellip;]<\/p>\n","protected":false},"author":1,"featured_media":0,"parent":0,"menu_order":0,"comment_status":"closed","ping_status":"closed","template":"elementor_header_footer","meta":{"footnotes":""},"class_list":["post-25212","page","type-page","status-publish","hentry"],"_links":{"self":[{"href":"https:\/\/www.plagiocefalia.com\/de\/wp-json\/wp\/v2\/pages\/25212","targetHints":{"allow":["GET"]}}],"collection":[{"href":"https:\/\/www.plagiocefalia.com\/de\/wp-json\/wp\/v2\/pages"}],"about":[{"href":"https:\/\/www.plagiocefalia.com\/de\/wp-json\/wp\/v2\/types\/page"}],"author":[{"embeddable":true,"href":"https:\/\/www.plagiocefalia.com\/de\/wp-json\/wp\/v2\/users\/1"}],"replies":[{"embeddable":true,"href":"https:\/\/www.plagiocefalia.com\/de\/wp-json\/wp\/v2\/comments?post=25212"}],"version-history":[{"count":23,"href":"https:\/\/www.plagiocefalia.com\/de\/wp-json\/wp\/v2\/pages\/25212\/revisions"}],"predecessor-version":[{"id":45461,"href":"https:\/\/www.plagiocefalia.com\/de\/wp-json\/wp\/v2\/pages\/25212\/revisions\/45461"}],"wp:attachment":[{"href":"https:\/\/www.plagiocefalia.com\/de\/wp-json\/wp\/v2\/media?parent=25212"}],"curies":[{"name":"wp","href":"https:\/\/api.w.org\/{rel}","templated":true}]}}