{"id":43303,"date":"2022-12-16T15:03:13","date_gmt":"2022-12-16T15:03:13","guid":{"rendered":"https:\/\/www.plagiocefalia.com\/recull-de-premsa-revistes-i-entrevistes\/"},"modified":"2022-12-16T15:11:57","modified_gmt":"2022-12-16T15:11:57","slug":"recull-de-premsa-revistes-i-entrevistes","status":"publish","type":"page","link":"https:\/\/www.plagiocefalia.com\/ca\/recull-de-premsa-revistes-i-entrevistes\/","title":{"rendered":"Recull de premsa, revistes i entrevistes"},"content":{"rendered":"\t\t<div data-elementor-type=\"wp-page\" data-elementor-id=\"43303\" class=\"elementor elementor-43303 elementor-43277\" data-elementor-post-type=\"page\">\n\t\t\t\t\t\t<section class=\"elementor-section elementor-top-section elementor-element elementor-element-4370c0f elementor-section-boxed elementor-section-height-default elementor-section-height-default\" data-id=\"4370c0f\" data-element_type=\"section\" data-e-type=\"section\">\n\t\t\t\t\t\t<div class=\"elementor-container elementor-column-gap-default\">\n\t\t\t\t\t<div class=\"elementor-column elementor-col-100 elementor-top-column elementor-element elementor-element-6e2527e\" data-id=\"6e2527e\" data-element_type=\"column\" data-e-type=\"column\">\n\t\t\t<div class=\"elementor-widget-wrap elementor-element-populated\">\n\t\t\t\t\t\t<div class=\"elementor-element elementor-element-e6c58ff elementor-widget elementor-widget-html\" data-id=\"e6c58ff\" data-element_type=\"widget\" data-e-type=\"widget\" data-widget_type=\"html.default\">\n\t\t\t\t<div class=\"elementor-widget-container\">\n\t\t\t\t\t<center><h2><font color=\"#014F99\">Recull de premsa, revistes i entrevistes<\/font><\/h2><\/center>\n\t\t\t\t<\/div>\n\t\t\t\t<\/div>\n\t\t\t\t\t<\/div>\n\t\t<\/div>\n\t\t\t\t\t<\/div>\n\t\t<\/section>\n\t\t\t\t<section class=\"elementor-section elementor-top-section elementor-element elementor-element-a073044 elementor-section-boxed elementor-section-height-default elementor-section-height-default\" data-id=\"a073044\" data-element_type=\"section\" data-e-type=\"section\">\n\t\t\t\t\t\t<div class=\"elementor-container elementor-column-gap-default\">\n\t\t\t\t\t<div class=\"elementor-column elementor-col-100 elementor-top-column elementor-element elementor-element-e28ebce\" data-id=\"e28ebce\" data-element_type=\"column\" data-e-type=\"column\">\n\t\t\t<div class=\"elementor-widget-wrap elementor-element-populated\">\n\t\t\t\t\t\t<div class=\"elementor-element elementor-element-be04e33 elementor-widget elementor-widget-text-editor\" data-id=\"be04e33\" data-element_type=\"widget\" data-e-type=\"widget\" data-widget_type=\"text-editor.default\">\n\t\t\t\t<div class=\"elementor-widget-container\">\n\t\t\t\t\t\t\t\t\t<ul><li><a href=\"#1\"><span style=\"color: #0d9cd9;\"><strong>Una patologia (plagiocef\u00e0lia) que es pot prevenir i que cal tractar &#8211; Mi Pediatra.<\/strong><\/span><\/a><\/li><li><a href=\"#2\"><span style=\"color: #0d9cd9;\"><strong>Un problema que t\u00e9 soluci\u00f3 &#8211; Mi pediatra.<\/strong><\/span><\/a><\/li><li><a href=\"#3\"><span style=\"color: #0d9cd9;\"><strong>Deformitats cranials posicionals del lactant &#8211; El mundo de la mam\u00e1 y el beb\u00e9.<\/strong><\/span><\/a><\/li><li><a href=\"#4\"><span style=\"color: #0d9cd9;\"><strong>D\u00e8cubit s\u00fap\u00ed i cap a banda i banda.<\/strong><\/span><\/a><\/li><li><a href=\"#5\"><span style=\"color: #0d9cd9;\"><strong>Un 20% dels lactants menors de 2 anys pateixen algun tipus de deformitat cranial que ha de ser diagnosticada i tractada &#8211; El Mundo<\/strong><\/span><\/a><\/li><li><a href=\"#6\"><span style=\"color: #0d9cd9;\"><strong>Entrevista al Dr. Joan Pinyot, representant de Cranial Technologies Inc. a Europa &#8211; La Vanguardia<\/strong><\/span><\/a><\/li><li><a href=\"#7\"><span style=\"color: #0d9cd9;\"><strong>Dormits cap per amunt, desperts cap per avall &#8211; La Vanguardia <\/strong><\/span><\/a><\/li><li><a href=\"#8\"><span style=\"color: #0d9cd9;\"><strong>Entrevista al Doctor Joan Pinyot &#8211; El Mundo<\/strong><\/span><\/a><\/li><li><a href=\"#9\"><strong>Deformitats craniofacials infantils &#8211; El meu nad\u00f3 i jo<\/strong><\/a><\/li><li><a href=\"#10\"><strong>La deformitat del cap t\u00e9 soluci\u00f3 &#8211; El teu nad\u00f3.<\/strong><\/a><\/li><\/ul>\t\t\t\t\t\t\t\t<\/div>\n\t\t\t\t<\/div>\n\t\t\t\t\t<\/div>\n\t\t<\/div>\n\t\t\t\t\t<\/div>\n\t\t<\/section>\n\t\t\t\t<section class=\"elementor-section elementor-top-section elementor-element elementor-element-16b809d elementor-section-boxed elementor-section-height-default elementor-section-height-default\" data-id=\"16b809d\" data-element_type=\"section\" data-e-type=\"section\" id=\"1\">\n\t\t\t\t\t\t<div class=\"elementor-container elementor-column-gap-default\">\n\t\t\t\t\t<div class=\"elementor-column elementor-col-100 elementor-top-column elementor-element elementor-element-303b613\" data-id=\"303b613\" data-element_type=\"column\" data-e-type=\"column\">\n\t\t\t<div class=\"elementor-widget-wrap elementor-element-populated\">\n\t\t\t\t\t\t<div class=\"elementor-element elementor-element-79569ed elementor-widget elementor-widget-text-editor\" data-id=\"79569ed\" data-element_type=\"widget\" data-e-type=\"widget\" data-widget_type=\"text-editor.default\">\n\t\t\t\t<div class=\"elementor-widget-container\">\n\t\t\t\t\t\t\t\t\t<header>\n<p><span style=\"color: #014f99; font-size: 16px;\"><b>Una patologia (plagiocef\u00e0lia) que es pot prevenir i que cal tractar<\/b><\/span><\/p>\n<\/header>\n<div>\n<header>\n<p>2012 \u2013 El mundo de la mam\u00e1 y el beb\u00e9. Article sobre les deformitats cranials. Prevenci\u00f3, tipus de deformitats i com combatre-les<span style=\"color: #014f99;\">.<\/span> <img fetchpriority=\"high\" decoding=\"async\" style=\"background-color: transparent; color: var( --e-global-color-text ); font-family: var( --e-global-typography-text-font-family ), Sans-serif; font-weight: var( --e-global-typography-text-font-weight );\" src=\"https:\/\/www.plagiocefalia.com\/wp-content\/uploads\/2019\/09\/elmundodelamamayelbebe-num12-1.jpg\" sizes=\"(max-width: 430px) 100vw, 430px\" srcset=\"https:\/\/www.plagiocefalia.com\/wp-content\/uploads\/2019\/09\/elmundodelamamayelbebe-num12-1.jpg 430w, https:\/\/www.plagiocefalia.com\/wp-content\/uploads\/2019\/09\/elmundodelamamayelbebe-num12-1-215x300.jpg 215w\" alt=\"elm\u00f3ndelamamaielbebe num12 1\" width=\"430\" height=\"600\" data-id=\"5357\" data-link=\"https:\/\/www.plagiocefalia.com\/?attachment_id=5357\"><img decoding=\"async\" style=\"font-style: italic; font-weight: var( --e-global-typography-text-font-weight ); background-color: transparent; font-family: var( --e-global-typography-text-font-family ), Sans-serif; color: var( --e-global-color-text );\" src=\"https:\/\/www.plagiocefalia.com\/wp-content\/uploads\/2019\/09\/elmundodelamabayelbebe-12-2.jpg\" sizes=\"(max-width: 419px) 100vw, 419px\" srcset=\"https:\/\/www.plagiocefalia.com\/wp-content\/uploads\/2019\/09\/elmundodelamabayelbebe-12-2.jpg 419w, https:\/\/www.plagiocefalia.com\/wp-content\/uploads\/2019\/09\/elmundodelamabayelbebe-12-2-210x300.jpg 210w\" alt=\"elm\u00f3ndelamabaielbebe 12 2\" width=\"419\" height=\"600\" data-id=\"5350\" data-link=\"https:\/\/www.plagiocefalia.com\/?attachment_id=5350\"><img decoding=\"async\" style=\"font-style: italic; font-weight: var( --e-global-typography-text-font-weight ); background-color: transparent; font-family: var( --e-global-typography-text-font-family ), Sans-serif; color: var( --e-global-color-text );\" src=\"https:\/\/www.plagiocefalia.com\/wp-content\/uploads\/2019\/09\/elmundodelamamayelbebe-12-2.jpg\" sizes=\"(max-width: 410px) 100vw, 410px\" srcset=\"https:\/\/www.plagiocefalia.com\/wp-content\/uploads\/2019\/09\/elmundodelamamayelbebe-12-2.jpg 410w, https:\/\/www.plagiocefalia.com\/wp-content\/uploads\/2019\/09\/elmundodelamamayelbebe-12-2-205x300.jpg 205w\" alt=\"elm\u00f3ndelamabaielbebe 12 3\" width=\"410\" height=\"600\" data-id=\"5343\" data-link=\"https:\/\/www.plagiocefalia.com\/?attachment_id=5343\"><\/p>\n<\/header>\n<\/div>\n\t\t\t\t\t\t\t\t<\/div>\n\t\t\t\t<\/div>\n\t\t\t\t\t<\/div>\n\t\t<\/div>\n\t\t\t\t\t<\/div>\n\t\t<\/section>\n\t\t\t\t<section class=\"elementor-section elementor-top-section elementor-element elementor-element-3e70020 elementor-section-boxed elementor-section-height-default elementor-section-height-default\" data-id=\"3e70020\" data-element_type=\"section\" data-e-type=\"section\" id=\"2\">\n\t\t\t\t\t\t<div class=\"elementor-container elementor-column-gap-default\">\n\t\t\t\t\t<div class=\"elementor-column elementor-col-100 elementor-top-column elementor-element elementor-element-d9d27b3\" data-id=\"d9d27b3\" data-element_type=\"column\" data-e-type=\"column\">\n\t\t\t<div class=\"elementor-widget-wrap elementor-element-populated\">\n\t\t\t\t\t\t<div class=\"elementor-element elementor-element-047acbc elementor-widget elementor-widget-text-editor\" data-id=\"047acbc\" data-element_type=\"widget\" data-e-type=\"widget\" data-widget_type=\"text-editor.default\">\n\t\t\t\t<div class=\"elementor-widget-container\">\n\t\t\t\t\t\t\t\t\t<p><span style=\"color: #014f99;\"><b>Un problema que t\u00e9 soluci\u00f3<\/b><\/span><\/p>\n<p>2011 &#8211; Mi Pediatra. <\/p>\n<p>Canviar el nad\u00f3 de posici\u00f3 al bressol pot no ser suficient i cal rec\u00f3rrer a un tractament quir\u00fargic.<a style=\"font-family: var( --e-global-typography-text-font-family ), Sans-serif; font-weight: var( --e-global-typography-text-font-weight );\" href=\"https:\/\/www.plagiocefalia.com\/wp-content\/uploads\/2019\/09\/mipediatra1-2011.jpg\"><picture data-id=\"5396\" data-link=\"https:\/\/www.plagiocefalia.com\/?attachment_id=5396\"><img loading=\"lazy\" decoding=\"async\" src=\"https:\/\/www.plagiocefalia.com\/wp-content\/uploads\/2019\/09\/mipediatra1-2011.jpg\" sizes=\"(max-width: 450px) 100vw, 450px\" srcset=\"https:\/\/www.plagiocefalia.com\/wp-content\/uploads\/2019\/09\/mipediatra1-2011.jpg 450w, https:\/\/www.plagiocefalia.com\/wp-content\/uploads\/2019\/09\/mipediatra1-2011-225x300.jpg 225w\" alt=\"mipediatra1 2011\" width=\"450\" height=\"600\" data-id=\"5396\" data-link=\"https:\/\/www.plagiocefalia.com\/?attachment_id=5396\"><\/picture><\/a><a style=\"font-style: italic; font-weight: var( --e-global-typography-text-font-weight ); font-family: var( --e-global-typography-text-font-family ), Sans-serif;\" href=\"https:\/\/www.plagiocefalia.com\/wp-content\/uploads\/2019\/09\/mipediatra2-2011.jpg\"><picture data-id=\"5389\" data-link=\"https:\/\/www.plagiocefalia.com\/?attachment_id=5389\"><img loading=\"lazy\" decoding=\"async\" src=\"https:\/\/www.plagiocefalia.com\/wp-content\/uploads\/2019\/09\/mipediatra2-2011.jpg\" sizes=\"(max-width: 448px) 100vw, 448px\" srcset=\"https:\/\/www.plagiocefalia.com\/wp-content\/uploads\/2019\/09\/mipediatra2-2011.jpg 448w, https:\/\/www.plagiocefalia.com\/wp-content\/uploads\/2019\/09\/mipediatra2-2011-224x300.jpg 224w\" alt=\"mipediatra2 2011\" width=\"448\" height=\"600\" data-id=\"5389\" data-link=\"https:\/\/www.plagiocefalia.com\/?attachment_id=5389\"><\/picture><\/a><a style=\"font-style: italic; font-weight: var( --e-global-typography-text-font-weight ); font-family: var( --e-global-typography-text-font-family ), Sans-serif;\" href=\"https:\/\/www.plagiocefalia.com\/wp-content\/uploads\/2019\/09\/mipediatra3-2011.jpg\"><picture data-id=\"5382\" data-link=\"https:\/\/www.plagiocefalia.com\/?attachment_id=5382\"><img loading=\"lazy\" decoding=\"async\" src=\"https:\/\/www.plagiocefalia.com\/wp-content\/uploads\/2019\/09\/mipediatra3-2011.jpg\" sizes=\"(max-width: 452px) 100vw, 452px\" srcset=\"https:\/\/www.plagiocefalia.com\/wp-content\/uploads\/2019\/09\/mipediatra3-2011.jpg 452w, https:\/\/www.plagiocefalia.com\/wp-content\/uploads\/2019\/09\/mipediatra3-2011-226x300.jpg 226w\" alt=\"mipediatra3 2011\" width=\"452\" height=\"600\" data-id=\"5382\" data-link=\"https:\/\/www.plagiocefalia.com\/?attachment_id=5382\"><\/picture><\/a><a style=\"font-style: italic; font-weight: var( --e-global-typography-text-font-weight ); font-family: var( --e-global-typography-text-font-family ), Sans-serif;\" href=\"https:\/\/www.plagiocefalia.com\/wp-content\/uploads\/2019\/09\/mipediatra4-2011.jpg\"><picture data-id=\"5375\" data-link=\"https:\/\/www.plagiocefalia.com\/?attachment_id=5375\"><img loading=\"lazy\" decoding=\"async\" src=\"https:\/\/www.plagiocefalia.com\/wp-content\/uploads\/2019\/09\/mipediatra4-2011.jpg\" sizes=\"(max-width: 426px) 100vw, 426px\" srcset=\"https:\/\/www.plagiocefalia.com\/wp-content\/uploads\/2019\/09\/mipediatra4-2011.jpg 426w, https:\/\/www.plagiocefalia.com\/wp-content\/uploads\/2019\/09\/mipediatra4-2011-213x300.jpg 213w\" alt=\"mipediatra4 2011\" width=\"426\" height=\"600\" data-id=\"5375\" data-link=\"https:\/\/www.plagiocefalia.com\/?attachment_id=5375\"><\/picture><\/a><\/p>\n\t\t\t\t\t\t\t\t<\/div>\n\t\t\t\t<\/div>\n\t\t\t\t\t<\/div>\n\t\t<\/div>\n\t\t\t\t\t<\/div>\n\t\t<\/section>\n\t\t\t\t<section class=\"elementor-section elementor-top-section elementor-element elementor-element-aa30c38 elementor-section-boxed elementor-section-height-default elementor-section-height-default\" data-id=\"aa30c38\" data-element_type=\"section\" data-e-type=\"section\" id=\"3\">\n\t\t\t\t\t\t<div class=\"elementor-container elementor-column-gap-default\">\n\t\t\t\t\t<div class=\"elementor-column elementor-col-100 elementor-top-column elementor-element elementor-element-0fc3101\" data-id=\"0fc3101\" data-element_type=\"column\" data-e-type=\"column\">\n\t\t\t<div class=\"elementor-widget-wrap elementor-element-populated\">\n\t\t\t\t\t\t<div class=\"elementor-element elementor-element-7706c9a elementor-widget elementor-widget-text-editor\" data-id=\"7706c9a\" data-element_type=\"widget\" data-e-type=\"widget\" data-widget_type=\"text-editor.default\">\n\t\t\t\t<div class=\"elementor-widget-container\">\n\t\t\t\t\t\t\t\t\t<p><strong><span style=\"color: #014f99;\">Deformitats cranials posicionals del lactant<\/span><\/strong><\/p>\n<p>El mundo de la mam\u00e1 y el beb\u00e9 &#8211; revista 51<\/p>\n<p><img loading=\"lazy\" decoding=\"async\" src=\"https:\/\/www.plagiocefalia.com\/wp-content\/uploads\/2019\/09\/elmundodelamamayelbebe-rev51-plagiocefalia-y-braquicefalia.jpg\" sizes=\"(max-width: 425px) 100vw, 425px\" srcset=\"https:\/\/www.plagiocefalia.com\/wp-content\/uploads\/2019\/09\/elmundodelamamayelbebe-rev51-plagiocefalia-y-braquicefalia.jpg 425w, https:\/\/www.plagiocefalia.com\/wp-content\/uploads\/2019\/09\/elmundodelamamayelbebe-rev51-plagiocefalia-y-braquicefalia-213x300.jpg 213w\" alt=\"elm\u00f3ndelamamaielbebe rev51 plagiocef\u00e0lia i braquicef\u00e0lia\" width=\"425\" height=\"600\"><\/p>\n\t\t\t\t\t\t\t\t<\/div>\n\t\t\t\t<\/div>\n\t\t\t\t\t<\/div>\n\t\t<\/div>\n\t\t\t\t\t<\/div>\n\t\t<\/section>\n\t\t\t\t<section class=\"elementor-section elementor-top-section elementor-element elementor-element-e2adafa elementor-section-boxed elementor-section-height-default elementor-section-height-default\" data-id=\"e2adafa\" data-element_type=\"section\" data-e-type=\"section\" id=\"4\">\n\t\t\t\t\t\t<div class=\"elementor-container elementor-column-gap-default\">\n\t\t\t\t\t<div class=\"elementor-column elementor-col-100 elementor-top-column elementor-element elementor-element-e91d020\" data-id=\"e91d020\" data-element_type=\"column\" data-e-type=\"column\">\n\t\t\t<div class=\"elementor-widget-wrap elementor-element-populated\">\n\t\t\t\t\t\t<div class=\"elementor-element elementor-element-1475403 elementor-widget elementor-widget-text-editor\" data-id=\"1475403\" data-element_type=\"widget\" data-e-type=\"widget\" data-widget_type=\"text-editor.default\">\n\t\t\t\t<div class=\"elementor-widget-container\">\n\t\t\t\t\t\t\t\t\t<p><span style=\"color: #014f99;\"><strong>D\u00e8cubit sup\u00ed i cap als dos costats<\/strong><\/span><\/p>\n<p>Quina \u00e9s la postura id\u00f2nia per al descans?<\/p>\n<p><img loading=\"lazy\" decoding=\"async\" src=\"https:\/\/www.plagiocefalia.com\/wp-content\/uploads\/2019\/09\/sentirsebien.png\" sizes=\"(max-width: 800px) 100vw, 800px\" srcset=\"https:\/\/www.plagiocefalia.com\/wp-content\/uploads\/2019\/09\/sentirsebien.png 800w, https:\/\/www.plagiocefalia.com\/wp-content\/uploads\/2019\/09\/sentirsebien-300x215.png 300w, https:\/\/www.plagiocefalia.com\/wp-content\/uploads\/2019\/09\/sentirsebien-768x551.png 768w\" alt=\"sentir-se b\u00e9\" width=\"800\" height=\"574\"><\/p>\n\t\t\t\t\t\t\t\t<\/div>\n\t\t\t\t<\/div>\n\t\t\t\t\t<\/div>\n\t\t<\/div>\n\t\t\t\t\t<\/div>\n\t\t<\/section>\n\t\t\t\t<section class=\"elementor-section elementor-top-section elementor-element elementor-element-3cc2843 elementor-section-boxed elementor-section-height-default elementor-section-height-default\" data-id=\"3cc2843\" data-element_type=\"section\" data-e-type=\"section\" id=\"5\">\n\t\t\t\t\t\t<div class=\"elementor-container elementor-column-gap-default\">\n\t\t\t\t\t<div class=\"elementor-column elementor-col-100 elementor-top-column elementor-element elementor-element-6d4b9bb\" data-id=\"6d4b9bb\" data-element_type=\"column\" data-e-type=\"column\">\n\t\t\t<div class=\"elementor-widget-wrap elementor-element-populated\">\n\t\t\t\t\t\t<div class=\"elementor-element elementor-element-53ff480 elementor-widget elementor-widget-text-editor\" data-id=\"53ff480\" data-element_type=\"widget\" data-e-type=\"widget\" data-widget_type=\"text-editor.default\">\n\t\t\t\t<div class=\"elementor-widget-container\">\n\t\t\t\t\t\t\t\t\t<p><span style=\"color: #014f99;\"><strong>Un 20% dels lactants menors de 2 anys pateixen algun tipus de deformitat cranial que ha de ser diagnosticada i tractada<\/strong><\/span><\/p>\n<\/p>\n<div><span style=\"color: var( --e-global-color-text ); font-family: var( --e-global-typography-text-font-family ), Sans-serif; font-weight: var( --e-global-typography-text-font-weight ); font-size: 1rem;\">El mundo &#8211; 7 abril 2010<\/span><\/div>\n<div> <\/div>\n<div><a href=\"https:\/\/www.plagiocefalia.com\/wp-content\/uploads\/2019\/09\/elmundo07-04-2010.jpg\" target=\"_blank\" rel=\"noreferrer noopener\"><picture><img loading=\"lazy\" decoding=\"async\" src=\"https:\/\/www.plagiocefalia.com\/wp-content\/uploads\/2019\/09\/elmundo07-04-2010.jpg\" sizes=\"(max-width: 474px) 100vw, 474px\" srcset=\"https:\/\/www.plagiocefalia.com\/wp-content\/uploads\/2019\/09\/elmundo07-04-2010.jpg 474w, https:\/\/www.plagiocefalia.com\/wp-content\/uploads\/2019\/09\/elmundo07-04-2010-237x300.jpg 237w\" alt=\"elmundo07 04 2010\" width=\"474\" height=\"600\"><\/picture><\/a><\/div>\n<div> <\/div>\n<div>\n<header>\n<h4 style=\"text-align: left;\"> <\/h4>\n<\/header>\n<\/div>\n\t\t\t\t\t\t\t\t<\/div>\n\t\t\t\t<\/div>\n\t\t\t\t\t<\/div>\n\t\t<\/div>\n\t\t\t\t\t<\/div>\n\t\t<\/section>\n\t\t\t\t<section class=\"elementor-section elementor-top-section elementor-element elementor-element-e5fcd7b elementor-section-boxed elementor-section-height-default elementor-section-height-default\" data-id=\"e5fcd7b\" data-element_type=\"section\" data-e-type=\"section\" id=\"6\">\n\t\t\t\t\t\t<div class=\"elementor-container elementor-column-gap-default\">\n\t\t\t\t\t<div class=\"elementor-column elementor-col-100 elementor-top-column elementor-element elementor-element-54171db\" data-id=\"54171db\" data-element_type=\"column\" data-e-type=\"column\">\n\t\t\t<div class=\"elementor-widget-wrap elementor-element-populated\">\n\t\t\t\t\t\t<div class=\"elementor-element elementor-element-b423440 elementor-widget elementor-widget-text-editor\" data-id=\"b423440\" data-element_type=\"widget\" data-e-type=\"widget\" data-widget_type=\"text-editor.default\">\n\t\t\t\t<div class=\"elementor-widget-container\">\n\t\t\t\t\t\t\t\t\t<div><strong><span style=\"color: #014f99;\">Entrevista al Dr. Joan Pinyot, representant de Cranial Technologies Inc. a Europa<\/span><\/strong><\/div>\n<div><span style=\"color: #014f99;\"> <\/span><\/div>\n<div>\n<div>La Vanguardia, 24 Marzo 2010<\/div>\n<\/div>\n<div><img decoding=\"async\" src=\"https:\/\/www.plagiocefalia.com\/wp-content\/uploads\/2019\/09\/entrevista-dr-joan-pinyot-la-vanguardia-2010.jpg\" alt=\"entrevista dr joan pinyot l'avantguarda 2010\"><\/div>\n<div> <\/div>\n<div> <\/div>\n\t\t\t\t\t\t\t\t<\/div>\n\t\t\t\t<\/div>\n\t\t\t\t\t<\/div>\n\t\t<\/div>\n\t\t\t\t\t<\/div>\n\t\t<\/section>\n\t\t\t\t<section class=\"elementor-section elementor-top-section elementor-element elementor-element-6cbccdb elementor-section-boxed elementor-section-height-default elementor-section-height-default\" data-id=\"6cbccdb\" data-element_type=\"section\" data-e-type=\"section\" id=\"7\">\n\t\t\t\t\t\t<div class=\"elementor-container elementor-column-gap-default\">\n\t\t\t\t\t<div class=\"elementor-column elementor-col-100 elementor-top-column elementor-element elementor-element-6662a23\" data-id=\"6662a23\" data-element_type=\"column\" data-e-type=\"column\">\n\t\t\t<div class=\"elementor-widget-wrap elementor-element-populated\">\n\t\t\t\t\t\t<div class=\"elementor-element elementor-element-ea59cfc elementor-widget elementor-widget-text-editor\" data-id=\"ea59cfc\" data-element_type=\"widget\" data-e-type=\"widget\" data-widget_type=\"text-editor.default\">\n\t\t\t\t<div class=\"elementor-widget-container\">\n\t\t\t\t\t\t\t\t\t<div>\n<p><strong><span style=\"color: #014f99;\">Dormits cap per amunt, desperts cap per avall<\/span><\/strong><\/p>\n<p><span style=\"color: var( --e-global-color-text ); font-family: var( --e-global-typography-text-font-family ), Sans-serif; font-weight: var( --e-global-typography-text-font-weight ); font-size: 1rem;\">La Vanguardia, 28 gener 2009<\/span><\/p>\n<\/div>\n<div> <\/div>\n<p><img decoding=\"async\" src=\"https:\/\/www.plagiocefalia.com\/wp-content\/uploads\/2019\/09\/dormidos-boca-arriba-despiertos-boca-abajo-la-vanguardia.jpg\" alt=\"adormits de panxa enlaire desperts de cap per avall l'avantguarda\"><\/p>\n\t\t\t\t\t\t\t\t<\/div>\n\t\t\t\t<\/div>\n\t\t\t\t\t<\/div>\n\t\t<\/div>\n\t\t\t\t\t<\/div>\n\t\t<\/section>\n\t\t\t\t<section class=\"elementor-section elementor-top-section elementor-element elementor-element-4bb6d74 elementor-section-boxed elementor-section-height-default elementor-section-height-default\" data-id=\"4bb6d74\" data-element_type=\"section\" data-e-type=\"section\" id=\"8\">\n\t\t\t\t\t\t<div class=\"elementor-container elementor-column-gap-default\">\n\t\t\t\t\t<div class=\"elementor-column elementor-col-100 elementor-top-column elementor-element elementor-element-f903c81\" data-id=\"f903c81\" data-element_type=\"column\" data-e-type=\"column\">\n\t\t\t<div class=\"elementor-widget-wrap elementor-element-populated\">\n\t\t\t\t\t\t<div class=\"elementor-element elementor-element-eac7b8b elementor-widget elementor-widget-text-editor\" data-id=\"eac7b8b\" data-element_type=\"widget\" data-e-type=\"widget\" data-widget_type=\"text-editor.default\">\n\t\t\t\t<div class=\"elementor-widget-container\">\n\t\t\t\t\t\t\t\t\t<div><span style=\"color: #014f99;\"><strong><span style=\"font-family: var( --e-global-typography-text-font-family ), Sans-serif; font-size: 1rem;\">Entrevista al Doctor Joan Pinyot<\/span><\/strong><\/span><\/div>\n<p>El Mundo, 2007<\/p>\n<p><img decoding=\"async\" src=\"https:\/\/www.plagiocefalia.com\/wp-content\/uploads\/2019\/09\/entrevista-dr-joan-pinyot-el-mundo-2007.jpg\" alt=\"entrevista dr joan pinyot el m\u00f3n 2007\"><\/p>\n\t\t\t\t\t\t\t\t<\/div>\n\t\t\t\t<\/div>\n\t\t\t\t\t<\/div>\n\t\t<\/div>\n\t\t\t\t\t<\/div>\n\t\t<\/section>\n\t\t\t\t<section class=\"elementor-section elementor-top-section elementor-element elementor-element-7a81ac1 elementor-section-boxed elementor-section-height-default elementor-section-height-default\" data-id=\"7a81ac1\" data-element_type=\"section\" data-e-type=\"section\" id=\"9\">\n\t\t\t\t\t\t<div class=\"elementor-container elementor-column-gap-default\">\n\t\t\t\t\t<div class=\"elementor-column elementor-col-100 elementor-top-column elementor-element elementor-element-9594baa\" data-id=\"9594baa\" data-element_type=\"column\" data-e-type=\"column\">\n\t\t\t<div class=\"elementor-widget-wrap elementor-element-populated\">\n\t\t\t\t\t\t<div class=\"elementor-element elementor-element-3353520 elementor-widget elementor-widget-text-editor\" data-id=\"3353520\" data-element_type=\"widget\" data-e-type=\"widget\" data-widget_type=\"text-editor.default\">\n\t\t\t\t<div class=\"elementor-widget-container\">\n\t\t\t\t\t\t\t\t\t<p><span style=\"color: #014f99;\"><strong>Deformitats Craneofacials Infantils<\/strong><\/span><\/p>\n<p>Mi beb\u00e9 y yo &#8211; Novembre 2011<\/p>\n<p><img decoding=\"async\" src=\"https:\/\/www.plagiocefalia.com\/wp-content\/uploads\/2019\/09\/mibebeyyo-noviembre2012.jpg\" alt=\"mibebeyyo novembre2012\"><\/p>\n\t\t\t\t\t\t\t\t<\/div>\n\t\t\t\t<\/div>\n\t\t\t\t\t<\/div>\n\t\t<\/div>\n\t\t\t\t\t<\/div>\n\t\t<\/section>\n\t\t\t\t<section class=\"elementor-section elementor-top-section elementor-element elementor-element-3e63374 elementor-section-boxed elementor-section-height-default elementor-section-height-default\" data-id=\"3e63374\" data-element_type=\"section\" data-e-type=\"section\" id=\"10\">\n\t\t\t\t\t\t<div class=\"elementor-container elementor-column-gap-default\">\n\t\t\t\t\t<div class=\"elementor-column elementor-col-100 elementor-top-column elementor-element elementor-element-da45b10\" data-id=\"da45b10\" data-element_type=\"column\" data-e-type=\"column\">\n\t\t\t<div class=\"elementor-widget-wrap elementor-element-populated\">\n\t\t\t\t\t\t<div class=\"elementor-element elementor-element-539baaf elementor-widget elementor-widget-text-editor\" data-id=\"539baaf\" data-element_type=\"widget\" data-e-type=\"widget\" data-widget_type=\"text-editor.default\">\n\t\t\t\t<div class=\"elementor-widget-container\">\n\t\t\t\t\t\t\t\t\t<p><span style=\"color: #014f99;\"><strong>La deformitat del cap del nounat t\u00e9 soluci\u00f3<\/strong><\/span><\/p>\n<p>Revista &#8211; Tu beb\u00e9<\/p>\n<p><img decoding=\"async\" src=\"https:\/\/www.plagiocefalia.com\/wp-content\/uploads\/2019\/08\/tu-bebe-237-2013-publireportaje.jpg\" alt=\"el teu beb\u00e8 237 2013 publireportatge\"><\/p>\n\t\t\t\t\t\t\t\t<\/div>\n\t\t\t\t<\/div>\n\t\t\t\t\t<\/div>\n\t\t<\/div>\n\t\t\t\t\t<\/div>\n\t\t<\/section>\n\t\t\t\t<\/div>\n\t\t","protected":false},"excerpt":{"rendered":"<p>Recull de premsa, revistes i entrevistes Una patologia (plagiocef\u00e0lia) que es pot prevenir i que cal tractar &#8211; Mi Pediatra. Un problema que t\u00e9 soluci\u00f3 &#8211; Mi pediatra. Deformitats cranials posicionals del lactant &#8211; El mundo de la mam\u00e1 y el beb\u00e9. D\u00e8cubit s\u00fap\u00ed i cap a banda i banda. Un 20% dels lactants menors [&hellip;]<\/p>\n","protected":false},"author":2,"featured_media":0,"parent":0,"menu_order":0,"comment_status":"closed","ping_status":"closed","template":"","meta":{"footnotes":""},"class_list":["post-43303","page","type-page","status-publish","hentry"],"_links":{"self":[{"href":"https:\/\/www.plagiocefalia.com\/ca\/wp-json\/wp\/v2\/pages\/43303","targetHints":{"allow":["GET"]}}],"collection":[{"href":"https:\/\/www.plagiocefalia.com\/ca\/wp-json\/wp\/v2\/pages"}],"about":[{"href":"https:\/\/www.plagiocefalia.com\/ca\/wp-json\/wp\/v2\/types\/page"}],"author":[{"embeddable":true,"href":"https:\/\/www.plagiocefalia.com\/ca\/wp-json\/wp\/v2\/users\/2"}],"replies":[{"embeddable":true,"href":"https:\/\/www.plagiocefalia.com\/ca\/wp-json\/wp\/v2\/comments?post=43303"}],"version-history":[{"count":4,"href":"https:\/\/www.plagiocefalia.com\/ca\/wp-json\/wp\/v2\/pages\/43303\/revisions"}],"predecessor-version":[{"id":43314,"href":"https:\/\/www.plagiocefalia.com\/ca\/wp-json\/wp\/v2\/pages\/43303\/revisions\/43314"}],"wp:attachment":[{"href":"https:\/\/www.plagiocefalia.com\/ca\/wp-json\/wp\/v2\/media?parent=43303"}],"curies":[{"name":"wp","href":"https:\/\/api.w.org\/{rel}","templated":true}]}}