{"id":20764,"date":"2022-01-17T09:36:12","date_gmt":"2022-01-17T09:36:12","guid":{"rendered":"https:\/\/www.plagiocefalia.com\/la-plagiocefalia-en-adults\/"},"modified":"2023-03-11T14:57:37","modified_gmt":"2023-03-11T14:57:37","slug":"la-plagiocefalia-en-adults","status":"publish","type":"page","link":"https:\/\/www.plagiocefalia.com\/ca\/la-plagiocefalia-en-adults\/","title":{"rendered":"La Plagiocef\u00e0lia en adults"},"content":{"rendered":"\t\t<div data-elementor-type=\"wp-page\" data-elementor-id=\"20764\" class=\"elementor elementor-20764 elementor-19195\" data-elementor-post-type=\"page\">\n\t\t\t\t\t\t<section class=\"elementor-section elementor-top-section elementor-element elementor-element-7c2c0b8 elementor-section-boxed elementor-section-height-default elementor-section-height-default\" data-id=\"7c2c0b8\" data-element_type=\"section\" data-e-type=\"section\">\n\t\t\t\t\t\t<div class=\"elementor-container elementor-column-gap-default\">\n\t\t\t\t\t<div class=\"elementor-column elementor-col-100 elementor-top-column elementor-element elementor-element-92024d3\" data-id=\"92024d3\" data-element_type=\"column\" data-e-type=\"column\">\n\t\t\t<div class=\"elementor-widget-wrap elementor-element-populated\">\n\t\t\t\t\t\t<div class=\"elementor-element elementor-element-b825c7a elementor-widget elementor-widget-html\" data-id=\"b825c7a\" data-element_type=\"widget\" data-e-type=\"widget\" data-widget_type=\"html.default\">\n\t\t\t\t<div class=\"elementor-widget-container\">\n\t\t\t\t\t<center><h2><font color=\"#014F99\">La plagiocef\u00e0lia en adults<\/font><\/h2><\/center>\n\t\t\t\t<\/div>\n\t\t\t\t<\/div>\n\t\t\t\t\t<\/div>\n\t\t<\/div>\n\t\t\t\t\t<\/div>\n\t\t<\/section>\n\t\t\t\t<section class=\"elementor-section elementor-top-section elementor-element elementor-element-2c003770 elementor-section-boxed elementor-section-height-default elementor-section-height-default\" data-id=\"2c003770\" data-element_type=\"section\" data-e-type=\"section\">\n\t\t\t\t\t\t<div class=\"elementor-container elementor-column-gap-default\">\n\t\t\t\t\t<div class=\"elementor-column elementor-col-100 elementor-top-column elementor-element elementor-element-286cfbb0\" data-id=\"286cfbb0\" data-element_type=\"column\" data-e-type=\"column\">\n\t\t\t<div class=\"elementor-widget-wrap elementor-element-populated\">\n\t\t\t\t\t\t<div class=\"elementor-element elementor-element-2048a95e elementor-widget elementor-widget-text-editor\" data-id=\"2048a95e\" data-element_type=\"widget\" data-e-type=\"widget\" data-widget_type=\"text-editor.default\">\n\t\t\t\t<div class=\"elementor-widget-container\">\n\t\t\t\t\t\t\t\t\t<figure class=\"wp-block-image aligncenter size-large\"><img fetchpriority=\"high\" decoding=\"async\" width=\"800\" height=\"533\" class=\"wp-image-19196\" src=\"https:\/\/www.plagiocefalia.com\/wp-content\/uploads\/2019\/12\/adulto.jpg\" alt=\"la plagiocef\u00e0lia en adults\" srcset=\"https:\/\/www.plagiocefalia.com\/wp-content\/uploads\/2019\/12\/adulto.jpg 800w, https:\/\/www.plagiocefalia.com\/wp-content\/uploads\/2019\/12\/adulto-300x200.jpg 300w, https:\/\/www.plagiocefalia.com\/wp-content\/uploads\/2019\/12\/adulto-768x512.jpg 768w\" sizes=\"(max-width: 800px) 100vw, 800px\" \/><\/figure><p>La plagiocef\u00e0lia en adults \u00e9s un tema que preocupa molta gent. Una de les preguntes m\u00e9s freq\u00fcents que solem escoltar als nostres centres \u00e9s si malformacions cranials com la plagiocef\u00e0lia o la braquicef\u00e0lia tenen cura i si \u00e9s possible que la plagiocef\u00e0lia afecti adults. En general, la plagiocef\u00e0lia en adults \u00e9s el resultat de la plagiocef\u00e0lia no tractada en nadons.<\/p><p>La resposta a la primera pregunta \u00e9s afirmativa. La plagiocef\u00e0lia, aix\u00ed com moltes altres deformitats cranials, es pot prevenir si es detecta a temps i en funci\u00f3 de m\u00falitples par\u00e0metres.\u00a0<\/p><h2 style=\"text-align: center;\"><span style=\"color: #014f99; font-family: inherit; font-size: 1.75rem;\">Incid\u00e8ncia de plagiocef\u00e0lia<\/span><\/h2><p>D&#8217;acord amb Aliyah Mawji, RN, de la Societat Canadenca de Pediatria, en el seu article<a href=\"https:\/\/publications.aap.org\/pediatrics\/article-abstract\/132\/2\/298\/31413\/The-Incidence-of-Positional-Plagiocephaly-A-Cohort?redirectedFrom=fulltext?autologincheck=redirected\" target=\"_blank\" rel=\"noopener\"><b>\u201cLa incid\u00e8ncia de la plagiocef\u00e0lia posicional: un estudi de cohort<\/b><b>\u201d<\/b><\/a> publicat per\u00a0 l&#8217;<a href=\"https:\/\/www.aap.org\/?_ga=2.268483889.151101723.1655452756-485365814.1655452756\" target=\"_blank\" rel=\"noopener\"><mark class=\"has-inline-color has-vivid-cyan-blue-color\" style=\"background-color: rgba(0, 0, 0, 0);\">Academia nordamericana de Pediatria <\/mark><\/a>.<\/p><p>\u201cLa incid\u00e8ncia de plagiocef\u00e0lia en nadons de 7 a 12 setmanes <strong>s&#8217;ha estimat en un 46,6%<\/strong> . Del total de lactants amb plagiocef\u00e0lia, el 63,2% estava afectat del costat dret i el 78,3% presentava una forma lleu. \u00bb<\/p><h3 style=\"text-align: center;\"><span style=\"color: #014f99;\">Trastorn Plagiocef\u00e0lia<\/span><\/h3><p>Hem de tenir clar que la plagiocef\u00e0lia \u00e9s un trastorn que sempre ha existit. Tot i aix\u00f2, gr\u00e0cies a la investigaci\u00f3 i la tecnologia, actualment els equips m\u00e8dics s\u00f3n capa\u00e7os de detectar-la a temps i es pot tractar sense que el nad\u00f3 pateixi cap mal.<\/p><p>No obstant aix\u00f2, com ja hem dit, aix\u00f2 ha estat gr\u00e0cies a l&#8217;atenci\u00f3 i la import\u00e0ncia rebuda en les darreres d\u00e8cades la que ha ajudat a detectar i curar els <mark class=\"has-inline-color has-vivid-cyan-blue-color\" style=\"background-color: rgba(0, 0, 0, 0);\">casos<\/mark><mark class=\"has-inline-color has-vivid-cyan-blue-color\" style=\"background-color: rgba(0, 0, 0, 0);\"> de plagiocef\u00e0lia<\/mark>, per la qual cosa \u00e9s molt probable que m\u00e9s grans als que no se&#8217;ls va diagnosticar al seu dia, avui en pateixin les conseq\u00fc\u00e8ncies.<\/p><p>Qu\u00e8 passa si s&#8217;arriba a l&#8217;edat adulta amb el cap una mica m\u00e9s pla que la mitjana? Desafortunadament, la plagiocef\u00e0lia en adults \u00e9s for\u00e7a habitual.<\/p><h3 style=\"text-align: center;\"><span style=\"color: #014f99;\">Conseq\u00fc\u00e8ncies de les deformitats cranials no tractades<\/span><\/h3><p>Les principals repercussions de les deformitats cranials estan molt relacionades amb el grau de la malformaci\u00f3, poden:<\/p><ul><li>Afectar la posici\u00f3 dels ulls ocasionant estrabisme i obstrucci\u00f3 de conducte lacrimal.<\/li><\/ul><ul><li>Ocasionar alteracions de l&#8217;articulaci\u00f3 temporomandibular i la mala oclusi\u00f3 dent\u00e0ria.<\/li><\/ul><ul><li>Donar lloc a infeccions recurrents de vies respirat\u00f2ries i o\u00efda.<\/li><\/ul><p>Per\u00f2, a m\u00e9s, la simple deformaci\u00f3 del cap causa una alteraci\u00f3 est\u00e8tica que en pacients adolescents i adults pot tenir implicacions en l&#8217;autoestima que poden repercutir en les relacions socials, laborals i desenvolupament professional.<\/p><p>Cal tenir en compte que la plagiocef\u00e0lia afecta fonamentalment homes, que a m\u00e9s solen portar els cabells m\u00e9s curts o tenen alop\u00e8cia, per la qual cosa solen ser els pacients que busquen solucionar aquesta malformaci\u00f3.<\/p><p>Saber m\u00e9s sobre els <a href=\"https:\/\/www.plagiocefalia.com\/ca\/problemes-medics-si-no-es-tracten-les-deformitats-cranials\/\">problemes m\u00e8dics associats<\/a> amb deformitats cranials no tractades.<\/p><h2 style=\"text-align: center;\"><span style=\"color: #014f99;\">Tractament de plagiocef\u00e0lia en adults i nens grans<\/span><\/h2><p>A partir dels 2 anys, \u00e9s m\u00e9s dif\u00edcil solucionar qualsevol deformaci\u00f3 cranial postural amb un <a href=\"https:\/\/www.plagiocefalia.com\/ca\/tractament-amb-casc-ortopedic-doc-band\/\"><mark class=\"has-inline-color has-vivid-cyan-blue-color\" style=\"background-color: rgba(0, 0, 0, 0);\">casc ortop\u00e8dica com la DOC Band\u00ae<\/mark><\/a> de qu\u00e8 parl\u00e0vem abans, perqu\u00e8 ja no tenen efecte.<\/p><p>La cirurgia sol ser l&#8217;\u00fanica soluci\u00f3 possible per tractar la plagiocef\u00e0lia en adults, encara que l&#8217;operaci\u00f3 \u00e9s tediosa i molts metges no estan disposats a assumir aquest tipus de risc.<\/p><h3 style=\"text-align: center;\"><span style=\"color: #014f99;\">La prevenci\u00f3, el millor aliat<\/span><\/h3><p>Sempre aconsellem als pares que vagin canviant de posici\u00f3 els nadons des de ben aviat per <a href=\"https:\/\/www.plagiocefalia.com\/ca\/prevencio\/\"><mark class=\"has-inline-color has-vivid-cyan-blue-color\" style=\"background-color: rgba(0, 0, 0, 0);\">prevenir l&#8217;aparici\u00f3 de deformitats cranials<\/mark>.<\/a><\/p><p>Aix\u00f2 implica variar la posici\u00f3 en qu\u00e8 el nen juga, s&#8217;asseu o dorm per alleujar la pressi\u00f3 a la part posterior del crani.<\/p><p>El <em>reposicionament<\/em> sol tenir \u00e8xit en el tractament de casos lleus de plagiocef\u00e0lia, per\u00f2 quan \u00e9s insuficient, es recorre a la utilitzaci\u00f3 un casc per corregir-ne la deformitat.<\/p><figure class=\"wp-block-image aligncenter size-full\"><img decoding=\"async\" class=\"aligncenter wp-image-20825 size-full\" src=\"https:\/\/www.plagiocefalia.com\/wp-content\/uploads\/2022\/01\/Screenshot-2022-01-17-at-11.50.18.png\" alt=\"casc per la plagiocefalia\" width=\"823\" height=\"401\" srcset=\"https:\/\/www.plagiocefalia.com\/wp-content\/uploads\/2022\/01\/Screenshot-2022-01-17-at-11.50.18.png 823w, https:\/\/www.plagiocefalia.com\/wp-content\/uploads\/2022\/01\/Screenshot-2022-01-17-at-11.50.18-300x146.png 300w, https:\/\/www.plagiocefalia.com\/wp-content\/uploads\/2022\/01\/Screenshot-2022-01-17-at-11.50.18-768x374.png 768w\" sizes=\"(max-width: 823px) 100vw, 823px\" \/><figcaption>Casc per a plagiocef\u00e0lia DOC Band\u00ae (tractament nadons)<\/figcaption><\/figure><p>A mesura que els nadons creixen i comencen a moure&#8217;s de manera m\u00e9s independent, al voltant dels 14 mesos, els ossos del crani comencen a endurir-se i aquest m\u00e8tode tamb\u00e9 es torna inefica\u00e7.<\/p><p>En qualsevol cas, el que no hem de ser alarmar-nos en exc\u00e9s i aix\u00ed que vegem que el nostre petit o petita t\u00e9 una forma inusual del seu cap, acudir a un facultatiu.<\/p><p>Als nostres centres tractem cada any centenars de casos de <a href=\"https:\/\/www.plagiocefalia.com\/ca\/tipus-deformitats-cranials\/\"><mark class=\"has-inline-color has-vivid-cyan-blue-color\" style=\"background-color: rgba(0, 0, 0, 0);\">deformitats cranials en nadons<\/mark><\/a> amb un alt percentatge d&#8217;\u00e8xit.<\/p><p>Per a m\u00e9s informaci\u00f3 sobre ter\u00e0pies per al<mark class=\"has-inline-color has-vivid-cyan-blue-color\" style=\"background-color: rgba(0, 0, 0, 0);\"> <\/mark><a href=\"https:\/\/www.plagiocefalia.com\/ca\/tractament-amb-casc-ortopedic-doc-band\/\"><mark class=\"has-inline-color has-vivid-cyan-blue-color\" style=\"background-color: rgba(0, 0, 0, 0);\">tractament<\/mark><\/a><mark class=\"has-inline-color has-vivid-cyan-blue-color\" style=\"background-color: rgba(0, 0, 0, 0);\"> <\/mark>de la <a href=\"https:\/\/www.plagiocefalia.com\/ca\/plagiocefalia-cap-pla\/\"><mark class=\"has-inline-color has-vivid-cyan-blue-color\" style=\"background-color: rgba(0, 0, 0, 0);\">plagiocef\u00e0lia<\/mark><\/a> , la dilatada experi\u00e8ncia professional del <a href=\"https:\/\/www.plagiocefalia.com\/ca\/equip-medic\/\"><mark class=\"has-inline-color has-vivid-cyan-blue-color\" style=\"background-color: rgba(0, 0, 0, 0);\">nostre equip<\/mark><\/a> (m\u00e9s de 35 anys), o qualsevol informaci\u00f3 sobre les <a href=\"https:\/\/www.plagiocefalia.com\/ca\/tipus-deformitats-cranials\/\"><mark class=\"has-inline-color has-vivid-cyan-blue-color\" style=\"background-color: rgba(0, 0, 0, 0);\">malformacions cranials<\/mark><\/a> , no dubti en <a href=\"https:\/\/www.plagiocefalia.com\/ca\/centres-doc-band-2\/\"><mark class=\"has-inline-color has-vivid-cyan-blue-color\" style=\"background-color: rgba(0, 0, 0, 0);\">contactar amb els nostres centres<\/mark><\/a> .<\/p><p>El seg\u00fcent enlla\u00e7, presentem informaci\u00f3 sobre com <a href=\"https:\/\/www.plagiocefalia.com\/ca\/com-saber-si-el-meu-nado-te-plagiocefalia\/\"><mark class=\"has-inline-color has-vivid-cyan-blue-color\" style=\"background-color: rgba(0, 0, 0, 0);\">avaluar si el teu nad\u00f3 t\u00e9 plagiocef\u00e0lia<\/mark><\/a> , o una altra malformaci\u00f3 cranial.<\/p>\t\t\t\t\t\t\t\t<\/div>\n\t\t\t\t<\/div>\n\t\t\t\t\t<\/div>\n\t\t<\/div>\n\t\t\t\t\t<\/div>\n\t\t<\/section>\n\t\t\t\t<section class=\"elementor-section elementor-top-section elementor-element elementor-element-0371f2d elementor-section-boxed elementor-section-height-default elementor-section-height-default\" data-id=\"0371f2d\" data-element_type=\"section\" data-e-type=\"section\">\n\t\t\t\t\t\t<div class=\"elementor-container elementor-column-gap-default\">\n\t\t\t\t\t<div class=\"elementor-column elementor-col-100 elementor-top-column elementor-element elementor-element-3b9a8d0\" data-id=\"3b9a8d0\" data-element_type=\"column\" data-e-type=\"column\">\n\t\t\t<div class=\"elementor-widget-wrap elementor-element-populated\">\n\t\t\t\t\t\t<div class=\"elementor-element elementor-element-806edbc elementor-widget elementor-widget-html\" data-id=\"806edbc\" data-element_type=\"widget\" data-e-type=\"widget\" data-widget_type=\"html.default\">\n\t\t\t\t<div class=\"elementor-widget-container\">\n\t\t\t\t\t\n<h4><center><a href=\"https:\/\/www.plagiocefalia.com\/ca\/feedback-tractament-doc-band\/\"><strong><span style=\"color: #993300;\"> Feedback dels pares<\/span><\/strong><\/a><\/center><\/h4>\t\t\t\t<\/div>\n\t\t\t\t<\/div>\n\t\t\t\t\t<\/div>\n\t\t<\/div>\n\t\t\t\t\t<\/div>\n\t\t<\/section>\n\t\t\t\t<\/div>\n\t\t","protected":false},"excerpt":{"rendered":"<p>La plagiocef\u00e0lia en adults La plagiocef\u00e0lia en adults \u00e9s un tema que preocupa molta gent. Una de les preguntes m\u00e9s freq\u00fcents que solem escoltar als nostres centres \u00e9s si malformacions cranials com la plagiocef\u00e0lia o la braquicef\u00e0lia tenen cura i si \u00e9s possible que la plagiocef\u00e0lia afecti adults. En general, la plagiocef\u00e0lia en adults \u00e9s [&hellip;]<\/p>\n","protected":false},"author":1,"featured_media":19197,"parent":0,"menu_order":0,"comment_status":"open","ping_status":"open","template":"","meta":{"footnotes":""},"class_list":["post-20764","page","type-page","status-publish","has-post-thumbnail","hentry"],"_links":{"self":[{"href":"https:\/\/www.plagiocefalia.com\/ca\/wp-json\/wp\/v2\/pages\/20764","targetHints":{"allow":["GET"]}}],"collection":[{"href":"https:\/\/www.plagiocefalia.com\/ca\/wp-json\/wp\/v2\/pages"}],"about":[{"href":"https:\/\/www.plagiocefalia.com\/ca\/wp-json\/wp\/v2\/types\/page"}],"author":[{"embeddable":true,"href":"https:\/\/www.plagiocefalia.com\/ca\/wp-json\/wp\/v2\/users\/1"}],"replies":[{"embeddable":true,"href":"https:\/\/www.plagiocefalia.com\/ca\/wp-json\/wp\/v2\/comments?post=20764"}],"version-history":[{"count":16,"href":"https:\/\/www.plagiocefalia.com\/ca\/wp-json\/wp\/v2\/pages\/20764\/revisions"}],"predecessor-version":[{"id":44296,"href":"https:\/\/www.plagiocefalia.com\/ca\/wp-json\/wp\/v2\/pages\/20764\/revisions\/44296"}],"wp:featuredmedia":[{"embeddable":true,"href":"https:\/\/www.plagiocefalia.com\/ca\/wp-json\/wp\/v2\/media\/19197"}],"wp:attachment":[{"href":"https:\/\/www.plagiocefalia.com\/ca\/wp-json\/wp\/v2\/media?parent=20764"}],"curies":[{"name":"wp","href":"https:\/\/api.w.org\/{rel}","templated":true}]}}