{"id":20752,"date":"2022-01-17T09:30:29","date_gmt":"2022-01-17T09:30:29","guid":{"rendered":"https:\/\/www.plagiocefalia.com\/com-ha-de-dormir-un-nado-recent-nascut-al-bressol\/"},"modified":"2022-12-30T22:29:14","modified_gmt":"2022-12-30T22:29:14","slug":"com-ha-de-dormir-un-nado-recent-nascut-al-bressol","status":"publish","type":"page","link":"https:\/\/www.plagiocefalia.com\/ca\/com-ha-de-dormir-un-nado-recent-nascut-al-bressol\/","title":{"rendered":"Com ha de dormir un nad\u00f3 al bressol?"},"content":{"rendered":"\t\t<div data-elementor-type=\"wp-page\" data-elementor-id=\"20752\" class=\"elementor elementor-20752 elementor-19571\" data-elementor-post-type=\"page\">\n\t\t\t\t\t\t<section class=\"elementor-section elementor-top-section elementor-element elementor-element-2e44170 elementor-section-boxed elementor-section-height-default elementor-section-height-default\" data-id=\"2e44170\" data-element_type=\"section\" data-e-type=\"section\">\n\t\t\t\t\t\t<div class=\"elementor-container elementor-column-gap-default\">\n\t\t\t\t\t<div class=\"elementor-column elementor-col-100 elementor-top-column elementor-element elementor-element-60a3ec9\" data-id=\"60a3ec9\" data-element_type=\"column\" data-e-type=\"column\">\n\t\t\t<div class=\"elementor-widget-wrap elementor-element-populated\">\n\t\t\t\t\t\t<div class=\"elementor-element elementor-element-c34ce07 elementor-widget elementor-widget-html\" data-id=\"c34ce07\" data-element_type=\"widget\" data-e-type=\"widget\" data-widget_type=\"html.default\">\n\t\t\t\t<div class=\"elementor-widget-container\">\n\t\t\t\t\t<center><h2><FONT COLOR=\"#014F99\">Com ha de dormir un nad\u00f3 al bressol?<\/FONT><\/h2><\/center>\n\t\t\t\t<\/div>\n\t\t\t\t<\/div>\n\t\t\t\t\t<\/div>\n\t\t<\/div>\n\t\t\t\t\t<\/div>\n\t\t<\/section>\n\t\t\t\t<section class=\"elementor-section elementor-top-section elementor-element elementor-element-6a723d67 elementor-section-boxed elementor-section-height-default elementor-section-height-default\" data-id=\"6a723d67\" data-element_type=\"section\" data-e-type=\"section\">\n\t\t\t\t\t\t<div class=\"elementor-container elementor-column-gap-default\">\n\t\t\t\t\t<div class=\"elementor-column elementor-col-100 elementor-top-column elementor-element elementor-element-4da2ca82\" data-id=\"4da2ca82\" data-element_type=\"column\" data-e-type=\"column\">\n\t\t\t<div class=\"elementor-widget-wrap elementor-element-populated\">\n\t\t\t\t\t\t<div class=\"elementor-element elementor-element-4b7b78c6 elementor-widget elementor-widget-text-editor\" data-id=\"4b7b78c6\" data-element_type=\"widget\" data-e-type=\"widget\" data-widget_type=\"text-editor.default\">\n\t\t\t\t<div class=\"elementor-widget-container\">\n\t\t\t\t\t\t\t\t\t<p><\/p>\n<div class=\"wp-block-image\">\n<figure class=\"aligncenter size-large\"><img fetchpriority=\"high\" decoding=\"async\" class=\"alignnone wp-image-19572\" src=\"https:\/\/www.plagiocefalia.com\/wp-content\/uploads\/2020\/06\/adorable-21998_640-1.jpg\" alt=\"Com ha de dormir un nad\u00f3 al bressol\" width=\"640\" height=\"426\" srcset=\"https:\/\/www.plagiocefalia.com\/wp-content\/uploads\/2020\/06\/adorable-21998_640-1.jpg 640w, https:\/\/www.plagiocefalia.com\/wp-content\/uploads\/2020\/06\/adorable-21998_640-1-300x200.jpg 300w\" sizes=\"(max-width: 640px) 100vw, 640px\" \/><\/figure>\n<\/div>\n<p><\/p>\n<p>Com ha de dormir un nad\u00f3 al bressol \u00e9s una pregunta que ens hem fet tots alguna vegada. Fins fa relativament poc es pensava que la postura id\u00f2nia sobre la qual havia de descansar un nad\u00f3 era col\u00b7locant-ho de cap per avall. No obstant aix\u00f2, m\u00e9s tard es va comprovar que <strong>el nombre de nadons per mort sobtada augmentava<\/strong> a causa de la posici\u00f3 en qu\u00e8 dormien. Des de llavors els experts recomanen que <strong>el nad\u00f3 dormi boca-amunt i amb el cap cap a un costat.<\/strong><\/p>\n<p><\/p>\n<p>Tot i aix\u00ed sorgeix un altre inconvenient i \u00e9s que aquesta posici\u00f3 est\u00e0 afectant la forma del cap dels nens. Aquest problema es coneix com a <strong>s\u00edndrome de cap pla o <a href=\"https:\/\/www.plagiocefalia.com\/ca\/plagiocefalia-3\/\">plagiocef\u00e0lia<\/a> .<\/strong><\/p>\n<p><\/p>\n<p>Tot i que pot suposar una preocupaci\u00f3 per als pares, el cert \u00e9s que no representa cap amena\u00e7a per al desenvolupament cerebral del nad\u00f3. Tampoc no ha de suposar <strong>un problema est\u00e8tic<\/strong> ja que avui \u00e9s possible corregir el cap pla d&#8217;un nad\u00f3.<\/p>\n<p><\/p>\n<h2><span style=\"color: #014f99;\">Com es pot corregir el cap pla d&#8217;un nad\u00f3?<\/span><\/h2>\n<p><\/p>\n<p>Per evitar que la part plana del seu cap es mantingui pressionada \u00e9s recomanable <strong>canviar de posici\u00f3 al nad\u00f3 donada cert temps<\/strong> . A m\u00e9s \u00e9s important habituar al nad\u00f3 <strong>que reposi sobre la panxa materna<\/strong> . Aix\u00f2 us ajudar\u00e0 a enfortir els m\u00fasculs del vostre coll, la qual cosa us ajudar\u00e0 a moure el cap amb m\u00e9s facilitat per canviar-la de posici\u00f3 mentre dorm<\/p>\n<p><\/p>\n<p>Per corregir el cap pla del nad\u00f3 \u00e9s aconsellable alternar <strong>la posici\u00f3 en qu\u00e8 se li subjecta habitualment<\/strong> , aix\u00ed com en el moment d&#8217;alimentar-lo.<\/p>\n<p><\/p>\n<p>En cas que es tracti d&#8217;una s\u00edndrome de cap pla sever, caldr\u00e0 seguir aquestes recomanacions i complementar-les amb l&#8217;\u00fas de <strong>cascos o bandes ortop\u00e8diques cranials<\/strong> . El petit haur\u00e0 de fer-les servir el major temps possible al llarg del dia, en un per\u00edode de 2 a 6 mesos depenent del grau de malformaci\u00f3 que pateixi. Tot i que corregir el cap pla d&#8217;un nad\u00f3 \u00e9s possible, \u00e9s important <strong>observar-ne el desenvolupament i les posicions que adopta<\/strong> per prevenir la plagiocef\u00e0lia.<\/p>\n<p><\/p>\n<p>Esperem que t&#8217;hagi quedat una mica m\u00e9s clar com ha de dormir un nad\u00f3. Per a m\u00e9s informaci\u00f3, podeu posar-vos en contacte amb nosaltres.<\/p>\n<p><\/p>\n<p>\u00a0<\/p>\n<p><\/p>\t\t\t\t\t\t\t\t<\/div>\n\t\t\t\t<\/div>\n\t\t\t\t\t<\/div>\n\t\t<\/div>\n\t\t\t\t\t<\/div>\n\t\t<\/section>\n\t\t\t\t<\/div>\n\t\t","protected":false},"excerpt":{"rendered":"<p>Com ha de dormir un nad\u00f3 al bressol? Com ha de dormir un nad\u00f3 al bressol \u00e9s una pregunta que ens hem fet tots alguna vegada. Fins fa relativament poc es pensava que la postura id\u00f2nia sobre la qual havia de descansar un nad\u00f3 era col\u00b7locant-ho de cap per avall. No obstant aix\u00f2, m\u00e9s tard [&hellip;]<\/p>\n","protected":false},"author":1,"featured_media":19573,"parent":0,"menu_order":0,"comment_status":"open","ping_status":"open","template":"","meta":{"footnotes":""},"class_list":["post-20752","page","type-page","status-publish","has-post-thumbnail","hentry"],"_links":{"self":[{"href":"https:\/\/www.plagiocefalia.com\/ca\/wp-json\/wp\/v2\/pages\/20752","targetHints":{"allow":["GET"]}}],"collection":[{"href":"https:\/\/www.plagiocefalia.com\/ca\/wp-json\/wp\/v2\/pages"}],"about":[{"href":"https:\/\/www.plagiocefalia.com\/ca\/wp-json\/wp\/v2\/types\/page"}],"author":[{"embeddable":true,"href":"https:\/\/www.plagiocefalia.com\/ca\/wp-json\/wp\/v2\/users\/1"}],"replies":[{"embeddable":true,"href":"https:\/\/www.plagiocefalia.com\/ca\/wp-json\/wp\/v2\/comments?post=20752"}],"version-history":[{"count":10,"href":"https:\/\/www.plagiocefalia.com\/ca\/wp-json\/wp\/v2\/pages\/20752\/revisions"}],"predecessor-version":[{"id":43665,"href":"https:\/\/www.plagiocefalia.com\/ca\/wp-json\/wp\/v2\/pages\/20752\/revisions\/43665"}],"wp:featuredmedia":[{"embeddable":true,"href":"https:\/\/www.plagiocefalia.com\/ca\/wp-json\/wp\/v2\/media\/19573"}],"wp:attachment":[{"href":"https:\/\/www.plagiocefalia.com\/ca\/wp-json\/wp\/v2\/media?parent=20752"}],"curies":[{"name":"wp","href":"https:\/\/api.w.org\/{rel}","templated":true}]}}