{"id":18782,"date":"2019-10-24T09:59:39","date_gmt":"2019-10-24T09:59:39","guid":{"rendered":"https:\/\/www.plagiocefalia.com\/problemes-medics-si-no-es-tracten-les-deformitats-cranials\/"},"modified":"2023-04-06T08:43:23","modified_gmt":"2023-04-06T08:43:23","slug":"problemes-medics-si-no-es-tracten-les-deformitats-cranials","status":"publish","type":"page","link":"https:\/\/www.plagiocefalia.com\/ca\/problemes-medics-si-no-es-tracten-les-deformitats-cranials\/","title":{"rendered":"Problemes m\u00e8dics si no es tracten les deformitats cranials"},"content":{"rendered":"\t\t<div data-elementor-type=\"wp-post\" data-elementor-id=\"18782\" class=\"elementor elementor-18782 elementor-4917\" data-elementor-post-type=\"page\">\n\t\t\t\t\t\t<section class=\"elementor-section elementor-top-section elementor-element elementor-element-b794ee0 elementor-section-boxed elementor-section-height-default elementor-section-height-default\" data-id=\"b794ee0\" data-element_type=\"section\" data-e-type=\"section\">\n\t\t\t\t\t\t<div class=\"elementor-container elementor-column-gap-default\">\n\t\t\t\t\t<div class=\"elementor-column elementor-col-100 elementor-top-column elementor-element elementor-element-86ebea1\" data-id=\"86ebea1\" data-element_type=\"column\" data-e-type=\"column\">\n\t\t\t<div class=\"elementor-widget-wrap elementor-element-populated\">\n\t\t\t\t\t\t<div class=\"elementor-element elementor-element-3970cac elementor-widget elementor-widget-html\" data-id=\"3970cac\" data-element_type=\"widget\" data-e-type=\"widget\" data-widget_type=\"html.default\">\n\t\t\t\t<div class=\"elementor-widget-container\">\n\t\t\t\t\t<h2><center><span style=\"color: #014f99;\"> Problemes m\u00e8dics <\/span><\/center><\/h2>\n<h4><center><span style=\"color: #014f99;\"> si no es tracten les deformitats cranials <\/span><\/center><\/h4>\n\t\t\t\t<\/div>\n\t\t\t\t<\/div>\n\t\t\t\t\t<\/div>\n\t\t<\/div>\n\t\t\t\t\t<\/div>\n\t\t<\/section>\n\t\t\t\t<section class=\"elementor-section elementor-top-section elementor-element elementor-element-e15e2ef elementor-section-boxed elementor-section-height-default elementor-section-height-default\" data-id=\"e15e2ef\" data-element_type=\"section\" data-e-type=\"section\">\n\t\t\t\t\t\t<div class=\"elementor-container elementor-column-gap-default\">\n\t\t\t\t\t<div class=\"elementor-column elementor-col-50 elementor-top-column elementor-element elementor-element-588773e\" data-id=\"588773e\" data-element_type=\"column\" data-e-type=\"column\">\n\t\t\t<div class=\"elementor-widget-wrap elementor-element-populated\">\n\t\t\t\t\t\t<div class=\"elementor-element elementor-element-5ab5daa elementor-widget elementor-widget-accordion\" data-id=\"5ab5daa\" data-element_type=\"widget\" data-e-type=\"widget\" data-widget_type=\"accordion.default\">\n\t\t\t\t<div class=\"elementor-widget-container\">\n\t\t\t\t\t\t\t<div class=\"elementor-accordion\">\n\t\t\t\t\t\t\t<div class=\"elementor-accordion-item\">\n\t\t\t\t\t<div id=\"elementor-tab-title-9511\" class=\"elementor-tab-title\" data-tab=\"1\" role=\"button\" aria-controls=\"elementor-tab-content-9511\" aria-expanded=\"false\">\n\t\t\t\t\t\t\t\t\t\t\t\t\t<span class=\"elementor-accordion-icon elementor-accordion-icon-left\" aria-hidden=\"true\">\n\t\t\t\t\t\t\t\t\t\t\t\t\t\t\t<span class=\"elementor-accordion-icon-closed\"><i class=\"fas fa-arrow-right\"><\/i><\/span>\n\t\t\t\t\t\t\t\t<span class=\"elementor-accordion-icon-opened\"><i class=\"fas fa-chevron-down\"><\/i><\/span>\n\t\t\t\t\t\t\t\t\t\t\t\t\t\t<\/span>\n\t\t\t\t\t\t\t\t\t\t\t\t<a class=\"elementor-accordion-title\" tabindex=\"0\">Problemes f\u00edsics<\/a>\n\t\t\t\t\t<\/div>\n\t\t\t\t\t<div id=\"elementor-tab-content-9511\" class=\"elementor-tab-content elementor-clearfix\" data-tab=\"1\" role=\"region\" aria-labelledby=\"elementor-tab-title-9511\"><ul>\n \t<li>Tota persona t\u00e9 dret a la seva pr\u00f2pia imatge, sim\u00e8trica i proporcionada.<\/li>\n \t<li>La repercussi\u00f3 morfol\u00f2gica \u00e9s de vegades molt severa, en alguns casos pitjor que en les craneosinostosis simples i complexes, fet que produir\u00e0 sens dubte problemes psicol\u00f2gics ja a la primera inf\u00e0ncia ia l&#8217;adolesc\u00e8ncia.<\/li>\n \t<li>La repercussi\u00f3 funcional en els casos no tractats pot esdevenir important.<\/li>\n<\/ul><\/div>\n\t\t\t\t<\/div>\n\t\t\t\t\t\t\t<div class=\"elementor-accordion-item\">\n\t\t\t\t\t<div id=\"elementor-tab-title-9512\" class=\"elementor-tab-title\" data-tab=\"2\" role=\"button\" aria-controls=\"elementor-tab-content-9512\" aria-expanded=\"false\">\n\t\t\t\t\t\t\t\t\t\t\t\t\t<span class=\"elementor-accordion-icon elementor-accordion-icon-left\" aria-hidden=\"true\">\n\t\t\t\t\t\t\t\t\t\t\t\t\t\t\t<span class=\"elementor-accordion-icon-closed\"><i class=\"fas fa-arrow-right\"><\/i><\/span>\n\t\t\t\t\t\t\t\t<span class=\"elementor-accordion-icon-opened\"><i class=\"fas fa-chevron-down\"><\/i><\/span>\n\t\t\t\t\t\t\t\t\t\t\t\t\t\t<\/span>\n\t\t\t\t\t\t\t\t\t\t\t\t<a class=\"elementor-accordion-title\" tabindex=\"0\">Problemes neurol\u00f2gics funcionals<\/a>\n\t\t\t\t\t<\/div>\n\t\t\t\t\t<div id=\"elementor-tab-content-9512\" class=\"elementor-tab-content elementor-clearfix\" data-tab=\"2\" role=\"region\" aria-labelledby=\"elementor-tab-title-9512\"><p>Miller i Clarren van publicar que el 39,8% de les plagiocef\u00e0lies no tractades produeixen retard maduratiu neurol\u00f2gic. Kordestani i col\u00b7laboradors (2006) estudien 110 pacients afectes de plagiocef\u00e0lia no tractada i troben que: el 19% tenen retards psicomotors mitjans, el 7% retards psicomotors importants, el 7% retards cognitius mitjans i el 3% retards cognitius importants. Els nostres professionals estan fent estudis prospectius en els nens tractats per determinar el grau d&#8217;afectaci\u00f3 funcional per edats, sexes, tipus de deformitats i severitat dels mateixos.<\/p><ul><li>2000: <a href=\"https:\/\/publications.aap.org\/pediatrics\/article-abstract\/105\/2\/e26\/62544\/Long-Term-Developmental-Outcomes-in-Patients-With?redirectedFrom=fulltext\" target=\"_blank\" rel=\"noopener\">Miller i Clarren<\/a>.<\/li><li>2001: <a href=\"https:\/\/www.ncbi.nlm.nih.gov\/pubmed\/11711916?dopt=Abstract\" target=\"_blank\" rel=\"noopener\">Panchal<\/a><\/li><li>2006: <a href=\"https:\/\/pubmed.ncbi.nlm.nih.gov\/16404269\/\" target=\"_blank\" rel=\"noopener\">Kordestani<\/a><\/li><li>2008: <a href=\"http:\/\/jcn.sagepub.com\/cgi\/content\/abstract\/23\/7\/742\" target=\"_blank\" rel=\"noopener\">Fowler<\/a><\/li><li>2010: <a href=\"https:\/\/www.ncbi.nlm.nih.gov\/pmc\/articles\/PMC3392083\/\" target=\"_blank\" rel=\"noopener\">Speltz<\/a><\/li><li>2017: <a href=\"https:\/\/pubmed.ncbi.nlm.nih.gov\/28009719\/\" target=\"_blank\" rel=\"noopener\">Martiniuk<\/a><\/li><li>2020: <a href=\"https:\/\/www.mdpi.com\/2071-1050\/12\/5\/1949\" target=\"_blank\" rel=\"noopener\">2020 Gonz\u00e1lez-Santos<\/a><\/li><\/ul><\/div>\n\t\t\t\t<\/div>\n\t\t\t\t\t\t\t<div class=\"elementor-accordion-item\">\n\t\t\t\t\t<div id=\"elementor-tab-title-9513\" class=\"elementor-tab-title\" data-tab=\"3\" role=\"button\" aria-controls=\"elementor-tab-content-9513\" aria-expanded=\"false\">\n\t\t\t\t\t\t\t\t\t\t\t\t\t<span class=\"elementor-accordion-icon elementor-accordion-icon-left\" aria-hidden=\"true\">\n\t\t\t\t\t\t\t\t\t\t\t\t\t\t\t<span class=\"elementor-accordion-icon-closed\"><i class=\"fas fa-arrow-right\"><\/i><\/span>\n\t\t\t\t\t\t\t\t<span class=\"elementor-accordion-icon-opened\"><i class=\"fas fa-chevron-down\"><\/i><\/span>\n\t\t\t\t\t\t\t\t\t\t\t\t\t\t<\/span>\n\t\t\t\t\t\t\t\t\t\t\t\t<a class=\"elementor-accordion-title\" tabindex=\"0\">Problemes de Parla<\/a>\n\t\t\t\t\t<\/div>\n\t\t\t\t\t<div id=\"elementor-tab-content-9513\" class=\"elementor-tab-content elementor-clearfix\" data-tab=\"3\" role=\"region\" aria-labelledby=\"elementor-tab-title-9513\"><p>Veure l&#8217;article del 2012: <a href=\"https:\/\/pubmed.ncbi.nlm.nih.gov\/22083136\/\" target=\"_blank\" rel=\"noopener\">Korpilahti<\/a><\/p><\/div>\n\t\t\t\t<\/div>\n\t\t\t\t\t\t\t<div class=\"elementor-accordion-item\">\n\t\t\t\t\t<div id=\"elementor-tab-title-9514\" class=\"elementor-tab-title\" data-tab=\"4\" role=\"button\" aria-controls=\"elementor-tab-content-9514\" aria-expanded=\"false\">\n\t\t\t\t\t\t\t\t\t\t\t\t\t<span class=\"elementor-accordion-icon elementor-accordion-icon-left\" aria-hidden=\"true\">\n\t\t\t\t\t\t\t\t\t\t\t\t\t\t\t<span class=\"elementor-accordion-icon-closed\"><i class=\"fas fa-arrow-right\"><\/i><\/span>\n\t\t\t\t\t\t\t\t<span class=\"elementor-accordion-icon-opened\"><i class=\"fas fa-chevron-down\"><\/i><\/span>\n\t\t\t\t\t\t\t\t\t\t\t\t\t\t<\/span>\n\t\t\t\t\t\t\t\t\t\t\t\t<a class=\"elementor-accordion-title\" tabindex=\"0\">Torticoli muscular cong\u00e8nita (TMC)<\/a>\n\t\t\t\t\t<\/div>\n\t\t\t\t\t<div id=\"elementor-tab-content-9514\" class=\"elementor-tab-content elementor-clearfix\" data-tab=\"4\" role=\"region\" aria-labelledby=\"elementor-tab-title-9514\"><p>Un percentatge alt\u00edssim de plagiocef\u00e0lies la presenten. Moltes vegades passa desapercebuda. El pla dels ulls i l&#8217;al\u00e7ada de les dues orelles desviades de l&#8217;horitzontal, la dificultat de girar cap a un costat, la prefer\u00e8ncia a dormir sempre del mateix costat ens han de fer sospitar quan un lactant t\u00e9 una TMC. Si mirant el seu fill\/a des del darrere observa un plec com el de la foto, llavors gaireb\u00e9 segur que t\u00e9 una torticoli.<\/p><p><strong>\u00c9s important tractar-la aviat, di\u00e0riament i durant tot el temps necessari.<\/strong><\/p><p>Les seq\u00fceles de les TMC no tractades o no resoltes s\u00f3n molt greus perqu\u00e8 a la deformitat pr\u00f2pia del crani produ\u00efda per la plagiocef\u00e0lia cal afegir-hi la deformitat facial provocada per la desviaci\u00f3 del coll.<\/p><ul><li>2004 : <a href=\"https:\/\/pubmed.ncbi.nlm.nih.gov\/14707619\/\" target=\"_blank\" rel=\"noopener\">Yu<\/a> <\/li><li><a href=\"https:\/\/www.plagiocefalia.com\/wp-content\/uploads\/2019\/07\/tmc.jpg\" target=\"_blank\" rel=\"noopener\">Veure imatge de nad\u00f3 amb TMC<\/a><\/li><\/ul><\/div>\n\t\t\t\t<\/div>\n\t\t\t\t\t\t\t<div class=\"elementor-accordion-item\">\n\t\t\t\t\t<div id=\"elementor-tab-title-9515\" class=\"elementor-tab-title\" data-tab=\"5\" role=\"button\" aria-controls=\"elementor-tab-content-9515\" aria-expanded=\"false\">\n\t\t\t\t\t\t\t\t\t\t\t\t\t<span class=\"elementor-accordion-icon elementor-accordion-icon-left\" aria-hidden=\"true\">\n\t\t\t\t\t\t\t\t\t\t\t\t\t\t\t<span class=\"elementor-accordion-icon-closed\"><i class=\"fas fa-arrow-right\"><\/i><\/span>\n\t\t\t\t\t\t\t\t<span class=\"elementor-accordion-icon-opened\"><i class=\"fas fa-chevron-down\"><\/i><\/span>\n\t\t\t\t\t\t\t\t\t\t\t\t\t\t<\/span>\n\t\t\t\t\t\t\t\t\t\t\t\t<a class=\"elementor-accordion-title\" tabindex=\"0\">Problemes auditius<\/a>\n\t\t\t\t\t<\/div>\n\t\t\t\t\t<div id=\"elementor-tab-content-9515\" class=\"elementor-tab-content elementor-clearfix\" data-tab=\"5\" role=\"region\" aria-labelledby=\"elementor-tab-title-9515\"><p>Hi ha un sol article que parli d&#8217;alteracions dels potencials auditius evocats a la plagiocef\u00e0lia. Manca m\u00e9s investigaci\u00f3 per determinar la import\u00e0ncia cl\u00ednica d&#8217;aquest estudi.<\/p><ul><li>2002 : <a href=\"https:\/\/www.ncbi.nlm.nih.gov\/pubmed\/12140415?dopt=Abstract\" target=\"_blank\" rel=\"noopener\">Balan<\/a> <\/li><\/ul><\/div>\n\t\t\t\t<\/div>\n\t\t\t\t\t\t\t<div class=\"elementor-accordion-item\">\n\t\t\t\t\t<div id=\"elementor-tab-title-9516\" class=\"elementor-tab-title\" data-tab=\"6\" role=\"button\" aria-controls=\"elementor-tab-content-9516\" aria-expanded=\"false\">\n\t\t\t\t\t\t\t\t\t\t\t\t\t<span class=\"elementor-accordion-icon elementor-accordion-icon-left\" aria-hidden=\"true\">\n\t\t\t\t\t\t\t\t\t\t\t\t\t\t\t<span class=\"elementor-accordion-icon-closed\"><i class=\"fas fa-arrow-right\"><\/i><\/span>\n\t\t\t\t\t\t\t\t<span class=\"elementor-accordion-icon-opened\"><i class=\"fas fa-chevron-down\"><\/i><\/span>\n\t\t\t\t\t\t\t\t\t\t\t\t\t\t<\/span>\n\t\t\t\t\t\t\t\t\t\t\t\t<a class=\"elementor-accordion-title\" tabindex=\"0\">Problemes visuals<\/a>\n\t\t\t\t\t<\/div>\n\t\t\t\t\t<div id=\"elementor-tab-content-9516\" class=\"elementor-tab-content elementor-clearfix\" data-tab=\"6\" role=\"region\" aria-labelledby=\"elementor-tab-title-9516\"><p>Hi ha dos articles que troben defectes visuals als pacients afectes de plagiocef\u00e0lia.<\/p><ul><li>2005 : <a href=\"https:\/\/pubmed.ncbi.nlm.nih.gov\/15956949\/\" target=\"_blank\" rel=\"noopener\">Siatkowski<\/a><\/li><li>2003 : <a href=\"https:\/\/www.ncbi.nlm.nih.gov\/pubmed\/12867869?dopt=Abstract\" target=\"_blank\" rel=\"noopener\">Gupta<\/a> <\/li><\/ul><\/div>\n\t\t\t\t<\/div>\n\t\t\t\t\t\t\t\t\t\t<script type=\"application\/ld+json\">{\"@context\":\"https:\\\/\\\/schema.org\",\"@type\":\"FAQPage\",\"mainEntity\":[{\"@type\":\"Question\",\"name\":\"Problemes f\\u00edsics\",\"acceptedAnswer\":{\"@type\":\"Answer\",\"text\":\"<ul>\\n \\t<li>Tota persona t\\u00e9 dret a la seva pr\\u00f2pia imatge, sim\\u00e8trica i proporcionada.<\\\/li>\\n \\t<li>La repercussi\\u00f3 morfol\\u00f2gica \\u00e9s de vegades molt severa, en alguns casos pitjor que en les craneosinostosis simples i complexes, fet que produir\\u00e0 sens dubte problemes psicol\\u00f2gics ja a la primera inf\\u00e0ncia ia l&#8217;adolesc\\u00e8ncia.<\\\/li>\\n \\t<li>La repercussi\\u00f3 funcional en els casos no tractats pot esdevenir important.<\\\/li>\\n<\\\/ul>\"}},{\"@type\":\"Question\",\"name\":\"Problemes neurol\\u00f2gics funcionals\",\"acceptedAnswer\":{\"@type\":\"Answer\",\"text\":\"<p>Miller i Clarren van publicar que el 39,8% de les plagiocef\\u00e0lies no tractades produeixen retard maduratiu neurol\\u00f2gic. Kordestani i col\\u00b7laboradors (2006) estudien 110 pacients afectes de plagiocef\\u00e0lia no tractada i troben que: el 19% tenen retards psicomotors mitjans, el 7% retards psicomotors importants, el 7% retards cognitius mitjans i el 3% retards cognitius importants. Els nostres professionals estan fent estudis prospectius en els nens tractats per determinar el grau d&#8217;afectaci\\u00f3 funcional per edats, sexes, tipus de deformitats i severitat dels mateixos.<\\\/p><ul><li>2000: <a href=\\\"https:\\\/\\\/publications.aap.org\\\/pediatrics\\\/article-abstract\\\/105\\\/2\\\/e26\\\/62544\\\/Long-Term-Developmental-Outcomes-in-Patients-With?redirectedFrom=fulltext\\\" target=\\\"_blank\\\" rel=\\\"noopener\\\">Miller i Clarren<\\\/a>.<\\\/li><li>2001: <a href=\\\"https:\\\/\\\/www.ncbi.nlm.nih.gov\\\/pubmed\\\/11711916?dopt=Abstract\\\" target=\\\"_blank\\\" rel=\\\"noopener\\\">Panchal<\\\/a><\\\/li><li>2006: <a href=\\\"https:\\\/\\\/pubmed.ncbi.nlm.nih.gov\\\/16404269\\\/\\\" target=\\\"_blank\\\" rel=\\\"noopener\\\">Kordestani<\\\/a><\\\/li><li>2008: <a href=\\\"http:\\\/\\\/jcn.sagepub.com\\\/cgi\\\/content\\\/abstract\\\/23\\\/7\\\/742\\\" target=\\\"_blank\\\" rel=\\\"noopener\\\">Fowler<\\\/a><\\\/li><li>2010: <a href=\\\"https:\\\/\\\/www.ncbi.nlm.nih.gov\\\/pmc\\\/articles\\\/PMC3392083\\\/\\\" target=\\\"_blank\\\" rel=\\\"noopener\\\">Speltz<\\\/a><\\\/li><li>2017: <a href=\\\"https:\\\/\\\/pubmed.ncbi.nlm.nih.gov\\\/28009719\\\/\\\">Martiniuk<\\\/a><\\\/li><li>2020: <a href=\\\"https:\\\/\\\/www.mdpi.com\\\/2071-1050\\\/12\\\/5\\\/1949\\\">2020 Gonz\\u00e1lez-Santos<\\\/a><\\\/li><\\\/ul>\"}},{\"@type\":\"Question\",\"name\":\"Problemes de Parla\",\"acceptedAnswer\":{\"@type\":\"Answer\",\"text\":\"<p>Veure l&#8217;article del 2012: <a href=\\\"https:\\\/\\\/pubmed.ncbi.nlm.nih.gov\\\/22083136\\\/\\\" target=\\\"_blank\\\" rel=\\\"noopener\\\">Korpilahti<\\\/a><\\\/p>\"}},{\"@type\":\"Question\",\"name\":\"Torticoli muscular cong\\u00e8nita (TMC)\",\"acceptedAnswer\":{\"@type\":\"Answer\",\"text\":\"<p>Un percentatge alt\\u00edssim de plagiocef\\u00e0lies la presenten. Moltes vegades passa desapercebuda. El pla dels ulls i l&#8217;al\\u00e7ada de les dues orelles desviades de l&#8217;horitzontal, la dificultat de girar cap a un costat, la prefer\\u00e8ncia a dormir sempre del mateix costat ens han de fer sospitar quan un lactant t\\u00e9 una TMC. Si mirant el seu fill\\\/a des del darrere observa un plec com el de la foto, llavors gaireb\\u00e9 segur que t\\u00e9 una torticoli.<\\\/p><p><strong>\\u00c9s important tractar-la aviat, di\\u00e0riament i durant tot el temps necessari.<\\\/strong><\\\/p><p>Les seq\\u00fceles de les TMC no tractades o no resoltes s\\u00f3n molt greus perqu\\u00e8 a la deformitat pr\\u00f2pia del crani produ\\u00efda per la plagiocef\\u00e0lia cal afegir-hi la deformitat facial provocada per la desviaci\\u00f3 del coll.<\\\/p><ul><li>2004 : <a href=\\\"https:\\\/\\\/pubmed.ncbi.nlm.nih.gov\\\/14707619\\\/\\\" target=\\\"_blank\\\" rel=\\\"noopener\\\">Yu<\\\/a> <\\\/li><li><a href=\\\"https:\\\/\\\/www.plagiocefalia.com\\\/wp-content\\\/uploads\\\/2019\\\/07\\\/tmc.jpg\\\" target=\\\"_blank\\\" rel=\\\"noopener\\\">Veure imatge de nad\\u00f3 amb TMC<\\\/a><\\\/li><\\\/ul>\"}},{\"@type\":\"Question\",\"name\":\"Problemes auditius\",\"acceptedAnswer\":{\"@type\":\"Answer\",\"text\":\"<p>Hi ha un sol article que parli d&#8217;alteracions dels potencials auditius evocats a la plagiocef\\u00e0lia. Manca m\\u00e9s investigaci\\u00f3 per determinar la import\\u00e0ncia cl\\u00ednica d&#8217;aquest estudi.<\\\/p><ul><li>2002 : <a href=\\\"https:\\\/\\\/www.ncbi.nlm.nih.gov\\\/pubmed\\\/12140415?dopt=Abstract\\\" target=\\\"_blank\\\" rel=\\\"noopener\\\">Balan<\\\/a> <\\\/li><\\\/ul>\"}},{\"@type\":\"Question\",\"name\":\"Problemes visuals\",\"acceptedAnswer\":{\"@type\":\"Answer\",\"text\":\"<p>Hi ha dos articles que troben defectes visuals als pacients afectes de plagiocef\\u00e0lia.<\\\/p><ul><li>2005 : <a href=\\\"https:\\\/\\\/pubmed.ncbi.nlm.nih.gov\\\/15956949\\\/\\\">Siatkowski<\\\/a><\\\/li><li>2003 : <a href=\\\"https:\\\/\\\/www.ncbi.nlm.nih.gov\\\/pubmed\\\/12867869?dopt=Abstract\\\" target=\\\"_blank\\\" rel=\\\"noopener\\\">Gupta<\\\/a> <\\\/li><\\\/ul>\"}}]}<\/script>\n\t\t\t\t\t<\/div>\n\t\t\t\t\t\t<\/div>\n\t\t\t\t<\/div>\n\t\t\t\t\t<\/div>\n\t\t<\/div>\n\t\t\t\t<div class=\"elementor-column elementor-col-50 elementor-top-column elementor-element elementor-element-c18d55a\" data-id=\"c18d55a\" data-element_type=\"column\" data-e-type=\"column\">\n\t\t\t<div class=\"elementor-widget-wrap elementor-element-populated\">\n\t\t\t\t\t\t<div class=\"elementor-element elementor-element-bc77f89 elementor-widget elementor-widget-image\" data-id=\"bc77f89\" data-element_type=\"widget\" data-e-type=\"widget\" data-widget_type=\"image.default\">\n\t\t\t\t<div class=\"elementor-widget-container\">\n\t\t\t\t\t\t\t\t\t\t\t\t\t\t\t\t<a href=\"https:\/\/www.plagiocefalia.com\/ca\/casc-per-a-la-plagiocefalia-doc-band\/\">\n\t\t\t\t\t\t\t<img decoding=\"async\" src=\"https:\/\/www.plagiocefalia.com\/wp-content\/uploads\/2018\/09\/kid.jpg\" title=\"\" alt=\"problemes m\u00e8dics deformitats cranials\" loading=\"lazy\" \/>\t\t\t\t\t\t\t\t<\/a>\n\t\t\t\t\t\t\t\t\t\t\t\t\t\t\t<\/div>\n\t\t\t\t<\/div>\n\t\t\t\t\t<\/div>\n\t\t<\/div>\n\t\t\t\t\t<\/div>\n\t\t<\/section>\n\t\t\t\t<\/div>\n\t\t","protected":false},"excerpt":{"rendered":"<p>Problemes m\u00e8dics si no es tracten les deformitats cranials Problemes f\u00edsics Tota persona t\u00e9 dret a la seva pr\u00f2pia imatge, sim\u00e8trica i proporcionada. La repercussi\u00f3 morfol\u00f2gica \u00e9s de vegades molt severa, en alguns casos pitjor que en les craneosinostosis simples i complexes, fet que produir\u00e0 sens dubte problemes psicol\u00f2gics ja a la primera inf\u00e0ncia ia [&hellip;]<\/p>\n","protected":false},"author":1,"featured_media":0,"parent":0,"menu_order":0,"comment_status":"closed","ping_status":"closed","template":"elementor_header_footer","meta":{"footnotes":""},"class_list":["post-18782","page","type-page","status-publish","hentry"],"_links":{"self":[{"href":"https:\/\/www.plagiocefalia.com\/ca\/wp-json\/wp\/v2\/pages\/18782","targetHints":{"allow":["GET"]}}],"collection":[{"href":"https:\/\/www.plagiocefalia.com\/ca\/wp-json\/wp\/v2\/pages"}],"about":[{"href":"https:\/\/www.plagiocefalia.com\/ca\/wp-json\/wp\/v2\/types\/page"}],"author":[{"embeddable":true,"href":"https:\/\/www.plagiocefalia.com\/ca\/wp-json\/wp\/v2\/users\/1"}],"replies":[{"embeddable":true,"href":"https:\/\/www.plagiocefalia.com\/ca\/wp-json\/wp\/v2\/comments?post=18782"}],"version-history":[{"count":30,"href":"https:\/\/www.plagiocefalia.com\/ca\/wp-json\/wp\/v2\/pages\/18782\/revisions"}],"predecessor-version":[{"id":45867,"href":"https:\/\/www.plagiocefalia.com\/ca\/wp-json\/wp\/v2\/pages\/18782\/revisions\/45867"}],"wp:attachment":[{"href":"https:\/\/www.plagiocefalia.com\/ca\/wp-json\/wp\/v2\/media?parent=18782"}],"curies":[{"name":"wp","href":"https:\/\/api.w.org\/{rel}","templated":true}]}}